{"id":139524,"date":"2025-01-04T11:00:05","date_gmt":"2025-01-04T11:00:05","guid":{"rendered":"https:\/\/nbg.eu\/product\/area-419-improved-bipod-picatinny-rail-ibr\/"},"modified":"2026-05-16T22:04:16","modified_gmt":"2026-05-16T19:04:16","slug":"area-419-poboljsana-picatinny-sina-za-dvonozac-ibr","status":"publish","type":"product","link":"https:\/\/nbg.eu\/hr\/proizvod\/area-419-poboljsana-picatinny-sina-za-dvonozac-ibr\/","title":{"rendered":"Area 419 &#8211; pobolj\u0161ana Picatinny \u0161ina za dvono\u017eac (IBR)"},"content":{"rendered":"<div class=\"product-description\">\n<h2>Area 419 &#8211; Pobolj\u0161ana bipodna Picatinny \u0161ina (IBR)<\/h2>\n<p>Area 419 IBR je \u0161ina du\u017eine 12,2 cm s 10 utora. Te\u017ei 30,9 grama.<\/p>\n<ul>\n<li>Precizno izra\u0111ena sa zaobljenim kutovima i zako\u0161enim rubovima<\/li>\n<li>Prilago\u0111ava se razmaku otvora za vijke od 3,8 cm do 8,8 cm<\/li>\n<li>Puni utor za Larue stil bipodnih nosa\u010da<\/li>\n<li>Svi utori su upotrebljivi bez obzira na polo\u017eaj vijaka<\/li>\n<li>Izra\u0111ena od 7075-T651 aluminija<\/li>\n<li>Proizvedeno u SAD-u od materijala ameri\u010dkog porijekla<\/li>\n<li>Uklju\u010duje opremu za monta\u017eu<\/li>\n<\/ul>\n<p>Area 419 IBR.<\/p>\n<\/div>\n","protected":false},"excerpt":{"rendered":"<p>IBR tvrtke Area 419: Lagana, izdr\u017eljiva dvono\u017ena \u0161ina s 10 utora.<\/p>\n","protected":false},"featured_media":118168,"template":"","meta":{"_acf_changed":false},"product_brand":[11030],"product_cat":[16208,13548,15790,13569],"product_tag":[],"class_list":{"0":"post-139524","1":"product","2":"type-product","3":"status-publish","4":"has-post-thumbnail","6":"product_brand-area-419","7":"product_cat-bipod-mounts-hr","8":"product_cat-dvonosci","9":"product_cat-picatinny-rails-hr","10":"product_cat-puska","12":"first","13":"instock","14":"sale","15":"taxable","16":"shipping-taxable","17":"purchasable","18":"product-type-variable","19":"wvs-archive-product-wrapper"},"acf":[],"_links":{"self":[{"href":"https:\/\/nbg.eu\/hr\/wp-json\/wp\/v2\/product\/139524","targetHints":{"allow":["GET"]}}],"collection":[{"href":"https:\/\/nbg.eu\/hr\/wp-json\/wp\/v2\/product"}],"about":[{"href":"https:\/\/nbg.eu\/hr\/wp-json\/wp\/v2\/types\/product"}],"wp:featuredmedia":[{"embeddable":true,"href":"https:\/\/nbg.eu\/hr\/wp-json\/wp\/v2\/media\/118168"}],"wp:attachment":[{"href":"https:\/\/nbg.eu\/hr\/wp-json\/wp\/v2\/media?parent=139524"}],"wp:term":[{"taxonomy":"product_brand","embeddable":true,"href":"https:\/\/nbg.eu\/hr\/wp-json\/wp\/v2\/product_brand?post=139524"},{"taxonomy":"product_cat","embeddable":true,"href":"https:\/\/nbg.eu\/hr\/wp-json\/wp\/v2\/product_cat?post=139524"},{"taxonomy":"product_tag","embeddable":true,"href":"https:\/\/nbg.eu\/hr\/wp-json\/wp\/v2\/product_tag?post=139524"}],"curies":[{"name":"wp","href":"https:\/\/api.w.org\/{rel}","templated":true}]}}