{"id":175089,"date":"2024-11-01T09:36:38","date_gmt":"2024-11-01T06:36:38","guid":{"rendered":"https:\/\/nbg.eu\/product\/ipsc-cardboard-targets\/"},"modified":"2026-01-21T11:43:10","modified_gmt":"2026-01-21T08:43:10","slug":"ipsc-cardboard-targets","status":"publish","type":"product","link":"https:\/\/nbg.eu\/hr\/proizvod\/ipsc-cardboard-targets\/","title":{"rendered":"IPSC Cardboard Targets"},"content":{"rendered":"<div class=\"product-description\">\n<h2>IPSC kartonske mete<\/h2>\n<p>Licencirane od strane USPSA i IPSC (#CT-303), kartonske mete za prakti\u010dno strelja\u0161tvo. Imaju perforirane linije za bodovanje za to\u010dno ocjenjivanje, dimenzija 58 cm visine x 46 cm \u0161irine.<\/p>\n<ul>\n<li>Karton od 200 lb s okomitim &#8220;B&#8221; \u017eljebovima<\/li>\n<li>Prednja strana be\u017e \/ stra\u017enja strana bijela<\/li>\n<li>Vodootporni dodatak sprje\u010dava savijanje i raslojavanje<\/li>\n<li>Kemijski tretman ne utje\u010de na ljepljenje naljepnica za bodovanje<\/li>\n<\/ul>\n<p>Ove mete omogu\u0107uju brzo i to\u010dno bodovanje. Vodootporni dodatak odr\u017eava integritet mete u vla\u017enim uvjetima bez utjecaja na ljepljenje naljepnica. Dostupna je isporuka u kutijama za narud\u017ebe od 100+ komada kako bi se osiguralo neo\u0161te\u0107eno stanje pri dolasku.<\/p>\n<\/div>\n","protected":false},"excerpt":{"rendered":"<p>Evo prijevoda na hrvatski:<\/p>\n<p>Slu\u017ebene USPSA mete: perforirane, vodootporne, precizne.<\/p>\n","protected":false},"featured_media":75253,"template":"","meta":{"_acf_changed":false},"product_brand":[11260],"product_cat":[13525,13577,13504],"product_tag":[],"class_list":{"0":"post-175089","1":"product","2":"type-product","3":"status-publish","4":"has-post-thumbnail","6":"product_brand-doublealpha","7":"product_cat-mete","8":"product_cat-oprema","9":"product_cat-papirne-mete","11":"first","12":"outofstock","13":"taxable","14":"shipping-taxable","15":"purchasable","16":"product-type-simple"},"acf":[],"_links":{"self":[{"href":"https:\/\/nbg.eu\/hr\/wp-json\/wp\/v2\/product\/175089","targetHints":{"allow":["GET"]}}],"collection":[{"href":"https:\/\/nbg.eu\/hr\/wp-json\/wp\/v2\/product"}],"about":[{"href":"https:\/\/nbg.eu\/hr\/wp-json\/wp\/v2\/types\/product"}],"wp:featuredmedia":[{"embeddable":true,"href":"https:\/\/nbg.eu\/hr\/wp-json\/wp\/v2\/media\/75253"}],"wp:attachment":[{"href":"https:\/\/nbg.eu\/hr\/wp-json\/wp\/v2\/media?parent=175089"}],"wp:term":[{"taxonomy":"product_brand","embeddable":true,"href":"https:\/\/nbg.eu\/hr\/wp-json\/wp\/v2\/product_brand?post=175089"},{"taxonomy":"product_cat","embeddable":true,"href":"https:\/\/nbg.eu\/hr\/wp-json\/wp\/v2\/product_cat?post=175089"},{"taxonomy":"product_tag","embeddable":true,"href":"https:\/\/nbg.eu\/hr\/wp-json\/wp\/v2\/product_tag?post=175089"}],"curies":[{"name":"wp","href":"https:\/\/api.w.org\/{rel}","templated":true}]}}