{"id":176841,"date":"2024-11-01T10:30:55","date_gmt":"2024-11-01T07:30:55","guid":{"rendered":"https:\/\/nbg.eu\/product\/ipsc-mini-cardboard-targets\/"},"modified":"2026-01-21T12:16:48","modified_gmt":"2026-01-21T09:16:48","slug":"ipsc-mini-cardboard-targets","status":"publish","type":"product","link":"https:\/\/nbg.eu\/hr\/proizvod\/ipsc-mini-cardboard-targets\/","title":{"rendered":"IPSC Mini Cardboard Targets"},"content":{"rendered":"<div class=\"product-description\">\n<h2>IPSC mini kartonske mete &#8211; pakiranje od 100 komada<\/h2>\n<p>Vje\u017ebajte ga\u0111anje s na\u0161im minijaturnim 2\/3 (60% veli\u010dine) IPSC kartonskim metama. Svako pakiranje sadr\u017ei 100 komada, pogodno za du\u017ee sesije treninga.<\/p>\n<ul>\n<li>Jasno ozna\u010dene linije za bodovanje<\/li>\n<li>\u010cvrsta valovita struktura za pove\u0107anu izdr\u017eljivost<\/li>\n<li>Bijela stra\u017enja strana za kori\u0161tenje kao tvrdi zaklon ili mete za ne-pucanje<\/li>\n<li>Pogodno za simuliranje ve\u0107ih udaljenosti na ograni\u010denom prostoru streli\u0161ta<\/li>\n<li>Prikladno za Airsoft trening na kra\u0107im udaljenostima<\/li>\n<\/ul>\n<p>Ove mete izdr\u017eavaju vi\u0161e pogodaka prije zamjene. Manja veli\u010dina omogu\u0107uje vje\u017ebanje pucanja na velike udaljenosti \u010dak i na kompaktnim streli\u0161tima, poma\u017eu\u0107i vam da se pripremite za razli\u010dite scenarije pucanja.<\/p>\n<p>Nabavite ove IPSC mini kartonske mete za va\u0161 trening.<\/p>\n<\/div>\n","protected":false},"excerpt":{"rendered":"<p>IPSC mini kartonske mete: Izdr\u017eljive, svestrane, 60% veli\u010dine za realisti\u010dno vje\u017ebanje.<\/p>\n","protected":false},"featured_media":75277,"template":"","meta":{"_acf_changed":false},"product_brand":[11260],"product_cat":[13525,13577,13504],"product_tag":[],"class_list":{"0":"post-176841","1":"product","2":"type-product","3":"status-publish","4":"has-post-thumbnail","6":"product_brand-doublealpha","7":"product_cat-mete","8":"product_cat-oprema","9":"product_cat-papirne-mete","11":"first","12":"outofstock","13":"taxable","14":"shipping-taxable","15":"purchasable","16":"product-type-simple"},"acf":[],"_links":{"self":[{"href":"https:\/\/nbg.eu\/hr\/wp-json\/wp\/v2\/product\/176841","targetHints":{"allow":["GET"]}}],"collection":[{"href":"https:\/\/nbg.eu\/hr\/wp-json\/wp\/v2\/product"}],"about":[{"href":"https:\/\/nbg.eu\/hr\/wp-json\/wp\/v2\/types\/product"}],"wp:featuredmedia":[{"embeddable":true,"href":"https:\/\/nbg.eu\/hr\/wp-json\/wp\/v2\/media\/75277"}],"wp:attachment":[{"href":"https:\/\/nbg.eu\/hr\/wp-json\/wp\/v2\/media?parent=176841"}],"wp:term":[{"taxonomy":"product_brand","embeddable":true,"href":"https:\/\/nbg.eu\/hr\/wp-json\/wp\/v2\/product_brand?post=176841"},{"taxonomy":"product_cat","embeddable":true,"href":"https:\/\/nbg.eu\/hr\/wp-json\/wp\/v2\/product_cat?post=176841"},{"taxonomy":"product_tag","embeddable":true,"href":"https:\/\/nbg.eu\/hr\/wp-json\/wp\/v2\/product_tag?post=176841"}],"curies":[{"name":"wp","href":"https:\/\/api.w.org\/{rel}","templated":true}]}}