{"id":22526,"date":"2024-08-19T20:28:32","date_gmt":"2024-08-19T17:28:32","guid":{"rendered":"https:\/\/nbg.eu\/product\/proizvod-2\/"},"modified":"2026-04-16T16:04:20","modified_gmt":"2026-04-16T13:04:20","slug":"slide-stop-opruga-zapornica-kmr","status":"publish","type":"product","link":"https:\/\/nbg.eu\/hr\/proizvod\/slide-stop-opruga-zapornica-kmr\/","title":{"rendered":"KMR Os Opruge Zasuna Zatvara\u010da"},"content":{"rendered":"<h2>Klizno stop opruga pin KMR<\/h2>\n<p>Pobolj\u0161ajte funkcionalnost i pouzdanost svog vatrenog oru\u017eja s Klizno stop opruga pin KMR-om. Ova precizno in\u017eenjerirana komponenta dizajnirana je da sigurno dr\u017ei stop klizanja na mjestu, osiguravaju\u0107i glatko i konzistentno funkcioniranje va\u0161eg oru\u017eja. Izra\u0111en od visokokvalitetnih materijala, Klizno stop opruga pin KMR je napravljen da izdr\u017ei napore redovne upotrebe i o\u0161tre okoline.<\/p>\n<p>S izdr\u017eljivom oprugom, Klizno stop opruga pin KMR pru\u017ea pouzdane performanse i sigurno prianjanje, sprje\u010davaju\u0107i ne\u017eeljeno pomicanje ili otpu\u0161tanje kliza\u010da. Njegova kompaktna veli\u010dina i besprijekorna integracija \u010dine ga neophodnim dodatkom za odr\u017eavanje i nadogradnju va\u0161eg vatrenog oru\u017eja.<\/p>\n<p>Bilo da ste iskusni strijelac ili entuzijast za vatreno oru\u017eje, Klizno stop opruga pin KMR je neophodan dodatak za odr\u017eavanje optimalne performanse va\u0161eg oru\u017eja. Nadogradite svoje vatreno oru\u017eje ovom pouzdanom i korisni\u010dkom komponentom i iskusite razliku u svom iskustvu ga\u0111anja.<\/p>\n","protected":false},"excerpt":{"rendered":"<p>Pouzdan klizni pin s oprugom za sigurno pri\u010dvr\u0161\u0107ivanje KMR.<\/p>\n","protected":false},"featured_media":60762,"template":"","meta":{"_acf_changed":false},"product_brand":[11491],"product_cat":[13519,14732],"product_tag":[],"class_list":{"0":"post-22526","1":"product","2":"type-product","3":"status-publish","4":"has-post-thumbnail","6":"product_brand-kmr-precision","7":"product_cat-kmr-dijelovi","8":"product_cat-opruge","10":"first","11":"instock","12":"taxable","13":"shipping-taxable","14":"product-type-simple"},"acf":[],"_links":{"self":[{"href":"https:\/\/nbg.eu\/hr\/wp-json\/wp\/v2\/product\/22526","targetHints":{"allow":["GET"]}}],"collection":[{"href":"https:\/\/nbg.eu\/hr\/wp-json\/wp\/v2\/product"}],"about":[{"href":"https:\/\/nbg.eu\/hr\/wp-json\/wp\/v2\/types\/product"}],"wp:featuredmedia":[{"embeddable":true,"href":"https:\/\/nbg.eu\/hr\/wp-json\/wp\/v2\/media\/60762"}],"wp:attachment":[{"href":"https:\/\/nbg.eu\/hr\/wp-json\/wp\/v2\/media?parent=22526"}],"wp:term":[{"taxonomy":"product_brand","embeddable":true,"href":"https:\/\/nbg.eu\/hr\/wp-json\/wp\/v2\/product_brand?post=22526"},{"taxonomy":"product_cat","embeddable":true,"href":"https:\/\/nbg.eu\/hr\/wp-json\/wp\/v2\/product_cat?post=22526"},{"taxonomy":"product_tag","embeddable":true,"href":"https:\/\/nbg.eu\/hr\/wp-json\/wp\/v2\/product_tag?post=22526"}],"curies":[{"name":"wp","href":"https:\/\/api.w.org\/{rel}","templated":true}]}}