{"id":275949,"date":"2025-03-03T22:22:36","date_gmt":"2025-03-03T19:22:36","guid":{"rendered":"https:\/\/nbg.eu\/product\/qwik-dri-dry-lubricant-1-oz\/"},"modified":"2026-01-21T11:41:29","modified_gmt":"2026-01-21T08:41:29","slug":"qwik-dri-suhi-lubrikant-1-oz","status":"publish","type":"product","link":"https:\/\/nbg.eu\/hr\/proizvod\/qwik-dri-suhi-lubrikant-1-oz\/","title":{"rendered":"QWIK-DRI SUHI LUBRIKANT, 1 Oz"},"content":{"rendered":"<h2>QWIK-DRI SUHO MAZIVO, 30 ml<\/h2>\n<p>Bore Tech Qwik-Dri\u2122 je suho mazivo za odr\u017eavanje vatrenog oru\u017eja. Ova bo\u010dica od 30 ml sadr\u017ei formulu PTFE \u010destica u nosa\u010du koji brzo isparava.<\/p>\n<ul>\n<li>Prodire duboko u pore metala<\/li>\n<li>Stvara \u010dvrst, dugotrajan suhi film<\/li>\n<li>Djeluje na ekstremnim temperaturama (-73\u00b0C do 316\u00b0C)<\/li>\n<li>Smanjuje trenje i tro\u0161enje za 95%<\/li>\n<li>Odbija pra\u0161inu i prljav\u0161tinu<\/li>\n<li>Primjena bez ulja i nereda<\/li>\n<\/ul>\n<p>Pogodno za kliza\u010de pi\u0161tolja, okida\u010de, zatvara\u010de pu\u0161aka, spremnike i drugo. Qwik-Dri\u2122 osigurava glatko funkcioniranje. Prikladno za oru\u017eje u futroli, ne mrlja odje\u0107u i ne privla\u010di dla\u010dice. Proizvedeno u SAD-u.<\/p>\n<p><strong>Odaberite Bore Tech Qwik-Dri\u2122.<\/strong><\/p>\n","protected":false},"excerpt":{"rendered":"<p>QWIK-DRI: Brzo su\u0161e\u0107e PTFE mazivo za ekstremne temperature. Odbija prljav\u0161tinu.<\/p>\n","protected":false},"featured_media":235669,"template":"","meta":{"_acf_changed":false},"product_brand":[11147],"product_cat":[13511,13524,13584],"product_tag":[],"class_list":{"0":"post-275949","1":"product","2":"type-product","3":"status-publish","4":"has-post-thumbnail","6":"product_brand-boretech","7":"product_cat-ciscenje-oruzja","8":"product_cat-maziva","9":"product_cat-sredstva-za-ciscenje","11":"first","12":"instock","13":"taxable","14":"shipping-taxable","15":"purchasable","16":"product-type-simple"},"acf":[],"_links":{"self":[{"href":"https:\/\/nbg.eu\/hr\/wp-json\/wp\/v2\/product\/275949","targetHints":{"allow":["GET"]}}],"collection":[{"href":"https:\/\/nbg.eu\/hr\/wp-json\/wp\/v2\/product"}],"about":[{"href":"https:\/\/nbg.eu\/hr\/wp-json\/wp\/v2\/types\/product"}],"wp:featuredmedia":[{"embeddable":true,"href":"https:\/\/nbg.eu\/hr\/wp-json\/wp\/v2\/media\/235669"}],"wp:attachment":[{"href":"https:\/\/nbg.eu\/hr\/wp-json\/wp\/v2\/media?parent=275949"}],"wp:term":[{"taxonomy":"product_brand","embeddable":true,"href":"https:\/\/nbg.eu\/hr\/wp-json\/wp\/v2\/product_brand?post=275949"},{"taxonomy":"product_cat","embeddable":true,"href":"https:\/\/nbg.eu\/hr\/wp-json\/wp\/v2\/product_cat?post=275949"},{"taxonomy":"product_tag","embeddable":true,"href":"https:\/\/nbg.eu\/hr\/wp-json\/wp\/v2\/product_tag?post=275949"}],"curies":[{"name":"wp","href":"https:\/\/api.w.org\/{rel}","templated":true}]}}