{"id":284879,"date":"2024-01-30T18:08:20","date_gmt":"2024-01-30T18:08:20","guid":{"rendered":"https:\/\/nbg.eu\/product\/area-419-mini-pad-the-gripchanger\/"},"modified":"2026-01-21T12:04:24","modified_gmt":"2026-01-21T09:04:24","slug":"area-419-mini-podloga-izmjenjivac-hvata","status":"publish","type":"product","link":"https:\/\/nbg.eu\/hr\/proizvod\/area-419-mini-podloga-izmjenjivac-hvata\/","title":{"rendered":"Area 419 &#8211; Mini Podloga, Izmjenjiva\u010d Hvata"},"content":{"rendered":"<div class=\"product-description\">\n<h2>Area 419 &#8211; Mini Pad, GripChanger<\/h2>\n<p>GripChanger je novi dodatak na\u0161oj RailChanger liniji. Ova kompaktna, prianjaju\u0107a i gusto napunjena vre\u0107a je rje\u0161enje za brzo postavljanje pozicije ili kori\u0161tenje u malim otvorima.<\/p>\n<h3>Zna\u010dajke:<\/h3>\n<ul>\n<li>Te\u017ei pribli\u017eno 0,45 kg<\/li>\n<li>Prianja na bilo koju povr\u0161inu<\/li>\n<li>Pru\u017ea stabilnu platformu za brzo postavljanje<\/li>\n<\/ul>\n<h3>Komplet uklju\u010duje:<\/h3>\n<ul>\n<li>1 Area 419 GripChanger vre\u0107u<\/li>\n<li>1 ARCALOCK stezaljku<\/li>\n<li>1 Area 419 Rail Changer ru\u010dku<\/li>\n<\/ul>\n<h3>Specifikacije:<\/h3>\n<ul>\n<li>Te\u017eina: 0,45 kg<\/li>\n<li>Dimenzije: 25,4 \u00d7 7,6 \u00d7 5,1 cm<\/li>\n<li>Proizvo\u0111a\u010d: Armageddon Gear<\/li>\n<\/ul>\n<\/div>\n","protected":false},"excerpt":{"rendered":"<p>&#8220;Kompaktna, prianjaju\u0107a vre\u0107ica od 450 grama za brze, stabilne polo\u017eaje pucanja. Uklju\u010duje stezaljku i ru\u010dku.&#8221;<\/p>\n","protected":false},"featured_media":233559,"template":"","meta":{"_acf_changed":false},"product_brand":[11030],"product_cat":[13569],"product_tag":[],"class_list":{"0":"post-284879","1":"product","2":"type-product","3":"status-publish","4":"has-post-thumbnail","6":"product_brand-area-419","7":"product_cat-puska","9":"first","10":"instock","11":"taxable","12":"shipping-taxable","13":"purchasable","14":"product-type-simple"},"acf":[],"_links":{"self":[{"href":"https:\/\/nbg.eu\/hr\/wp-json\/wp\/v2\/product\/284879","targetHints":{"allow":["GET"]}}],"collection":[{"href":"https:\/\/nbg.eu\/hr\/wp-json\/wp\/v2\/product"}],"about":[{"href":"https:\/\/nbg.eu\/hr\/wp-json\/wp\/v2\/types\/product"}],"wp:featuredmedia":[{"embeddable":true,"href":"https:\/\/nbg.eu\/hr\/wp-json\/wp\/v2\/media\/233559"}],"wp:attachment":[{"href":"https:\/\/nbg.eu\/hr\/wp-json\/wp\/v2\/media?parent=284879"}],"wp:term":[{"taxonomy":"product_brand","embeddable":true,"href":"https:\/\/nbg.eu\/hr\/wp-json\/wp\/v2\/product_brand?post=284879"},{"taxonomy":"product_cat","embeddable":true,"href":"https:\/\/nbg.eu\/hr\/wp-json\/wp\/v2\/product_cat?post=284879"},{"taxonomy":"product_tag","embeddable":true,"href":"https:\/\/nbg.eu\/hr\/wp-json\/wp\/v2\/product_tag?post=284879"}],"curies":[{"name":"wp","href":"https:\/\/api.w.org\/{rel}","templated":true}]}}