{"id":285270,"date":"2025-03-04T22:02:27","date_gmt":"2025-03-04T19:02:27","guid":{"rendered":"https:\/\/nbg.eu\/product\/magpul-ctr-moe-cheek-riser-0-5\/"},"modified":"2026-01-21T12:14:24","modified_gmt":"2026-01-21T09:14:24","slug":"magpul-ctr-moe-nastavak-za-obraz-05","status":"publish","type":"product","link":"https:\/\/nbg.eu\/hr\/proizvod\/magpul-ctr-moe-nastavak-za-obraz-05\/","title":{"rendered":"Magpul &#8211; CTR \/ MOE Nastavak za obraz &#8211; 0.5&#8243;"},"content":{"rendered":"<div class=\"product-description\">\n<h2>Magpul &#8211; CTR \/ MOE Oslonac za obraz &#8211; 0,5&#8243;<\/h2>\n<p>Magpul CTR \/ MOE Oslonac za obraz je dodatak koji se pri\u010dvr\u0161\u0107uje i dizajniran je za CTR, MOE\u00ae, DT i PR kundake karabina.<\/p>\n<ul>\n<li>Podi\u017ee oslonac za obraz za 1\/2 in\u010da<\/li>\n<li>Prikladan za primjene koje nisu AR15\/M4<\/li>\n<li>Pogodan za konverzije kundaka M14 karabina<\/li>\n<li>Proizveden u SAD-u<\/li>\n<li>NSN: MAG326-BLK 1005-01-591-6035<\/li>\n<\/ul>\n<p><strong>Napomena:<\/strong> Mo\u017ee ometati funkciju ru\u010dice za punjenje na AR15\/M4 platformama osim ako kundak nije potpuno izvu\u010den.<\/p>\n<p>Ovaj oslonac za obraz od Magpula pobolj\u0161ava ergonomiju pu\u0161ke i omogu\u0107uje dosljedniju sliku ni\u0161ana.<\/p>\n<\/div>\n","protected":false},"excerpt":{"rendered":"<p>Kop\u010da za obrazni oslonac za kundake koji nisu AR15\/M4. Podi\u017ee to\u010dku naslona za 1,27 cm.<\/p>\n","protected":false},"featured_media":237027,"template":"","meta":{"_acf_changed":false},"product_brand":[11536],"product_cat":[13565,13530],"product_tag":[],"class_list":{"0":"post-285270","1":"product","2":"type-product","3":"status-publish","4":"has-post-thumbnail","6":"product_brand-magpul","7":"product_cat-kundaci-za-puske","8":"product_cat-tuning-puske","10":"first","11":"instock","12":"taxable","13":"shipping-taxable","14":"purchasable","15":"product-type-variable","16":"wvs-archive-product-wrapper"},"acf":[],"_links":{"self":[{"href":"https:\/\/nbg.eu\/hr\/wp-json\/wp\/v2\/product\/285270","targetHints":{"allow":["GET"]}}],"collection":[{"href":"https:\/\/nbg.eu\/hr\/wp-json\/wp\/v2\/product"}],"about":[{"href":"https:\/\/nbg.eu\/hr\/wp-json\/wp\/v2\/types\/product"}],"wp:featuredmedia":[{"embeddable":true,"href":"https:\/\/nbg.eu\/hr\/wp-json\/wp\/v2\/media\/237027"}],"wp:attachment":[{"href":"https:\/\/nbg.eu\/hr\/wp-json\/wp\/v2\/media?parent=285270"}],"wp:term":[{"taxonomy":"product_brand","embeddable":true,"href":"https:\/\/nbg.eu\/hr\/wp-json\/wp\/v2\/product_brand?post=285270"},{"taxonomy":"product_cat","embeddable":true,"href":"https:\/\/nbg.eu\/hr\/wp-json\/wp\/v2\/product_cat?post=285270"},{"taxonomy":"product_tag","embeddable":true,"href":"https:\/\/nbg.eu\/hr\/wp-json\/wp\/v2\/product_tag?post=285270"}],"curies":[{"name":"wp","href":"https:\/\/api.w.org\/{rel}","templated":true}]}}