{"id":285314,"date":"2025-03-04T22:02:48","date_gmt":"2025-03-04T19:02:48","guid":{"rendered":"https:\/\/nbg.eu\/product\/magpul-ctr-moe-cheek-riser-0-75\/"},"modified":"2026-05-13T15:11:07","modified_gmt":"2026-05-13T12:11:07","slug":"magpul-ctr-moe-nastavak-za-obraz-075","status":"publish","type":"product","link":"https:\/\/nbg.eu\/hr\/proizvod\/magpul-ctr-moe-nastavak-za-obraz-075\/","title":{"rendered":"Magpul &#8211; CTR \/ MOE Nastavak za obraz &#8211; 0.75&#8243;"},"content":{"rendered":"<div class=\"product-description\">\n<h2>Magpul &#8211; CTR \/ MOE Obrazni oslonac &#8211; 0,75&#8243;<\/h2>\n<p>Magpul CTR \/ MOE obrazni oslonac je dodatak koji se pri\u010dvr\u0161\u0107uje na kundak. Dizajniran je za podizanje oslonca obraza za 1,9 cm, \u0161to omogu\u0107uje bolju udobnost i poravnanje ni\u0161ana za razli\u010dite primjene vatrenog oru\u017eja.<\/p>\n<ul>\n<li>Kompatibilan s CTR, MOE\u00ae, DT i PR kundacima za karabine<\/li>\n<li>Pogodan za konfiguracije koje nisu AR15\/M4, poput konverzija kundaka za M14 karabin<\/li>\n<li>Jednostavna instalacija pri\u010dvr\u0161\u0107ivanjem<\/li>\n<li>Proizvedeno u SAD-u<\/li>\n<li>NSN: MAG327-BLK 1005-01-591-6041<\/li>\n<\/ul>\n<p><strong>Napomena:<\/strong> Mo\u017ee ometati funkciju ru\u010dice za punjenje na AR15\/M4 platformama osim ako kundak nije potpuno izvu\u010den.<\/p>\n<\/div>\n","protected":false},"excerpt":{"rendered":"<p>&#8220;Priklju\u010dni obrazni nastavak od 1,9 cm za pobolj\u0161anu udobnost i preciznost.&#8221;<\/p>\n","protected":false},"featured_media":237143,"template":"","meta":{"_acf_changed":false},"product_brand":[11536],"product_cat":[13565,13530],"product_tag":[],"class_list":{"0":"post-285314","1":"product","2":"type-product","3":"status-publish","4":"has-post-thumbnail","6":"product_brand-magpul","7":"product_cat-kundaci-za-puske","8":"product_cat-tuning-puske","10":"first","11":"instock","12":"taxable","13":"shipping-taxable","14":"purchasable","15":"product-type-variable","16":"wvs-archive-product-wrapper"},"acf":[],"_links":{"self":[{"href":"https:\/\/nbg.eu\/hr\/wp-json\/wp\/v2\/product\/285314","targetHints":{"allow":["GET"]}}],"collection":[{"href":"https:\/\/nbg.eu\/hr\/wp-json\/wp\/v2\/product"}],"about":[{"href":"https:\/\/nbg.eu\/hr\/wp-json\/wp\/v2\/types\/product"}],"wp:featuredmedia":[{"embeddable":true,"href":"https:\/\/nbg.eu\/hr\/wp-json\/wp\/v2\/media\/237143"}],"wp:attachment":[{"href":"https:\/\/nbg.eu\/hr\/wp-json\/wp\/v2\/media?parent=285314"}],"wp:term":[{"taxonomy":"product_brand","embeddable":true,"href":"https:\/\/nbg.eu\/hr\/wp-json\/wp\/v2\/product_brand?post=285314"},{"taxonomy":"product_cat","embeddable":true,"href":"https:\/\/nbg.eu\/hr\/wp-json\/wp\/v2\/product_cat?post=285314"},{"taxonomy":"product_tag","embeddable":true,"href":"https:\/\/nbg.eu\/hr\/wp-json\/wp\/v2\/product_tag?post=285314"}],"curies":[{"name":"wp","href":"https:\/\/api.w.org\/{rel}","templated":true}]}}