{"id":289068,"date":"2025-03-05T10:17:43","date_gmt":"2025-03-05T07:17:43","guid":{"rendered":"https:\/\/nbg.eu\/prodcut\/magpul-ctr-carbine-stock-for-ar15-m4\/"},"modified":"2026-01-21T11:37:51","modified_gmt":"2026-01-21T08:37:51","slug":"magpul-ctr-karabinska-kundak-za-ar15-m4","status":"publish","type":"product","link":"https:\/\/nbg.eu\/hr\/proizvod\/magpul-ctr-karabinska-kundak-za-ar15-m4\/","title":{"rendered":"Magpul &#8211; CTR\u2122 Karabinska kundak za AR15 \/ M4"},"content":{"rendered":"<div class=\"product-description\">\n<h2>Magpul CTR\u2122 Kundak za AR15 \/ M4 Karabin<\/h2>\n<p>Magpul CTR (Compact\/Type Restricted) \u2013 Mil-Spec model je zamjenski kundak za AR15 \/ M16 karabin. Ovaj kundak ima sljede\u0107e zna\u010dajke:<\/p>\n<ul>\n<li>A-okvir profil za izbjegavanje zapinjanja<\/li>\n<li>Za\u0161ti\u0107ena poluga za otpu\u0161tanje za sprje\u010davanje slu\u010dajnog aktiviranja<\/li>\n<li>Dodatni sustav zaklju\u010davanja trenja za pobolj\u0161anu stabilnost oru\u017eja<\/li>\n<li>Obostrani QD nosa\u010d remena kompatibilan s gumbom za brzo otpu\u0161tanje<\/li>\n<li>Gumeni jastu\u010di\u0107 debljine 0,3 in\u010da za bolji oslonac na ramenu<\/li>\n<\/ul>\n<p>Kompatibilan s Mil-Spec cijevima za primanje, ovaj kundak proizveden u SAD-u nudi raspon pode\u0161avanja duljine povla\u010denja od 3,3 in\u010da. S maksimalnom duljinom od 7,0 in\u010da i te\u017einom od 8,9 unci, CTR kundak pru\u017ea funkcionalnost i udobnost za va\u0161 karabin.<\/p>\n<p><strong>Napomena:<\/strong> Kompatibilan samo s Mil-Spec cijevima za primanje. Prije kupnje provjerite ima li va\u0161 karabin odgovaraju\u0107u cijev.<\/p>\n<\/div>\n","protected":false},"excerpt":{"rendered":"<p>Kompaktni kundak za AR15\/M4. Aerodinami\u010dan, stabilan, s brzoskidaju\u0107im nosa\u010dem remena.<\/p>\n","protected":false},"featured_media":237487,"template":"","meta":{"_acf_changed":false},"product_brand":[11536],"product_cat":[13565,13530],"product_tag":[],"class_list":{"0":"post-289068","1":"product","2":"type-product","3":"status-publish","4":"has-post-thumbnail","6":"product_brand-magpul","7":"product_cat-kundaci-za-puske","8":"product_cat-tuning-puske","10":"first","11":"outofstock","12":"taxable","13":"shipping-taxable","14":"purchasable","15":"product-type-simple"},"acf":[],"_links":{"self":[{"href":"https:\/\/nbg.eu\/hr\/wp-json\/wp\/v2\/product\/289068","targetHints":{"allow":["GET"]}}],"collection":[{"href":"https:\/\/nbg.eu\/hr\/wp-json\/wp\/v2\/product"}],"about":[{"href":"https:\/\/nbg.eu\/hr\/wp-json\/wp\/v2\/types\/product"}],"wp:featuredmedia":[{"embeddable":true,"href":"https:\/\/nbg.eu\/hr\/wp-json\/wp\/v2\/media\/237487"}],"wp:attachment":[{"href":"https:\/\/nbg.eu\/hr\/wp-json\/wp\/v2\/media?parent=289068"}],"wp:term":[{"taxonomy":"product_brand","embeddable":true,"href":"https:\/\/nbg.eu\/hr\/wp-json\/wp\/v2\/product_brand?post=289068"},{"taxonomy":"product_cat","embeddable":true,"href":"https:\/\/nbg.eu\/hr\/wp-json\/wp\/v2\/product_cat?post=289068"},{"taxonomy":"product_tag","embeddable":true,"href":"https:\/\/nbg.eu\/hr\/wp-json\/wp\/v2\/product_tag?post=289068"}],"curies":[{"name":"wp","href":"https:\/\/api.w.org\/{rel}","templated":true}]}}