{"id":289528,"date":"2025-03-01T14:21:59","date_gmt":"2025-03-01T14:21:59","guid":{"rendered":"https:\/\/nbg.eu\/prodcut\/area-419-arcalock-10%e2%80%b3-universal-dovetail-rail\/"},"modified":"2026-05-13T16:02:07","modified_gmt":"2026-05-13T13:02:07","slug":"area-419-arcalock-10-univerzalna-tracnica-s-lastinim-repom","status":"publish","type":"product","link":"https:\/\/nbg.eu\/hr\/proizvod\/area-419-arcalock-10-univerzalna-tracnica-s-lastinim-repom\/","title":{"rendered":"Area 419 &#8211; ARCALOCK 10&#8243; Univerzalna Tra\u010dnica s Lastinim Repom"},"content":{"rendered":"<div class=\"product-description\">\n<h2>Area 419 &#8211; ARCALOCK 10&#8243; Univerzalna \u0160ina s Lastinim Repom<\/h2>\n<p>ARCALOCK 10&#8243; Univerzalna \u0160ina s Lastinim Repom od Area 419 ima sljede\u0107e zna\u010dajke:<\/p>\n<ul>\n<li>Nazubljene strane za mehani\u010dko zaklju\u010davanje s Area 419 stezaljkama<\/li>\n<li>Kompatibilnost sa standardnim Arca dodacima<\/li>\n<li>Te\u017eina od 116 grama<\/li>\n<li>Uskla\u0111enost s RRS 1.5&#8243; standardom lastinog repa<\/li>\n<li>Zako\u0161eni rubovi<\/li>\n<li>Izra\u0111eno od 6061-T6 aluminija s Tip 3 tvrdom anodizacijom<\/li>\n<li>Proizvedeno u SAD-u<\/li>\n<li>M-LOK utori za dodatno montiranje pribora<\/li>\n<\/ul>\n<p><strong>Napomena:<\/strong> Potrebno je 6 uzastopnih MLOK utora za pri\u010dvr\u0161\u0107ivanje. Za kundake s manje utora, razmotrite 12&#8243; univerzalnu \u0161inu.<\/p>\n<\/div>\n","protected":false},"excerpt":{"rendered":"<p>ARCALOCK 10&#8243; univerzalna lastin rep \u0161ina: Sigurno, svestrano MLOK pri\u010dvr\u0161\u0107enje za precizne pu\u0161ke.<\/p>\n","protected":false},"featured_media":232416,"template":"","meta":{"_acf_changed":false},"product_brand":[11030],"product_cat":[15547,13583],"product_tag":[],"class_list":{"0":"post-289528","1":"product","2":"type-product","3":"status-publish","4":"has-post-thumbnail","6":"product_brand-area-419","7":"product_cat-arcalock-systems-hr","8":"product_cat-tracnice","10":"first","11":"instock","12":"sale","13":"taxable","14":"shipping-taxable","15":"purchasable","16":"product-type-simple"},"acf":[],"_links":{"self":[{"href":"https:\/\/nbg.eu\/hr\/wp-json\/wp\/v2\/product\/289528","targetHints":{"allow":["GET"]}}],"collection":[{"href":"https:\/\/nbg.eu\/hr\/wp-json\/wp\/v2\/product"}],"about":[{"href":"https:\/\/nbg.eu\/hr\/wp-json\/wp\/v2\/types\/product"}],"wp:featuredmedia":[{"embeddable":true,"href":"https:\/\/nbg.eu\/hr\/wp-json\/wp\/v2\/media\/232416"}],"wp:attachment":[{"href":"https:\/\/nbg.eu\/hr\/wp-json\/wp\/v2\/media?parent=289528"}],"wp:term":[{"taxonomy":"product_brand","embeddable":true,"href":"https:\/\/nbg.eu\/hr\/wp-json\/wp\/v2\/product_brand?post=289528"},{"taxonomy":"product_cat","embeddable":true,"href":"https:\/\/nbg.eu\/hr\/wp-json\/wp\/v2\/product_cat?post=289528"},{"taxonomy":"product_tag","embeddable":true,"href":"https:\/\/nbg.eu\/hr\/wp-json\/wp\/v2\/product_tag?post=289528"}],"curies":[{"name":"wp","href":"https:\/\/api.w.org\/{rel}","templated":true}]}}