{"id":405323,"date":"2025-06-30T19:47:03","date_gmt":"2025-06-30T16:47:03","guid":{"rendered":"https:\/\/nbg.eu\/product\/compensator-ase-utra-au780-borelock-223-muzzle-brake-1-2x28-unef\/"},"modified":"2026-05-13T16:44:10","modified_gmt":"2026-05-13T13:44:10","slug":"kompenzator-ase-utra-au780-borelock-223-kocnica-usta-12x28-unef","status":"publish","type":"product","link":"https:\/\/nbg.eu\/hr\/proizvod\/kompenzator-ase-utra-au780-borelock-223-kocnica-usta-12x28-unef\/","title":{"rendered":"KOMPENZATOR ASE UTRA AU780 BoreLock .223 ko\u010dnica usta 1\/2&#8243;x28 UNEF"},"content":{"rendered":"<h2>KOMPENZATOR ASE UTRA AU780 BoreLock .223 Ko\u010dnica usta cijevi<\/h2>\n<p>KOMPENZATOR ASE UTRA AU780 BoreLock .223 ko\u010dnica usta cijevi sadr\u017ei BoreLock sustav za brzo pri\u010dvr\u0161\u0107ivanje. Ovaj ure\u0111aj za usta cijevi namijenjen je za juri\u0161ne pu\u0161ke i lake strojnice kalibra 5,56 mm NATO.<\/p>\n<h2>Glavne zna\u010dajke:<\/h2>\n<ul>\n<li>Navoj: 1\/2&#8243;x28 UNEF<\/li>\n<li>Kompatibilan s .223 Remington \/ 5,56 NATO<\/li>\n<li>BoreLock sustav za brzo pri\u010dvr\u0161\u0107ivanje<\/li>\n<li>Dizajn s dva otvora za smanjenje trzaja<\/li>\n<li>Kompaktna veli\u010dina omogu\u0107uje minimalne dimenzije prigu\u0161iva\u010da<\/li>\n<li>Smanjenje bljeska i vizualnog potpisa<\/li>\n<\/ul>\n<p>AU780 BoreLock ko\u010dnica usta cijevi dio je ASE UTRA BoreLock sustava za montiranje, koji uklju\u010duje razli\u010dite skriva\u010de bljeska i ovratnik za montiranje. Ova ko\u010dnica osigurava upravljanje trzajem uz nizak profil.<\/p>\n<p>KOMPENZATOR ASE UTRA AU780 BoreLock .223 ko\u010dnica usta cijevi je dodatak za va\u0161e vatreno oru\u017eje.<\/p>\n","protected":false},"excerpt":{"rendered":"<p>Kompaktan, u\u010dinkovit sustav za smanjenje trzaja za pu\u0161ke kalibra .223. Sustav za brzo pri\u010dvr\u0161\u0107ivanje.<\/p>\n","protected":false},"featured_media":359516,"template":"","meta":{"_acf_changed":false},"product_brand":[14262],"product_cat":[514],"product_tag":[],"class_list":{"0":"post-405323","1":"product","2":"type-product","3":"status-publish","4":"has-post-thumbnail","6":"product_brand-ase-utra-oy","7":"product_cat-rifle-grips","9":"first","10":"instock","11":"taxable","12":"shipping-taxable","13":"purchasable","14":"product-type-simple"},"acf":[],"_links":{"self":[{"href":"https:\/\/nbg.eu\/hr\/wp-json\/wp\/v2\/product\/405323","targetHints":{"allow":["GET"]}}],"collection":[{"href":"https:\/\/nbg.eu\/hr\/wp-json\/wp\/v2\/product"}],"about":[{"href":"https:\/\/nbg.eu\/hr\/wp-json\/wp\/v2\/types\/product"}],"wp:featuredmedia":[{"embeddable":true,"href":"https:\/\/nbg.eu\/hr\/wp-json\/wp\/v2\/media\/359516"}],"wp:attachment":[{"href":"https:\/\/nbg.eu\/hr\/wp-json\/wp\/v2\/media?parent=405323"}],"wp:term":[{"taxonomy":"product_brand","embeddable":true,"href":"https:\/\/nbg.eu\/hr\/wp-json\/wp\/v2\/product_brand?post=405323"},{"taxonomy":"product_cat","embeddable":true,"href":"https:\/\/nbg.eu\/hr\/wp-json\/wp\/v2\/product_cat?post=405323"},{"taxonomy":"product_tag","embeddable":true,"href":"https:\/\/nbg.eu\/hr\/wp-json\/wp\/v2\/product_tag?post=405323"}],"curies":[{"name":"wp","href":"https:\/\/api.w.org\/{rel}","templated":true}]}}