{"id":44702,"date":"2024-08-18T12:36:21","date_gmt":"2024-08-18T09:36:21","guid":{"rendered":"https:\/\/nbg.eu\/product\/ced-deluxe-quick-patch-tape-gun\/"},"modified":"2026-05-13T16:03:14","modified_gmt":"2026-05-13T13:03:14","slug":"ced-deluxe-brzi-pistolj-za-flaster-traku","status":"publish","type":"product","link":"https:\/\/nbg.eu\/hr\/proizvod\/ced-deluxe-brzi-pistolj-za-flaster-traku\/","title":{"rendered":"Ced Deluxe Brzi Pi\u0161tolj za Flaster Traku"},"content":{"rendered":"<p>Predstavljamo CED Deluxe Quick Patch pi\u0161tolj za trake: ultimativno rje\u0161enje za krpanje rupa na metama!<\/p>\n<ul>\n<li>Br\u017ee i lak\u0161e od ru\u010dnog krpanja<\/li>\n<li>Kompatibilan s ve\u0107inom zakrpa pune veli\u010dine<\/li>\n<li>Jednostavno rukovanje stiskanjem i otpu\u0161tanjem<\/li>\n<li>Lako se cilja, koristi i ponovno puni<\/li>\n<li>Pove\u0107ava u\u010dinkovitost i \u0161tedi vrijeme<\/li>\n<li>Zabavno i jednostavno za upotrebu<\/li>\n<\/ul>\n<p>Unaprijedite svoje vje\u017ebe ga\u0111anja s CED Deluxe pi\u0161toljem za trake &#8211; sve-u-jednom alatom za brzo i u\u010dinkovito krpanje!<\/p>\n","protected":false},"excerpt":{"rendered":"<p>U\u010dinkovit alat za krpanje meta. Jednostavan za kori\u0161tenje, punjenje i ciljanje. Zabavno!<\/p>\n","protected":false},"featured_media":27506,"template":"","meta":{"_acf_changed":false},"product_brand":[11260],"product_cat":[13573,13525,13504],"product_tag":[],"class_list":{"0":"post-44702","1":"product","2":"type-product","3":"status-publish","4":"has-post-thumbnail","6":"product_brand-doublealpha","7":"product_cat-krpe-i-cistaci","8":"product_cat-mete","9":"product_cat-papirne-mete","11":"first","12":"outofstock","13":"taxable","14":"shipping-taxable","15":"purchasable","16":"product-type-simple"},"acf":[],"_links":{"self":[{"href":"https:\/\/nbg.eu\/hr\/wp-json\/wp\/v2\/product\/44702","targetHints":{"allow":["GET"]}}],"collection":[{"href":"https:\/\/nbg.eu\/hr\/wp-json\/wp\/v2\/product"}],"about":[{"href":"https:\/\/nbg.eu\/hr\/wp-json\/wp\/v2\/types\/product"}],"wp:featuredmedia":[{"embeddable":true,"href":"https:\/\/nbg.eu\/hr\/wp-json\/wp\/v2\/media\/27506"}],"wp:attachment":[{"href":"https:\/\/nbg.eu\/hr\/wp-json\/wp\/v2\/media?parent=44702"}],"wp:term":[{"taxonomy":"product_brand","embeddable":true,"href":"https:\/\/nbg.eu\/hr\/wp-json\/wp\/v2\/product_brand?post=44702"},{"taxonomy":"product_cat","embeddable":true,"href":"https:\/\/nbg.eu\/hr\/wp-json\/wp\/v2\/product_cat?post=44702"},{"taxonomy":"product_tag","embeddable":true,"href":"https:\/\/nbg.eu\/hr\/wp-json\/wp\/v2\/product_tag?post=44702"}],"curies":[{"name":"wp","href":"https:\/\/api.w.org\/{rel}","templated":true}]}}