{"id":44746,"date":"2024-08-18T12:35:48","date_gmt":"2024-08-18T09:35:48","guid":{"rendered":"https:\/\/nbg.eu\/product\/uspsa-metric-cardboard-targets-white-back\/"},"modified":"2026-01-21T11:58:39","modified_gmt":"2026-01-21T08:58:39","slug":"uspsa-metric-cardboard-targets-white-back","status":"publish","type":"product","link":"https:\/\/nbg.eu\/hr\/proizvod\/uspsa-metric-cardboard-targets-white-back\/","title":{"rendered":"Uspsa Metric Cardboard Targets White Back"},"content":{"rendered":"<p>\n100 visokokvalitetnih USPSA\/metri\u010dkih kartonskih meta. Sme\u0111e s jedne strane, bijele (no-shoot) s druge strane. Odgovara to\u010dnim USPSA dimenzijama i zahtjevima.<\/p>\n","protected":false},"excerpt":{"rendered":"<p>USPSA metri\u010dki ciljevi: 100 dvostranih kartonskih meta za vje\u017ebanje.<\/p>\n","protected":false},"featured_media":27414,"template":"","meta":{"_acf_changed":false},"product_brand":[],"product_cat":[13525,13504],"product_tag":[],"class_list":{"0":"post-44746","1":"product","2":"type-product","3":"status-publish","4":"has-post-thumbnail","6":"product_cat-mete","7":"product_cat-papirne-mete","9":"first","10":"outofstock","11":"taxable","12":"shipping-taxable","13":"purchasable","14":"product-type-simple"},"acf":[],"_links":{"self":[{"href":"https:\/\/nbg.eu\/hr\/wp-json\/wp\/v2\/product\/44746","targetHints":{"allow":["GET"]}}],"collection":[{"href":"https:\/\/nbg.eu\/hr\/wp-json\/wp\/v2\/product"}],"about":[{"href":"https:\/\/nbg.eu\/hr\/wp-json\/wp\/v2\/types\/product"}],"wp:featuredmedia":[{"embeddable":true,"href":"https:\/\/nbg.eu\/hr\/wp-json\/wp\/v2\/media\/27414"}],"wp:attachment":[{"href":"https:\/\/nbg.eu\/hr\/wp-json\/wp\/v2\/media?parent=44746"}],"wp:term":[{"taxonomy":"product_brand","embeddable":true,"href":"https:\/\/nbg.eu\/hr\/wp-json\/wp\/v2\/product_brand?post=44746"},{"taxonomy":"product_cat","embeddable":true,"href":"https:\/\/nbg.eu\/hr\/wp-json\/wp\/v2\/product_cat?post=44746"},{"taxonomy":"product_tag","embeddable":true,"href":"https:\/\/nbg.eu\/hr\/wp-json\/wp\/v2\/product_tag?post=44746"}],"curies":[{"name":"wp","href":"https:\/\/api.w.org\/{rel}","templated":true}]}}