{"id":44794,"date":"2024-08-18T12:35:16","date_gmt":"2024-08-18T09:35:16","guid":{"rendered":"https:\/\/nbg.eu\/product\/daa-4-pack-magnetic-collars-for-primer-tube\/"},"modified":"2026-01-21T12:01:07","modified_gmt":"2026-01-21T09:01:07","slug":"daa-4-komada-magnetne-ovratnice-za-cijev-paljnika","status":"publish","type":"product","link":"https:\/\/nbg.eu\/hr\/proizvod\/daa-4-komada-magnetne-ovratnice-za-cijev-paljnika\/","title":{"rendered":"Daa 4-Komada Magnetne Ovratnice za Cijev Paljnika"},"content":{"rendered":"<div class=\"product-description\">\n<h2>DAA 4-Pack Magnetskih Ovratnika Za Cijev\u010dice Za Inicijalne Kapisle<\/h2>\n<p>Pobolj\u0161ajte u\u010dinkovitost va\u0161eg ponovnog punjenja s DAA 4-Pack Magnetskim Ovratnicima, posebno dizajniranim za uporabu s Dillon cijev\u010dicama za prikupljanje i PRIMER-PRO kolatorom inicijalnih kapisli.<\/p>\n<ul>\n<li>Set uklju\u010duje 4 polimerna ovratnika s osiguranim magnetima i vijcima za pode\u0161avanje<\/li>\n<li>Kompatibilno s Dillon cijev\u010dicama za inicijalne kapisle<\/li>\n<li>Idealno za prethodno punjenje vi\u0161e cijev\u010dica prije sesija ponovnog punjenja<\/li>\n<li>Eliminira potrebu za \u010destim vra\u0107anjem na PRIMER-PRO jedinicu<\/li>\n<li>Savr\u0161en dodatak PRIMER-PRO-u, koji dolazi s jednim Magnetskim Ovratnikom<\/li>\n<\/ul>\n<p><strong>Napomena:<\/strong> Cijev\u010dice za inicijalne kapisle NISU uklju\u010dene.<\/p>\n<p>Optimizirajte svoj proces ponovnog punjenja i u\u0161tedite vrijeme s ovim dodatnim Magnetskim Ovratnicima, omogu\u0107uju\u0107i vam da unaprijed pripremite vi\u0161e cijev\u010dica za inicijalne kapisle.<\/p>\n<\/div>\n","protected":false},"excerpt":{"rendered":"<p>4 magnetske ogrlice za Dillonove cjev\u010dice za inicijalne kapisle. Koristiti s PRIMER-PRO.<\/p>\n","protected":false},"featured_media":27345,"template":"","meta":{"_acf_changed":false},"product_brand":[11260],"product_cat":[13544,13555],"product_tag":[],"class_list":{"0":"post-44794","1":"product","2":"type-product","3":"status-publish","4":"has-post-thumbnail","6":"product_brand-doublealpha","7":"product_cat-dodaci-za-punjenje","8":"product_cat-punjenje-streljiva","10":"first","11":"outofstock","12":"taxable","13":"shipping-taxable","14":"purchasable","15":"product-type-simple"},"acf":[],"_links":{"self":[{"href":"https:\/\/nbg.eu\/hr\/wp-json\/wp\/v2\/product\/44794","targetHints":{"allow":["GET"]}}],"collection":[{"href":"https:\/\/nbg.eu\/hr\/wp-json\/wp\/v2\/product"}],"about":[{"href":"https:\/\/nbg.eu\/hr\/wp-json\/wp\/v2\/types\/product"}],"wp:featuredmedia":[{"embeddable":true,"href":"https:\/\/nbg.eu\/hr\/wp-json\/wp\/v2\/media\/27345"}],"wp:attachment":[{"href":"https:\/\/nbg.eu\/hr\/wp-json\/wp\/v2\/media?parent=44794"}],"wp:term":[{"taxonomy":"product_brand","embeddable":true,"href":"https:\/\/nbg.eu\/hr\/wp-json\/wp\/v2\/product_brand?post=44794"},{"taxonomy":"product_cat","embeddable":true,"href":"https:\/\/nbg.eu\/hr\/wp-json\/wp\/v2\/product_cat?post=44794"},{"taxonomy":"product_tag","embeddable":true,"href":"https:\/\/nbg.eu\/hr\/wp-json\/wp\/v2\/product_tag?post=44794"}],"curies":[{"name":"wp","href":"https:\/\/api.w.org\/{rel}","templated":true}]}}