{"id":45487,"date":"2024-08-16T17:52:19","date_gmt":"2024-08-16T17:52:19","guid":{"rendered":"https:\/\/nbg.eu\/product\/rhh-backpack\/"},"modified":"2026-01-21T12:01:46","modified_gmt":"2026-01-21T09:01:46","slug":"rhh-ruksak","status":"publish","type":"product","link":"https:\/\/nbg.eu\/hr\/proizvod\/rhh-ruksak\/","title":{"rendered":"RHH ruksak"},"content":{"rendered":"<div class=\"product-description\">\n<h2>RHH Ruksak za strelja\u0161tvo<\/h2>\n<p>Dizajniran od strelaca za strelce, RHH Ruksak je savr\u0161en za vi\u0161ednevna natjecanja, bilo da koristite jedno ili dva oru\u017eja.<\/p>\n<ul>\n<li>Glavni d\u017eep za oru\u017eje sa sustavom zaklju\u010davanja za lak pristup<\/li>\n<li>Udovoljava IPSC pravilima<\/li>\n<li>Velcro panel i MOLLE vezivanje za dodatke<\/li>\n<li>Obilni prostor za pohranu s organiziranim odjeljcima<\/li>\n<li>D\u017eep za spremnike prima spremnike od 30 metaka s produ\u017eenim podnicama<\/li>\n<li>Odvojive trake slu\u017ee i kao torba za pucanje<\/li>\n<\/ul>\n<p>Veli\u010dina: 100cm x 40cm x 20cm<br \/>\n  D\u017eep za pu\u0161ku: do 95cm<br \/>\n  Te\u017eina: 2,9 kg<\/p>\n<p>Pakirajte pametno, pucajte bolje s RHH Ruksakom za strelja\u0161tvo!<\/p>\n<\/div>\n","protected":false},"excerpt":{"rendered":"<p>RHH ruksak: Dizajniran od strane strijelaca, svestran, spreman za vi\u0161ednevne utrke.<\/p>\n","protected":false},"featured_media":22665,"template":"","meta":{"_acf_changed":false},"product_brand":[11629],"product_cat":[13513],"product_tag":[],"class_list":{"0":"post-45487","1":"product","2":"type-product","3":"status-publish","4":"has-post-thumbnail","6":"product_brand-rh-holsters","7":"product_cat-ruksaci","9":"first","10":"instock","11":"taxable","12":"shipping-taxable","13":"purchasable","14":"product-type-simple"},"acf":[],"_links":{"self":[{"href":"https:\/\/nbg.eu\/hr\/wp-json\/wp\/v2\/product\/45487","targetHints":{"allow":["GET"]}}],"collection":[{"href":"https:\/\/nbg.eu\/hr\/wp-json\/wp\/v2\/product"}],"about":[{"href":"https:\/\/nbg.eu\/hr\/wp-json\/wp\/v2\/types\/product"}],"wp:featuredmedia":[{"embeddable":true,"href":"https:\/\/nbg.eu\/hr\/wp-json\/wp\/v2\/media\/22665"}],"wp:attachment":[{"href":"https:\/\/nbg.eu\/hr\/wp-json\/wp\/v2\/media?parent=45487"}],"wp:term":[{"taxonomy":"product_brand","embeddable":true,"href":"https:\/\/nbg.eu\/hr\/wp-json\/wp\/v2\/product_brand?post=45487"},{"taxonomy":"product_cat","embeddable":true,"href":"https:\/\/nbg.eu\/hr\/wp-json\/wp\/v2\/product_cat?post=45487"},{"taxonomy":"product_tag","embeddable":true,"href":"https:\/\/nbg.eu\/hr\/wp-json\/wp\/v2\/product_tag?post=45487"}],"curies":[{"name":"wp","href":"https:\/\/api.w.org\/{rel}","templated":true}]}}