{"id":46206,"date":"2024-07-31T20:30:37","date_gmt":"2024-07-31T20:30:37","guid":{"rendered":"https:\/\/nbg.eu\/product\/fox-ammunition-65-creed-123-gr\/"},"modified":"2026-01-21T11:48:59","modified_gmt":"2026-01-21T08:48:59","slug":"fox-streljivo-65-creed-123-gr","status":"publish","type":"product","link":"https:\/\/nbg.eu\/hr\/proizvod\/fox-streljivo-65-creed-123-gr\/","title":{"rendered":"Fox Streljivo 6,5 Creed. &#8211; 123 gr"},"content":{"rendered":"<h2>Fox Ammunition 6.5 Creed &#8211; 123 gr<\/h2>\n<p>Fox Ammunition 6.5 Creed 123 gr metci koriste Fox Classic lova\u010dko zrno. Ovi projektili bez olova izra\u0111eni su od legure bakra i cinka.<\/p>\n<ul>\n<li>Sastav bez olova<\/li>\n<li>\u017dljebasti dizajn za smanjeni pritisak u cijevi i pove\u0107anu brzinu<\/li>\n<li>Plasti\u010dni vrh otporan na toplinu pobolj\u0161ava balistiku i terminalni u\u010dinak<\/li>\n<li>Kontrolirano \u0161irenje za prijenos energije<\/li>\n<li>U\u010dinkovito na kratkim i dugim udaljenostima<\/li>\n<li>Zaustavna mo\u0107 s minimalnim o\u0161te\u0107enjem mesa<\/li>\n<\/ul>\n<p>Fox Ammunition nudi preciznost, pouzdanost i eti\u010dku praksu lova.<\/p>\n","protected":false},"excerpt":{"rendered":"<p>Bezolovno, precizno streljivo kalibra 6,5 Creedmoor<\/p>\n","protected":false},"featured_media":46207,"template":"","meta":{"_acf_changed":false},"product_brand":[11330],"product_cat":[13572,13582],"product_tag":[],"class_list":{"0":"post-46206","1":"product","2":"type-product","3":"status-publish","4":"has-post-thumbnail","6":"product_brand-fox-bullets","7":"product_cat-streljivo","8":"product_cat-streljivo-za-puske","10":"first","11":"instock","12":"taxable","13":"shipping-taxable","14":"purchasable","15":"product-type-simple"},"acf":[],"_links":{"self":[{"href":"https:\/\/nbg.eu\/hr\/wp-json\/wp\/v2\/product\/46206","targetHints":{"allow":["GET"]}}],"collection":[{"href":"https:\/\/nbg.eu\/hr\/wp-json\/wp\/v2\/product"}],"about":[{"href":"https:\/\/nbg.eu\/hr\/wp-json\/wp\/v2\/types\/product"}],"wp:featuredmedia":[{"embeddable":true,"href":"https:\/\/nbg.eu\/hr\/wp-json\/wp\/v2\/media\/46207"}],"wp:attachment":[{"href":"https:\/\/nbg.eu\/hr\/wp-json\/wp\/v2\/media?parent=46206"}],"wp:term":[{"taxonomy":"product_brand","embeddable":true,"href":"https:\/\/nbg.eu\/hr\/wp-json\/wp\/v2\/product_brand?post=46206"},{"taxonomy":"product_cat","embeddable":true,"href":"https:\/\/nbg.eu\/hr\/wp-json\/wp\/v2\/product_cat?post=46206"},{"taxonomy":"product_tag","embeddable":true,"href":"https:\/\/nbg.eu\/hr\/wp-json\/wp\/v2\/product_tag?post=46206"}],"curies":[{"name":"wp","href":"https:\/\/api.w.org\/{rel}","templated":true}]}}