{"id":47018,"date":"2024-07-30T19:06:10","date_gmt":"2024-09-12T12:55:51","guid":{"rendered":"https:\/\/nbg.eu\/product\/iosso-ar-rifle-complete-cleaning-kit\/"},"modified":"2026-05-13T15:12:04","modified_gmt":"2026-05-13T12:12:04","slug":"iosso-ar-puska-kompletni-set-za-ciscenje","status":"publish","type":"product","link":"https:\/\/nbg.eu\/hr\/proizvod\/iosso-ar-puska-kompletni-set-za-ciscenje\/","title":{"rendered":"Iosso AR Puska Kompletni Set za Ciscenje"},"content":{"rendered":"<div class=\"product-description\">\n<h2>Iosso AR komplet za \u010di\u0161\u0107enje pu\u0161ke<\/h2>\n<p>Odr\u017eavajte va\u0161e vatreno oru\u017eje s na\u0161im kompletom za \u010di\u0161\u0107enje. Zna\u010dajke:<\/p>\n<ul>\n<li>6 \u010detkica precizno prilago\u0111enih za temeljito \u010di\u0161\u0107enje<\/li>\n<li>\u010cisti gornji prijemnik, komoru, nosa\u010d zatvara\u010da, cijev .223\/.30, klju\u010dnu cijev i plinsku cijev<\/li>\n<li>\u010cetkica za plinsku cijev \u010disti bez rastavljanja<\/li>\n<li>Uklju\u010duje sve potrebne alate, \u0161ipku i u\u017ee<\/li>\n<li>Vi\u0161enamjensko: prikladno za pi\u0161tolje, pu\u0161ke i sa\u010dmarice<\/li>\n<li>Uklju\u010dena prakti\u010dna torba za no\u0161enje<\/li>\n<\/ul>\n<p>Za optimalne rezultate koristite s Iosso sredstvom za \u010di\u0161\u0107enje cijevi i uljem s trostrukim djelovanjem (prodaju se zasebno).<\/p>\n<\/div>\n","protected":false},"excerpt":{"rendered":"<p>Sveobuhvatni komplet za \u010di\u0161\u0107enje AR pu\u0161ke sa 6 \u010detkica i osnovnim alatima.<\/p>\n","protected":false},"featured_media":107629,"template":"","meta":{"_acf_changed":false},"product_brand":[11467],"product_cat":[13528,13511,13518],"product_tag":[],"class_list":{"0":"post-47018","1":"product","2":"type-product","3":"status-publish","4":"has-post-thumbnail","6":"product_brand-iosso","7":"product_cat-cetke","8":"product_cat-ciscenje-oruzja","9":"product_cat-setovi-za-ciscenje","11":"first","12":"instock","13":"taxable","14":"shipping-taxable","15":"purchasable","16":"product-type-variable","17":"wvs-archive-product-wrapper"},"acf":[],"_links":{"self":[{"href":"https:\/\/nbg.eu\/hr\/wp-json\/wp\/v2\/product\/47018","targetHints":{"allow":["GET"]}}],"collection":[{"href":"https:\/\/nbg.eu\/hr\/wp-json\/wp\/v2\/product"}],"about":[{"href":"https:\/\/nbg.eu\/hr\/wp-json\/wp\/v2\/types\/product"}],"wp:featuredmedia":[{"embeddable":true,"href":"https:\/\/nbg.eu\/hr\/wp-json\/wp\/v2\/media\/107629"}],"wp:attachment":[{"href":"https:\/\/nbg.eu\/hr\/wp-json\/wp\/v2\/media?parent=47018"}],"wp:term":[{"taxonomy":"product_brand","embeddable":true,"href":"https:\/\/nbg.eu\/hr\/wp-json\/wp\/v2\/product_brand?post=47018"},{"taxonomy":"product_cat","embeddable":true,"href":"https:\/\/nbg.eu\/hr\/wp-json\/wp\/v2\/product_cat?post=47018"},{"taxonomy":"product_tag","embeddable":true,"href":"https:\/\/nbg.eu\/hr\/wp-json\/wp\/v2\/product_tag?post=47018"}],"curies":[{"name":"wp","href":"https:\/\/api.w.org\/{rel}","templated":true}]}}