{"id":47268,"date":"2024-07-30T18:47:47","date_gmt":"2024-07-30T18:47:47","guid":{"rendered":"https:\/\/nbg.eu\/product\/surefire-maxvision-tactician-e2t-mv\/"},"modified":"2026-02-27T15:51:14","modified_gmt":"2026-02-27T12:51:14","slug":"surefire-maxvision-tactician-e2t-mv","status":"publish","type":"product","link":"https:\/\/nbg.eu\/hr\/proizvod\/surefire-maxvision-tactician-e2t-mv\/","title":{"rendered":"SureFire MAXVISION Tactician E2T-MV"},"content":{"rendered":"<div class=\"product-description\">\n<h2>SureFire MAXVISION Tactician E2T-MV<\/h2>\n<p>SureFire MAXVISION Tactician E2T-MV je svjetiljka za svakodnevno no\u0161enje koja se mo\u017ee koristiti i kao improvizirano oru\u017eje.<\/p>\n<ul>\n<li>LED s dvostrukim izlazom i MaxVision Beam\u00ae reflektorom stvara \u0161iroko osvjetljenje<\/li>\n<li>800 lumena na visokoj postavci za zadatke na ve\u0107oj udaljenosti<\/li>\n<li>5 lumena na niskoj postavci za produljeno vrijeme rada (95 sati)<\/li>\n<li>Takti\u010dki prekida\u010d za trenutno ili stalno uklju\u010divanje<\/li>\n<li>Kompaktna duljina od 12,7 cm i te\u017eina od 99 g<\/li>\n<li>Izra\u0111ena od aluminija s tvrdo anodiziranom zavr\u0161nom obradom prema vojnim specifikacijama<\/li>\n<li>IPX7 ocjena vodootpornosti<\/li>\n<li>Napajanje s dvije uklju\u010dene 123A baterije<\/li>\n<\/ul>\n<p>Dizajn okvira omogu\u0107uje brzo pode\u0161avanje izlaza: zategnite rukom za maksimalni izlaz ili okrenite u suprotnom smjeru od kazaljke na satu za niski izlaz. Svjetiljka ima intenzitet snopa od 3.200 kandela i domet snopa od 115 metara.<\/p>\n<\/div>\n","protected":false},"excerpt":{"rendered":"<p>Svestrana takti\u010dka svjetiljka od 800 lumena s dvostrukim izlazom i MaxVision Beam\u00ae tehnologijom.<\/p>\n","protected":false},"featured_media":47269,"template":"","meta":{"_acf_changed":false},"product_brand":[11859],"product_cat":[13554,13531,13500],"product_tag":[],"class_list":{"0":"post-47268","1":"product","2":"type-product","3":"status-publish","4":"has-post-thumbnail","6":"product_brand-surefire","7":"product_cat-edc","8":"product_cat-edc-svjetla","9":"product_cat-svjetla","11":"first","12":"instock","13":"taxable","14":"shipping-taxable","15":"purchasable","16":"product-type-simple"},"acf":[],"_links":{"self":[{"href":"https:\/\/nbg.eu\/hr\/wp-json\/wp\/v2\/product\/47268","targetHints":{"allow":["GET"]}}],"collection":[{"href":"https:\/\/nbg.eu\/hr\/wp-json\/wp\/v2\/product"}],"about":[{"href":"https:\/\/nbg.eu\/hr\/wp-json\/wp\/v2\/types\/product"}],"wp:featuredmedia":[{"embeddable":true,"href":"https:\/\/nbg.eu\/hr\/wp-json\/wp\/v2\/media\/47269"}],"wp:attachment":[{"href":"https:\/\/nbg.eu\/hr\/wp-json\/wp\/v2\/media?parent=47268"}],"wp:term":[{"taxonomy":"product_brand","embeddable":true,"href":"https:\/\/nbg.eu\/hr\/wp-json\/wp\/v2\/product_brand?post=47268"},{"taxonomy":"product_cat","embeddable":true,"href":"https:\/\/nbg.eu\/hr\/wp-json\/wp\/v2\/product_cat?post=47268"},{"taxonomy":"product_tag","embeddable":true,"href":"https:\/\/nbg.eu\/hr\/wp-json\/wp\/v2\/product_tag?post=47268"}],"curies":[{"name":"wp","href":"https:\/\/api.w.org\/{rel}","templated":true}]}}