{"id":47532,"date":"2024-07-30T18:46:42","date_gmt":"2024-07-30T18:46:42","guid":{"rendered":"https:\/\/nbg.eu\/product\/surefire-dg-11-switch\/"},"modified":"2026-02-27T15:50:31","modified_gmt":"2026-02-27T12:50:31","slug":"surefire-dg-11-prekidac","status":"publish","type":"product","link":"https:\/\/nbg.eu\/hr\/proizvod\/surefire-dg-11-prekidac\/","title":{"rendered":"SureFire DG-11 PREKIDA\u010c"},"content":{"rendered":"<div class=\"product-description\">\n<h2>SureFire DG-11 PREKIDA\u010c<\/h2>\n<p>SureFire DG-11 PREKIDA\u010c je dizajniran za Glock Gen 3\/4\/5 pi\u0161tolje s dodatnim \u0161inama. Ovaj prekida\u010d za hvati\u0161te nudi:<\/p>\n<ul>\n<li>Aktivaciju svjetla bez promjene hvata<\/li>\n<li>Obostrani trenutni i stalni prekida\u010d za uklju\u010divanje\/isklju\u010divanje<\/li>\n<li>Malu sredi\u0161nju podlogu za preciznu kontrolu<\/li>\n<li>Kompatibilnost s X-serijom svjetala za oru\u017eje (osim XH50G)<\/li>\n<\/ul>\n<p>DG-11 omogu\u0107uje korisnicima aktivaciju svjetla pritiskom prsta dok odr\u017eavaju \u010dvrst hvat na oru\u017eju. Ovaj dizajn osigurava brzu i preciznu kontrolu svjetla u stresnim situacijama, \u010dine\u0107i ga korisnim dodatkom za policiju, vojsko osoblje i vlasnike oru\u017eja.<\/p>\n<\/div>\n","protected":false},"excerpt":{"rendered":"<p>Prekida\u010d montiran na rukohvatu za preciznu kontrolu WeaponLight svjetiljke na Glock pi\u0161toljima.<\/p>\n","protected":false},"featured_media":47533,"template":"","meta":{"_acf_changed":false},"product_brand":[11859],"product_cat":[13521,13500,13558],"product_tag":[],"class_list":{"0":"post-47532","1":"product","2":"type-product","3":"status-publish","4":"has-post-thumbnail","6":"product_brand-surefire","7":"product_cat-dodaci-za-svjetla","8":"product_cat-svjetla","9":"product_cat-svjetla-za-puske","11":"first","12":"instock","13":"taxable","14":"shipping-taxable","15":"purchasable","16":"product-type-simple"},"acf":[],"_links":{"self":[{"href":"https:\/\/nbg.eu\/hr\/wp-json\/wp\/v2\/product\/47532","targetHints":{"allow":["GET"]}}],"collection":[{"href":"https:\/\/nbg.eu\/hr\/wp-json\/wp\/v2\/product"}],"about":[{"href":"https:\/\/nbg.eu\/hr\/wp-json\/wp\/v2\/types\/product"}],"wp:featuredmedia":[{"embeddable":true,"href":"https:\/\/nbg.eu\/hr\/wp-json\/wp\/v2\/media\/47533"}],"wp:attachment":[{"href":"https:\/\/nbg.eu\/hr\/wp-json\/wp\/v2\/media?parent=47532"}],"wp:term":[{"taxonomy":"product_brand","embeddable":true,"href":"https:\/\/nbg.eu\/hr\/wp-json\/wp\/v2\/product_brand?post=47532"},{"taxonomy":"product_cat","embeddable":true,"href":"https:\/\/nbg.eu\/hr\/wp-json\/wp\/v2\/product_cat?post=47532"},{"taxonomy":"product_tag","embeddable":true,"href":"https:\/\/nbg.eu\/hr\/wp-json\/wp\/v2\/product_tag?post=47532"}],"curies":[{"name":"wp","href":"https:\/\/api.w.org\/{rel}","templated":true}]}}