{"id":525731,"date":"2025-08-19T20:38:50","date_gmt":"2025-08-19T17:38:50","guid":{"rendered":"https:\/\/nbg.eu\/product\/hographic-sight-eotech-exps3\/"},"modified":"2026-01-21T11:45:40","modified_gmt":"2026-01-21T08:45:40","slug":"hographic-sight-eotech-exps3","status":"publish","type":"product","link":"https:\/\/nbg.eu\/hr\/proizvod\/hographic-sight-eotech-exps3\/","title":{"rendered":"Hographic sight EOTECH EXPS3"},"content":{"rendered":"<div class=\"product-description\">\n<h2>EOTECH HWS EXPS3\u2122 Holografski ciljnik<\/h2>\n<p>EOTECH HWS EXPS3\u2122 je holografski ciljnik koji nudi:<\/p>\n<ul>\n<li>Ciljanje s oba oka otvorena<\/li>\n<li>Kompatibilnost s no\u0107nim vidom s 10 dodatnih postavki<\/li>\n<li>7mm podignuta brzo odvojiva baza za donju 1\/3 ko-vidljivost s mehani\u010dkim ciljnicima<\/li>\n<li>Kompaktni dizajn: 3,8&#8243; x 2,3&#8243; x 2,9&#8243;<\/li>\n<li>Te\u017eina od 11,2 unci<\/li>\n<li>Vodootporan do dubine od 33 stope<\/li>\n<li>20 postavki svjetline za dnevno svjetlo<\/li>\n<li>1000 sati trajanja baterije pri nominalnoj postavci<\/li>\n<\/ul>\n<p>Proizveden u SAD-u, EXPS3 se montira na 1&#8243; Weaver ili MIL-STD-1913 \u0161ine i radi na temperaturama od -40\u00b0F do 140\u00b0F. Uklju\u010duje vodi\u010d za brzi po\u010detak, jamstveni list i CR123 bateriju.<\/p>\n<\/div>\n","protected":false},"excerpt":{"rendered":"<p>Brzo pronala\u017eenje mete, kompatibilno s no\u0107nim vidom, povi\u0161ena baza za brzo odvajanje.<\/p>\n","protected":false},"featured_media":466362,"template":"","meta":{"_acf_changed":false},"product_brand":[],"product_cat":[13520,13529],"product_tag":[],"class_list":{"0":"post-525731","1":"product","2":"type-product","3":"status-publish","4":"has-post-thumbnail","6":"product_cat-nisanjenje","7":"product_cat-tocke-za-puske","9":"first","10":"outofstock","11":"taxable","12":"shipping-taxable","13":"purchasable","14":"product-type-simple"},"acf":[],"_links":{"self":[{"href":"https:\/\/nbg.eu\/hr\/wp-json\/wp\/v2\/product\/525731","targetHints":{"allow":["GET"]}}],"collection":[{"href":"https:\/\/nbg.eu\/hr\/wp-json\/wp\/v2\/product"}],"about":[{"href":"https:\/\/nbg.eu\/hr\/wp-json\/wp\/v2\/types\/product"}],"wp:featuredmedia":[{"embeddable":true,"href":"https:\/\/nbg.eu\/hr\/wp-json\/wp\/v2\/media\/466362"}],"wp:attachment":[{"href":"https:\/\/nbg.eu\/hr\/wp-json\/wp\/v2\/media?parent=525731"}],"wp:term":[{"taxonomy":"product_brand","embeddable":true,"href":"https:\/\/nbg.eu\/hr\/wp-json\/wp\/v2\/product_brand?post=525731"},{"taxonomy":"product_cat","embeddable":true,"href":"https:\/\/nbg.eu\/hr\/wp-json\/wp\/v2\/product_cat?post=525731"},{"taxonomy":"product_tag","embeddable":true,"href":"https:\/\/nbg.eu\/hr\/wp-json\/wp\/v2\/product_tag?post=525731"}],"curies":[{"name":"wp","href":"https:\/\/api.w.org\/{rel}","templated":true}]}}