{"id":526289,"date":"2025-08-19T21:01:26","date_gmt":"2025-08-19T18:01:26","guid":{"rendered":"https:\/\/nbg.eu\/product\/ak-safety-lever-krebs-customs-enhanced-safety-mkvi\/"},"modified":"2026-01-21T11:34:11","modified_gmt":"2026-01-21T08:34:11","slug":"ak-safety-lever-krebs-customs-enhanced-safety-mkvi","status":"publish","type":"product","link":"https:\/\/nbg.eu\/hr\/proizvod\/ak-safety-lever-krebs-customs-enhanced-safety-mkvi\/","title":{"rendered":"AK safety lever Krebs Customs Enhanced Safety (MKVI)"},"content":{"rendered":"<div class=\"product-description\">\n<h2>Krebs Custom Mk VI Pobolj\u0161ana sigurnost za AK pu\u0161ke s pre\u0161anim ku\u0107i\u0161tem<\/h2>\n<p>Krebs Custom Mk VI Pobolj\u0161ana sigurnost, dizajnirana za AK pu\u0161ke standardnog uzorka s pre\u0161anim ku\u0107i\u0161tem. Ova poluga sigurnosti nudi:<\/p>\n<ul>\n<li>100% proizvedeno u SAD-u, jednodijelna konstrukcija<\/li>\n<li>1mm 1050 \u010delik, toplinski obra\u0111en do 50C Rockwell<\/li>\n<li>Pobolj\u0161ana ergonomija i funkcionalnost<\/li>\n<li>Jednostavna instalacija (preporu\u010duje se pu\u0161kar za VEPR 12)<\/li>\n<\/ul>\n<p>Napomena: Nije kompatibilno s poljskim Tantal, Yugo pu\u0161kama ili Century pu\u0161kama bez manjih pu\u0161karske intervencije. Odaberite izme\u0111u Mk VI i Mk VI-S ovisno o trenutnom polo\u017eaju sigurnosnog zaustavlja\u010da va\u0161e pu\u0161ke. Tako\u0111er dostupno za prera\u0111ene Saiga pu\u0161ke (AKM6S).<\/p>\n<\/div>\n","protected":false},"excerpt":{"rendered":"<p>Precizno \u0161tancana AK sigurnosna poluga za standardne \u0161tancane prijemnike.<\/p>\n","protected":false},"featured_media":467117,"template":"","meta":{"_acf_changed":false},"product_brand":[],"product_cat":[13507,13569,13530],"product_tag":[],"class_list":{"0":"post-526289","1":"product","2":"type-product","3":"status-publish","4":"has-post-thumbnail","6":"product_cat-ak-tuning","7":"product_cat-puska","8":"product_cat-tuning-puske","10":"first","11":"instock","12":"taxable","13":"shipping-taxable","14":"purchasable","15":"product-type-simple"},"acf":[],"_links":{"self":[{"href":"https:\/\/nbg.eu\/hr\/wp-json\/wp\/v2\/product\/526289","targetHints":{"allow":["GET"]}}],"collection":[{"href":"https:\/\/nbg.eu\/hr\/wp-json\/wp\/v2\/product"}],"about":[{"href":"https:\/\/nbg.eu\/hr\/wp-json\/wp\/v2\/types\/product"}],"wp:featuredmedia":[{"embeddable":true,"href":"https:\/\/nbg.eu\/hr\/wp-json\/wp\/v2\/media\/467117"}],"wp:attachment":[{"href":"https:\/\/nbg.eu\/hr\/wp-json\/wp\/v2\/media?parent=526289"}],"wp:term":[{"taxonomy":"product_brand","embeddable":true,"href":"https:\/\/nbg.eu\/hr\/wp-json\/wp\/v2\/product_brand?post=526289"},{"taxonomy":"product_cat","embeddable":true,"href":"https:\/\/nbg.eu\/hr\/wp-json\/wp\/v2\/product_cat?post=526289"},{"taxonomy":"product_tag","embeddable":true,"href":"https:\/\/nbg.eu\/hr\/wp-json\/wp\/v2\/product_tag?post=526289"}],"curies":[{"name":"wp","href":"https:\/\/api.w.org\/{rel}","templated":true}]}}