{"id":526398,"date":"2025-08-20T17:48:48","date_gmt":"2025-08-20T14:48:48","guid":{"rendered":"https:\/\/nbg.eu\/product\/recoil-spring-ismi-15-lb-spring-for-glock-17-gl15\/"},"modified":"2026-01-21T11:39:14","modified_gmt":"2026-01-21T08:39:14","slug":"recoil-spring-ismi-15-lb-spring-for-glock-17-gl15","status":"publish","type":"product","link":"https:\/\/nbg.eu\/hr\/proizvod\/recoil-spring-ismi-15-lb-spring-for-glock-17-gl15\/","title":{"rendered":"Recoil spring ISMI 15 lb. Spring for Glock 17 (GL15)"},"content":{"rendered":"<div class=\"product-description\">\n<h2>ISMI 15 lb. Ravna \u017ei\u010dana povratna opruga za Glock 17 (GL15)<\/h2>\n<p>ISMI-jeva povratna opruga za Glock 17. Ova 15 lb. ravna \u017ei\u010dana opruga izra\u0111ena je od legure kroma i vanadija, dizajnirana za tvorni\u010dki promjer vodilice od .250&#8243; ili manje.<\/p>\n<ul>\n<li>CAD dizajnirana i izra\u0111ena prema zrakoplovnim specifikacijama<\/li>\n<li>Toplinski obra\u0111ena, sa\u010dmarena i potpuno oslobo\u0111ena naprezanja<\/li>\n<li>Osigurava dosljedan i pouzdan rad<\/li>\n<li>Kompatibilna s Glock 17, 17L, 20, 21, 22, 24, 31, 35<\/li>\n<li>Proizvedeno u SAD-u<\/li>\n<\/ul>\n<p>ISMI-jeva povratna opruga za Glock za pobolj\u0161anu pouzdanost i performanse.<\/p>\n<\/div>\n","protected":false},"excerpt":{"rendered":"<p>Precizna ravna \u017ei\u010dana povratna opruga od 15 lbs za Glock 17. Proizvedeno u SAD-u, pobolj\u0161ava performanse.<\/p>\n","protected":false},"featured_media":470564,"template":"","meta":{"_acf_changed":false},"product_brand":[11399],"product_cat":[13519,14732],"product_tag":[],"class_list":{"0":"post-526398","1":"product","2":"type-product","3":"status-publish","4":"has-post-thumbnail","6":"product_brand-glock","7":"product_cat-kmr-dijelovi","8":"product_cat-opruge","10":"first","11":"outofstock","12":"taxable","13":"shipping-taxable","14":"purchasable","15":"product-type-simple"},"acf":[],"_links":{"self":[{"href":"https:\/\/nbg.eu\/hr\/wp-json\/wp\/v2\/product\/526398","targetHints":{"allow":["GET"]}}],"collection":[{"href":"https:\/\/nbg.eu\/hr\/wp-json\/wp\/v2\/product"}],"about":[{"href":"https:\/\/nbg.eu\/hr\/wp-json\/wp\/v2\/types\/product"}],"wp:featuredmedia":[{"embeddable":true,"href":"https:\/\/nbg.eu\/hr\/wp-json\/wp\/v2\/media\/470564"}],"wp:attachment":[{"href":"https:\/\/nbg.eu\/hr\/wp-json\/wp\/v2\/media?parent=526398"}],"wp:term":[{"taxonomy":"product_brand","embeddable":true,"href":"https:\/\/nbg.eu\/hr\/wp-json\/wp\/v2\/product_brand?post=526398"},{"taxonomy":"product_cat","embeddable":true,"href":"https:\/\/nbg.eu\/hr\/wp-json\/wp\/v2\/product_cat?post=526398"},{"taxonomy":"product_tag","embeddable":true,"href":"https:\/\/nbg.eu\/hr\/wp-json\/wp\/v2\/product_tag?post=526398"}],"curies":[{"name":"wp","href":"https:\/\/api.w.org\/{rel}","templated":true}]}}