{"id":527172,"date":"2025-09-02T20:11:34","date_gmt":"2025-09-02T17:11:34","guid":{"rendered":"https:\/\/nbg.eu\/product\/ftcs-enlarged-magazine-catch-ak-platform-graphite-black-h-146-nr-29\/"},"modified":"2026-01-21T12:01:49","modified_gmt":"2026-01-21T09:01:49","slug":"ftcs-enlarged-magazine-catch-ak-platform-graphite-black-h-146-nr-29","status":"publish","type":"product","link":"https:\/\/nbg.eu\/hr\/proizvod\/ftcs-enlarged-magazine-catch-ak-platform-graphite-black-h-146-nr-29\/","title":{"rendered":"FTCS &#8211; Enlarged Magazine Catch &#8211; AK Platform &#8211; Graphite Black H-146 &#8211; Nr. 29"},"content":{"rendered":"<div class=\"product-description\">\n<h1>FTCS &#8211; Pove\u0107ani zadr\u017ea\u010d spremnika &#8211; AK platforma<\/h1>\n<h2>Grafitno crna H-146 &#8211; Br. 29<\/h2>\n<p>Pove\u0107ani zadr\u017ea\u010d spremnika od FTCS-a za AK platformu. Dizajniran za lak\u0161e va\u0111enje spremnika.<\/p>\n<ul>\n<li>Kompatibilan s ve\u0107inom AK\/AKM\/AK-74 oru\u017eja<\/li>\n<li>Izra\u0111en od \u010delika s Cerakote premazom<\/li>\n<li>Grafitno crna H-146 boja<\/li>\n<li>Rebrasti jezik za bolji hvat<\/li>\n<li>Dimenzije: 51 x 16 x 14 mm<\/li>\n<li>Te\u017eina: 20 g<\/li>\n<\/ul>\n<p>Ovaj pove\u0107ani zadr\u017ea\u010d omogu\u0107uje lak\u0161e otpu\u0161tanje spremnika palcem ili drugim spremnikom. Cerakote premaz osigurava trajnost.<\/p>\n<\/div>\n","protected":false},"excerpt":{"rendered":"<p>Pove\u0107ana poluga za otpu\u0161tanje spremnika AK. Jednostavno otpu\u0161tanje. \u010celik, Cerakote premaz. Grafitno crna boja.<\/p>\n","protected":false},"featured_media":0,"template":"","meta":{"_acf_changed":false},"product_brand":[],"product_cat":[13585],"product_tag":[],"class_list":{"0":"post-527172","1":"product","2":"type-product","3":"status-publish","5":"product_cat-nerazvrstan","7":"first","8":"instock","9":"taxable","10":"shipping-taxable","11":"purchasable","12":"product-type-simple"},"acf":[],"_links":{"self":[{"href":"https:\/\/nbg.eu\/hr\/wp-json\/wp\/v2\/product\/527172","targetHints":{"allow":["GET"]}}],"collection":[{"href":"https:\/\/nbg.eu\/hr\/wp-json\/wp\/v2\/product"}],"about":[{"href":"https:\/\/nbg.eu\/hr\/wp-json\/wp\/v2\/types\/product"}],"wp:attachment":[{"href":"https:\/\/nbg.eu\/hr\/wp-json\/wp\/v2\/media?parent=527172"}],"wp:term":[{"taxonomy":"product_brand","embeddable":true,"href":"https:\/\/nbg.eu\/hr\/wp-json\/wp\/v2\/product_brand?post=527172"},{"taxonomy":"product_cat","embeddable":true,"href":"https:\/\/nbg.eu\/hr\/wp-json\/wp\/v2\/product_cat?post=527172"},{"taxonomy":"product_tag","embeddable":true,"href":"https:\/\/nbg.eu\/hr\/wp-json\/wp\/v2\/product_tag?post=527172"}],"curies":[{"name":"wp","href":"https:\/\/api.w.org\/{rel}","templated":true}]}}