{"id":527488,"date":"2025-09-02T20:13:23","date_gmt":"2025-09-02T17:13:23","guid":{"rendered":"https:\/\/nbg.eu\/product\/general-nano-protection-super-nano-grease-synthetic-761034\/"},"modified":"2026-01-21T11:44:39","modified_gmt":"2026-01-21T08:44:39","slug":"general-nano-protection-super-nano-grease-synthetic-761034","status":"publish","type":"product","link":"https:\/\/nbg.eu\/hr\/proizvod\/general-nano-protection-super-nano-grease-synthetic-761034\/","title":{"rendered":"General Nano Protection &#8211; Super Nano Grease &#8211; Synthetic &#8211; 761034"},"content":{"rendered":"<h1>General Nano Protection &#8211; Super Nano Mast &#8211; Sinteti\u010dka &#8211; 761034<\/h1>\n<p>Sinteti\u010dko ulje za odr\u017eavanje vatrenog oru\u017eja. Ova bo\u010dica od 200ml Super Nano Masti nudi za\u0161titu i performanse za va\u0161e oru\u017eje.<\/p>\n<ul>\n<li>\u010cisti prah od baruta, ugljik i masno\u0107u<\/li>\n<li>Uklanja vlagu i \u0161titi od korozije<\/li>\n<li>Smanjuje trenje i tro\u0161enje razli\u010ditih materijala<\/li>\n<li>Produ\u017euje \u017eivotni vijek oru\u017eja<\/li>\n<li>Nano\u010desti\u010dna tehnologija za bolje prodiranje<\/li>\n<li>Hidrofobni premaz odbija vodu<\/li>\n<li>Otporno na toplinu od -60\u00b0C do +250\u00b0C<\/li>\n<li>Sigurno za upotrebu na metalu, drvu, boji, gumi i plastici<\/li>\n<\/ul>\n<p>Pogodno za upotrebu na operativnim \u0161ipkama, poklopcima cijevi, osovinama i drugim pokretnim dijelovima.<\/p>\n","protected":false},"excerpt":{"rendered":"<p>Napredno nano ulje za oru\u017eje: \u010disti, podmazuje i \u0161titi vatreno oru\u017eje.<\/p>\n","protected":false},"featured_media":490511,"template":"","meta":{"_acf_changed":false},"product_brand":[],"product_cat":[13585],"product_tag":[],"class_list":{"0":"post-527488","1":"product","2":"type-product","3":"status-publish","4":"has-post-thumbnail","6":"product_cat-nerazvrstan","8":"first","9":"instock","10":"taxable","11":"shipping-taxable","12":"purchasable","13":"product-type-simple"},"acf":[],"_links":{"self":[{"href":"https:\/\/nbg.eu\/hr\/wp-json\/wp\/v2\/product\/527488","targetHints":{"allow":["GET"]}}],"collection":[{"href":"https:\/\/nbg.eu\/hr\/wp-json\/wp\/v2\/product"}],"about":[{"href":"https:\/\/nbg.eu\/hr\/wp-json\/wp\/v2\/types\/product"}],"wp:featuredmedia":[{"embeddable":true,"href":"https:\/\/nbg.eu\/hr\/wp-json\/wp\/v2\/media\/490511"}],"wp:attachment":[{"href":"https:\/\/nbg.eu\/hr\/wp-json\/wp\/v2\/media?parent=527488"}],"wp:term":[{"taxonomy":"product_brand","embeddable":true,"href":"https:\/\/nbg.eu\/hr\/wp-json\/wp\/v2\/product_brand?post=527488"},{"taxonomy":"product_cat","embeddable":true,"href":"https:\/\/nbg.eu\/hr\/wp-json\/wp\/v2\/product_cat?post=527488"},{"taxonomy":"product_tag","embeddable":true,"href":"https:\/\/nbg.eu\/hr\/wp-json\/wp\/v2\/product_tag?post=527488"}],"curies":[{"name":"wp","href":"https:\/\/api.w.org\/{rel}","templated":true}]}}