{"id":533949,"date":"2025-09-04T18:48:31","date_gmt":"2025-09-04T15:48:31","guid":{"rendered":"https:\/\/nbg.eu\/product\/ftcs-buttstock-mounting-adapter-picatinny-for-saiga-cerakote-h-146-nr-28\/"},"modified":"2026-01-21T11:40:09","modified_gmt":"2026-01-21T08:40:09","slug":"ftcs-buttstock-mounting-adapter-picatinny-for-saiga-cerakote-h-146-nr-28","status":"publish","type":"product","link":"https:\/\/nbg.eu\/hr\/proizvod\/ftcs-buttstock-mounting-adapter-picatinny-for-saiga-cerakote-h-146-nr-28\/","title":{"rendered":"FTCS &#8211; Buttstock Mounting Adapter Picatinny for Saiga &#8211; Cerakote &#8211; H-146 &#8211; Nr. 28"},"content":{"rendered":"<div class=\"product-description\">\n<h2>FTCS &#8211; Adapter za monta\u017eu kundaka Picatinny za Saiga &#8211; Cerakote H-146<\/h2>\n<p>Adapter za monta\u017eu kundaka za Saigu ili sli\u010dne platforme. Izra\u0111en od aluminija s Cerakote premazom Graphite Black H-146.<\/p>\n<ul>\n<li>Kompatibilan sa Saiga i srodnim platformama<\/li>\n<li>Omogu\u0107uje monta\u017eu kundaka ili stabilizatora kompatibilnih s Picatinny \u0161inom<\/li>\n<li>Nije potrebno dodatno oru\u0111e za instalaciju<\/li>\n<li>Ugraviran logo proizvo\u0111a\u010da<\/li>\n<li>Dimenzije: 35 x 31 x 30 mm<\/li>\n<li>Te\u017eina: 49 g<\/li>\n<\/ul>\n<p>Mo\u017ee se koristiti s Strike Industries kundacima poput SI-FSA-DUAL, SI-FSA-DUAL-STOCK ili SI-FSA-DUAL-STAB.<\/p>\n<\/div>\n","protected":false},"excerpt":{"rendered":"<p>Adapter za kundak za pu\u0161ku Saiga. Picatinny \u0161ina. Cerakote H-146. FTCS br. 28.<\/p>\n","protected":false},"featured_media":494439,"template":"","meta":{"_acf_changed":false},"product_brand":[],"product_cat":[13507,13569,13530],"product_tag":[],"class_list":{"0":"post-533949","1":"product","2":"type-product","3":"status-publish","4":"has-post-thumbnail","6":"product_cat-ak-tuning","7":"product_cat-puska","8":"product_cat-tuning-puske","10":"first","11":"instock","12":"taxable","13":"shipping-taxable","14":"purchasable","15":"product-type-simple"},"acf":[],"_links":{"self":[{"href":"https:\/\/nbg.eu\/hr\/wp-json\/wp\/v2\/product\/533949","targetHints":{"allow":["GET"]}}],"collection":[{"href":"https:\/\/nbg.eu\/hr\/wp-json\/wp\/v2\/product"}],"about":[{"href":"https:\/\/nbg.eu\/hr\/wp-json\/wp\/v2\/types\/product"}],"wp:featuredmedia":[{"embeddable":true,"href":"https:\/\/nbg.eu\/hr\/wp-json\/wp\/v2\/media\/494439"}],"wp:attachment":[{"href":"https:\/\/nbg.eu\/hr\/wp-json\/wp\/v2\/media?parent=533949"}],"wp:term":[{"taxonomy":"product_brand","embeddable":true,"href":"https:\/\/nbg.eu\/hr\/wp-json\/wp\/v2\/product_brand?post=533949"},{"taxonomy":"product_cat","embeddable":true,"href":"https:\/\/nbg.eu\/hr\/wp-json\/wp\/v2\/product_cat?post=533949"},{"taxonomy":"product_tag","embeddable":true,"href":"https:\/\/nbg.eu\/hr\/wp-json\/wp\/v2\/product_tag?post=533949"}],"curies":[{"name":"wp","href":"https:\/\/api.w.org\/{rel}","templated":true}]}}