{"id":535165,"date":"2025-09-04T23:53:22","date_gmt":"2025-09-04T20:53:22","guid":{"rendered":"https:\/\/nbg.eu\/product\/law-tactical-llc-armorers-flange-tool-2019aft\/"},"modified":"2026-01-21T11:58:40","modified_gmt":"2026-01-21T08:58:40","slug":"law-tactical-llc-armorers-flange-tool-2019aft","status":"publish","type":"product","link":"https:\/\/nbg.eu\/hr\/proizvod\/law-tactical-llc-armorers-flange-tool-2019aft\/","title":{"rendered":"LAW TACTICAL LLC Armorer&#8217;s Flange Tool (2019AFT)"},"content":{"rendered":"<div class=\"product-description\">\n<h2>LAW TACTICAL LLC Alat za prirubnice oru\u017eara (2019AFT)<\/h2>\n<p>Alat za odr\u017eavanje Law Tactical sklopivog adaptera za kundak. Ovaj alat za ugradnju i uklanjanje prirubnice mo\u017ee se ponovno koristiti i izra\u0111en je od toplinski obra\u0111enog uglji\u010dnog \u010delika.<\/p>\n<ul>\n<li>Izra\u0111en od punog komada toplinski obra\u0111enog uglji\u010dnog \u010delika<\/li>\n<li>Dizajniran za dugotrajnu pouzdanost i vijek trajanja<\/li>\n<li>Sadr\u017ei 3\/8&#8243; kvadratni pogon za kompatibilnost s momentnim klju\u010dem<\/li>\n<li>Pojedina\u010dno pregledan radi osiguranja kvalitete<\/li>\n<li>Presvu\u010den crnim Melonitom za za\u0161titu<\/li>\n<\/ul>\n<p>Ovaj alat za oru\u017eare prikladan je za entuzijaste i profesionalce.<\/p>\n<\/div>\n","protected":false},"excerpt":{"rendered":"<p>Izdr\u017eljiv \u010deli\u010dni alat za prirubnice Law Tactical preklopnog kundaka.<\/p>\n","protected":false},"featured_media":495815,"template":"","meta":{"_acf_changed":false},"product_brand":[14392],"product_cat":[13585],"product_tag":[],"class_list":{"0":"post-535165","1":"product","2":"type-product","3":"status-publish","4":"has-post-thumbnail","6":"product_brand-law-tactical-llc","7":"product_cat-nerazvrstan","9":"first","10":"outofstock","11":"taxable","12":"shipping-taxable","13":"purchasable","14":"product-type-simple"},"acf":[],"_links":{"self":[{"href":"https:\/\/nbg.eu\/hr\/wp-json\/wp\/v2\/product\/535165","targetHints":{"allow":["GET"]}}],"collection":[{"href":"https:\/\/nbg.eu\/hr\/wp-json\/wp\/v2\/product"}],"about":[{"href":"https:\/\/nbg.eu\/hr\/wp-json\/wp\/v2\/types\/product"}],"wp:featuredmedia":[{"embeddable":true,"href":"https:\/\/nbg.eu\/hr\/wp-json\/wp\/v2\/media\/495815"}],"wp:attachment":[{"href":"https:\/\/nbg.eu\/hr\/wp-json\/wp\/v2\/media?parent=535165"}],"wp:term":[{"taxonomy":"product_brand","embeddable":true,"href":"https:\/\/nbg.eu\/hr\/wp-json\/wp\/v2\/product_brand?post=535165"},{"taxonomy":"product_cat","embeddable":true,"href":"https:\/\/nbg.eu\/hr\/wp-json\/wp\/v2\/product_cat?post=535165"},{"taxonomy":"product_tag","embeddable":true,"href":"https:\/\/nbg.eu\/hr\/wp-json\/wp\/v2\/product_tag?post=535165"}],"curies":[{"name":"wp","href":"https:\/\/api.w.org\/{rel}","templated":true}]}}