{"id":535490,"date":"2025-09-05T00:00:24","date_gmt":"2025-09-04T21:00:24","guid":{"rendered":"https:\/\/nbg.eu\/product\/rh-504-2-screws-iwb\/"},"modified":"2026-01-21T11:34:53","modified_gmt":"2026-01-21T08:34:53","slug":"rh-504-2-screws-iwb","status":"publish","type":"product","link":"https:\/\/nbg.eu\/hr\/proizvod\/rh-504-2-screws-iwb\/","title":{"rendered":"RH 504-2 Screws IWB"},"content":{"rendered":"<h1>RH 504-2 Vijci IWB &#8211; Zamjenski set za IWB futrole<\/h1>\n<p>RH 504-2 Vijci IWB zamjenski set dizajniran je za Black Trident IWB futrole, osiguravaju\u0107i odgovaraju\u0107u prilagodbu i funkciju.<\/p>\n<h2>Sadr\u017eaj kompleta:<\/h2>\n<ul>\n<li>4 x 9mm vijci s rukavima i razma\u010dnicima<\/li>\n<li>4 x 3mm razma\u010dnici<\/li>\n<li>4 x 6mm vijci<\/li>\n<li>4 x 4.7mm rukavi<\/li>\n<\/ul>\n<p>Kompatibilno s Viking, Quasimodo i Guardian modelima futrola.<\/p>\n<p><strong>Savjet:<\/strong> Za maksimalnu sigurnost, preporu\u010dujemo kori\u0161tenje ljepila za vijke (prodaje se odvojeno) kako bi oprema ostala \u010dvrsto na mjestu.<\/p>\n<p>Naru\u010dite svoj RH 504-2 Vijci IWB set za odr\u017eavanje futrole u dobrom stanju.<\/p>\n","protected":false},"excerpt":{"rendered":"<p>Zamjenski set vijaka za Black Trident IWB futrole. Uklju\u010deno 16 komada.<\/p>\n","protected":false},"featured_media":0,"template":"","meta":{"_acf_changed":false},"product_brand":[11629],"product_cat":[13550],"product_tag":[],"class_list":{"0":"post-535490","1":"product","2":"type-product","3":"status-publish","5":"product_brand-rh-holsters","6":"product_cat-dodaci-za-futrole","8":"first","9":"instock","10":"taxable","11":"shipping-taxable","12":"purchasable","13":"product-type-simple"},"acf":[],"_links":{"self":[{"href":"https:\/\/nbg.eu\/hr\/wp-json\/wp\/v2\/product\/535490","targetHints":{"allow":["GET"]}}],"collection":[{"href":"https:\/\/nbg.eu\/hr\/wp-json\/wp\/v2\/product"}],"about":[{"href":"https:\/\/nbg.eu\/hr\/wp-json\/wp\/v2\/types\/product"}],"wp:attachment":[{"href":"https:\/\/nbg.eu\/hr\/wp-json\/wp\/v2\/media?parent=535490"}],"wp:term":[{"taxonomy":"product_brand","embeddable":true,"href":"https:\/\/nbg.eu\/hr\/wp-json\/wp\/v2\/product_brand?post=535490"},{"taxonomy":"product_cat","embeddable":true,"href":"https:\/\/nbg.eu\/hr\/wp-json\/wp\/v2\/product_cat?post=535490"},{"taxonomy":"product_tag","embeddable":true,"href":"https:\/\/nbg.eu\/hr\/wp-json\/wp\/v2\/product_tag?post=535490"}],"curies":[{"name":"wp","href":"https:\/\/api.w.org\/{rel}","templated":true}]}}