{"id":535918,"date":"2025-09-05T00:03:25","date_gmt":"2025-09-04T21:03:25","guid":{"rendered":"https:\/\/nbg.eu\/product\/utg-pro-monolithic-m-lok-handguard-for-mp5k\/"},"modified":"2026-01-21T12:27:14","modified_gmt":"2026-01-21T09:27:14","slug":"utg-pro-monolithic-m-lok-handguard-for-mp5k","status":"publish","type":"product","link":"https:\/\/nbg.eu\/hr\/proizvod\/utg-pro-monolithic-m-lok-handguard-for-mp5k\/","title":{"rendered":"UTG PRO?\u00ae MONOLITHIC M-LOK\u00ae HANDGUARD FOR MP5K"},"content":{"rendered":"<div class=\"product-description\">\n<h2>UTG PRO\u00ae MONOLITNI M-LOK\u00ae RUKOHVAT ZA MP5K<\/h2>\n<p>UTG PRO\u00ae Monolitni M-LOK\u00ae rukohvat za MP5K nudi:<\/p>\n<ul>\n<li>Aluminijska konstrukcija za malu te\u017einu i \u010dvrsto\u0107u<\/li>\n<li>M-LOK\u00ae kompatibilni utori za montiranje dodataka<\/li>\n<li>Dizajn niskog profila za pobolj\u0161anu ergonomiju<\/li>\n<li>Jednostavna instalacija bez potrebe za pu\u0161karem<\/li>\n<li>Pobolj\u0161ano rasipanje topline za du\u017ee sesije pucanja<\/li>\n<li>Proizvedeno u SAD-u s do\u017eivotnim jamstvom<\/li>\n<\/ul>\n<p>UTG PRO\u00ae Monolitni M-LOK\u00ae rukohvat pru\u017ea funkcionalnost i izgled, prikladan za policiju, natjecateljske strijelce i entuzijaste vatrenog oru\u017eja.<\/p>\n<\/div>\n","protected":false},"excerpt":{"rendered":"<p>UTG PRO M-LOK prednji rukohvat: Elegantan, izdr\u017eljiv dodatak za MP5K.<\/p>\n","protected":false},"featured_media":745242,"template":"","meta":{"_acf_changed":false},"product_brand":[14406],"product_cat":[13569,14791,13583,13530],"product_tag":[],"class_list":{"0":"post-535918","1":"product","2":"type-product","3":"status-publish","4":"has-post-thumbnail","6":"product_brand-leapers-inc","7":"product_cat-puska","8":"product_cat-stitnici-za-ruke","9":"product_cat-tracnice","10":"product_cat-tuning-puske","12":"first","13":"instock","14":"taxable","15":"shipping-taxable","16":"purchasable","17":"product-type-simple"},"acf":[],"_links":{"self":[{"href":"https:\/\/nbg.eu\/hr\/wp-json\/wp\/v2\/product\/535918","targetHints":{"allow":["GET"]}}],"collection":[{"href":"https:\/\/nbg.eu\/hr\/wp-json\/wp\/v2\/product"}],"about":[{"href":"https:\/\/nbg.eu\/hr\/wp-json\/wp\/v2\/types\/product"}],"wp:featuredmedia":[{"embeddable":true,"href":"https:\/\/nbg.eu\/hr\/wp-json\/wp\/v2\/media\/745242"}],"wp:attachment":[{"href":"https:\/\/nbg.eu\/hr\/wp-json\/wp\/v2\/media?parent=535918"}],"wp:term":[{"taxonomy":"product_brand","embeddable":true,"href":"https:\/\/nbg.eu\/hr\/wp-json\/wp\/v2\/product_brand?post=535918"},{"taxonomy":"product_cat","embeddable":true,"href":"https:\/\/nbg.eu\/hr\/wp-json\/wp\/v2\/product_cat?post=535918"},{"taxonomy":"product_tag","embeddable":true,"href":"https:\/\/nbg.eu\/hr\/wp-json\/wp\/v2\/product_tag?post=535918"}],"curies":[{"name":"wp","href":"https:\/\/api.w.org\/{rel}","templated":true}]}}