{"id":536030,"date":"2025-09-05T00:03:25","date_gmt":"2025-09-04T21:03:25","guid":{"rendered":"https:\/\/nbg.eu\/product\/utg-pro-monolithic-m-lok-handguard-for-mp5-extended-length\/"},"modified":"2026-02-27T15:51:13","modified_gmt":"2026-02-27T12:51:13","slug":"utg-pro-monolithic-m-lok-handguard-for-mp5-extended-length","status":"publish","type":"product","link":"https:\/\/nbg.eu\/hr\/proizvod\/utg-pro-monolithic-m-lok-handguard-for-mp5-extended-length\/","title":{"rendered":"UTG PRO\u00ae Monolithic M-LOK\u00ae Handguard, for MP5\u00ae, Extended Length"},"content":{"rendered":"<div class=\"product-description\">\n<h2>UTG PRO\u00ae Monolitni M-LOK\u00ae Rukohvat za MP5\u00ae, Produ\u017eene Duljine<\/h2>\n<p>Nadogradite svoj MP5\u00ae s UTG PRO\u00ae Monolitnim M-LOK\u00ae Rukohvatom. Ovaj produ\u017eeni rukohvat ima sljede\u0107e zna\u010dajke:<\/p>\n<ul>\n<li>Aluminijska konstrukcija za malu te\u017einu i \u010dvrsto\u0107u<\/li>\n<li>M-LOK\u00ae kompatibilni utori za montiranje dodataka<\/li>\n<li>Produ\u017eena duljina za bolji hvat i kontrolu<\/li>\n<li>Monolitni dizajn<\/li>\n<li>Jednostavna instalacija s uklju\u010denim hardverom<\/li>\n<li>Svojstva rasipanja topline za dugotrajnu uporabu<\/li>\n<\/ul>\n<p>Ovaj rukohvat pretvara va\u0161 MP5\u00ae u prilagodljivu platformu. Pobolj\u0161ajte preciznost i rukovanje s UTG PRO\u00ae Monolitnim M-LOK\u00ae Rukohvatom.<\/p>\n<\/div>\n","protected":false},"excerpt":{"rendered":"<p>UTG PRO\u00ae produ\u017eeni M-LOK\u00ae rukohvat za MP5\u00ae: Izdr\u017eljiv, svestran, precizno dizajniran.<\/p>\n","protected":false},"featured_media":745410,"template":"","meta":{"_acf_changed":false},"product_brand":[14406],"product_cat":[13569,14791,13583,13530],"product_tag":[],"class_list":{"0":"post-536030","1":"product","2":"type-product","3":"status-publish","4":"has-post-thumbnail","6":"product_brand-leapers-inc","7":"product_cat-puska","8":"product_cat-stitnici-za-ruke","9":"product_cat-tracnice","10":"product_cat-tuning-puske","12":"first","13":"instock","14":"taxable","15":"shipping-taxable","16":"purchasable","17":"product-type-simple"},"acf":[],"_links":{"self":[{"href":"https:\/\/nbg.eu\/hr\/wp-json\/wp\/v2\/product\/536030","targetHints":{"allow":["GET"]}}],"collection":[{"href":"https:\/\/nbg.eu\/hr\/wp-json\/wp\/v2\/product"}],"about":[{"href":"https:\/\/nbg.eu\/hr\/wp-json\/wp\/v2\/types\/product"}],"wp:featuredmedia":[{"embeddable":true,"href":"https:\/\/nbg.eu\/hr\/wp-json\/wp\/v2\/media\/745410"}],"wp:attachment":[{"href":"https:\/\/nbg.eu\/hr\/wp-json\/wp\/v2\/media?parent=536030"}],"wp:term":[{"taxonomy":"product_brand","embeddable":true,"href":"https:\/\/nbg.eu\/hr\/wp-json\/wp\/v2\/product_brand?post=536030"},{"taxonomy":"product_cat","embeddable":true,"href":"https:\/\/nbg.eu\/hr\/wp-json\/wp\/v2\/product_cat?post=536030"},{"taxonomy":"product_tag","embeddable":true,"href":"https:\/\/nbg.eu\/hr\/wp-json\/wp\/v2\/product_tag?post=536030"}],"curies":[{"name":"wp","href":"https:\/\/api.w.org\/{rel}","templated":true}]}}