{"id":536245,"date":"2025-09-05T00:15:54","date_gmt":"2025-09-04T21:15:54","guid":{"rendered":"https:\/\/nbg.eu\/product\/dillon-aluminum-roller-handle\/"},"modified":"2026-01-21T11:59:38","modified_gmt":"2026-01-21T08:59:38","slug":"dillon-aluminum-roller-handle","status":"publish","type":"product","link":"https:\/\/nbg.eu\/hr\/proizvod\/dillon-aluminum-roller-handle\/","title":{"rendered":"Dillon Aluminum Roller Handle"},"content":{"rendered":"<div class=\"product-description\">\n<h2>Dillon aluminijska ru\u010dka s valjkom<\/h2>\n<p>Dillon Precision dodatna ru\u010dka. Ova aluminijska ru\u010dka s valjkom dizajnirana je za udobnost i u\u010dinkovitost tijekom dugih sesija ponovnog punjenja.<\/p>\n<ul>\n<li>Kompatibilna s RL550, XL750 i 650 punja\u010dima<\/li>\n<li>Smanjuje umor operatera<\/li>\n<li>Olak\u0161ava postavljanje inicijalne kapsule<\/li>\n<li>\u010cvrsta i izdr\u017eljiva aluminijska konstrukcija<\/li>\n<li>Dostupna u Dillon plavoj boji<\/li>\n<\/ul>\n<p>Ova dodatna oprema omogu\u0107uje lak\u0161i i udobniji proces ponovnog punjenja.<\/p>\n<\/div>\n","protected":false},"excerpt":{"rendered":"<p>Ergonomska aluminijska ru\u010dica za gla\u0111e punjenje. Odgovara modelima RL550\/XL750\/650.<\/p>\n","protected":false},"featured_media":496381,"template":"","meta":{"_acf_changed":false},"product_brand":[14328],"product_cat":[13544,13555],"product_tag":[],"class_list":{"0":"post-536245","1":"product","2":"type-product","3":"status-publish","4":"has-post-thumbnail","6":"product_brand-dillon-precision","7":"product_cat-dodaci-za-punjenje","8":"product_cat-punjenje-streljiva","10":"first","11":"outofstock","12":"taxable","13":"shipping-taxable","14":"purchasable","15":"product-type-simple"},"acf":[],"_links":{"self":[{"href":"https:\/\/nbg.eu\/hr\/wp-json\/wp\/v2\/product\/536245","targetHints":{"allow":["GET"]}}],"collection":[{"href":"https:\/\/nbg.eu\/hr\/wp-json\/wp\/v2\/product"}],"about":[{"href":"https:\/\/nbg.eu\/hr\/wp-json\/wp\/v2\/types\/product"}],"wp:featuredmedia":[{"embeddable":true,"href":"https:\/\/nbg.eu\/hr\/wp-json\/wp\/v2\/media\/496381"}],"wp:attachment":[{"href":"https:\/\/nbg.eu\/hr\/wp-json\/wp\/v2\/media?parent=536245"}],"wp:term":[{"taxonomy":"product_brand","embeddable":true,"href":"https:\/\/nbg.eu\/hr\/wp-json\/wp\/v2\/product_brand?post=536245"},{"taxonomy":"product_cat","embeddable":true,"href":"https:\/\/nbg.eu\/hr\/wp-json\/wp\/v2\/product_cat?post=536245"},{"taxonomy":"product_tag","embeddable":true,"href":"https:\/\/nbg.eu\/hr\/wp-json\/wp\/v2\/product_tag?post=536245"}],"curies":[{"name":"wp","href":"https:\/\/api.w.org\/{rel}","templated":true}]}}