{"id":536355,"date":"2025-09-05T00:16:15","date_gmt":"2025-09-04T21:16:15","guid":{"rendered":"https:\/\/nbg.eu\/product\/ar-15-a2-pistol-grip\/"},"modified":"2026-01-21T11:34:07","modified_gmt":"2026-01-21T08:34:07","slug":"ar-15-a2-pistol-grip","status":"publish","type":"product","link":"https:\/\/nbg.eu\/hr\/proizvod\/ar-15-a2-pistol-grip\/","title":{"rendered":"AR-15 A2 PISTOL GRIP"},"content":{"rendered":"<h1>CZ Shadow 2 Orange &#8211; Natjecateljski pi\u0161tolj<\/h1>\n<p>CZ Shadow 2 Orange uklju\u010duje:<\/p>\n<ul>\n<li>Tvorni\u010dki ugra\u0111enu cijev za preciznije grupiranje<\/li>\n<li>Pode\u0161eni okida\u010d s kratkim resetom<\/li>\n<li>Ru\u010dno postavljeni zatvara\u010d i okvir za optimalno poravnanje<\/li>\n<li>Specifi\u010dne rukohvate i produ\u017eeno otpu\u0161tanje spremnika<\/li>\n<li>Podesivo dugme za otpu\u0161tanje spremnika s tri postavke<\/li>\n<li>Nitridna zavr\u0161na obrada s dodatnim premazom na okviru<\/li>\n<li>Tanki aluminijski rukohvati s teksturom<\/li>\n<li>Prednji ciljnik s opti\u010dkim vlaknima i podesivi stra\u017enji ciljnik HAJO<\/li>\n<li>Obostrana ru\u010dna ko\u010dnica<\/li>\n<\/ul>\n<p>Kalibar 9mm Luger s kapacitetom od 17+1 metaka, ovaj pi\u0161tolj s \u010deli\u010dnim okvirom te\u017eine 46,5 unci namijenjen je natjecateljskom strelja\u0161tvu.<\/p>\n","protected":false},"excerpt":{"rendered":"<p>Klasi\u010dni AR-15 rukohvat. Ergonomski dizajn. Izdr\u017eljiva polimerna konstrukcija.<\/p>\n","protected":false},"featured_media":496404,"template":"","meta":{"_acf_changed":false},"product_brand":[],"product_cat":[13569,13530],"product_tag":[],"class_list":{"0":"post-536355","1":"product","2":"type-product","3":"status-publish","4":"has-post-thumbnail","6":"product_cat-puska","7":"product_cat-tuning-puske","9":"first","10":"outofstock","11":"taxable","12":"shipping-taxable","13":"purchasable","14":"product-type-simple"},"acf":[],"_links":{"self":[{"href":"https:\/\/nbg.eu\/hr\/wp-json\/wp\/v2\/product\/536355","targetHints":{"allow":["GET"]}}],"collection":[{"href":"https:\/\/nbg.eu\/hr\/wp-json\/wp\/v2\/product"}],"about":[{"href":"https:\/\/nbg.eu\/hr\/wp-json\/wp\/v2\/types\/product"}],"wp:featuredmedia":[{"embeddable":true,"href":"https:\/\/nbg.eu\/hr\/wp-json\/wp\/v2\/media\/496404"}],"wp:attachment":[{"href":"https:\/\/nbg.eu\/hr\/wp-json\/wp\/v2\/media?parent=536355"}],"wp:term":[{"taxonomy":"product_brand","embeddable":true,"href":"https:\/\/nbg.eu\/hr\/wp-json\/wp\/v2\/product_brand?post=536355"},{"taxonomy":"product_cat","embeddable":true,"href":"https:\/\/nbg.eu\/hr\/wp-json\/wp\/v2\/product_cat?post=536355"},{"taxonomy":"product_tag","embeddable":true,"href":"https:\/\/nbg.eu\/hr\/wp-json\/wp\/v2\/product_tag?post=536355"}],"curies":[{"name":"wp","href":"https:\/\/api.w.org\/{rel}","templated":true}]}}