{"id":538180,"date":"2025-09-05T17:27:04","date_gmt":"2025-09-05T14:27:04","guid":{"rendered":"https:\/\/nbg.eu\/product\/b5-systems-ar-15-precision-stock\/"},"modified":"2026-02-27T15:51:18","modified_gmt":"2026-02-27T12:51:18","slug":"b5-systems-ar-15-precision-stock","status":"publish","type":"product","link":"https:\/\/nbg.eu\/hr\/proizvod\/b5-systems-ar-15-precision-stock\/","title":{"rendered":"B5 SYSTEMS AR-15 PRECISION STOCK"},"content":{"rendered":"<div class=\"product-description\">\n<h2>B5 SYSTEMS AR-15 PRECIZNI KUNDAK<\/h2>\n<p>B5 Systems sklopivi precizni kundak za AR-15. Ovaj kundak kombinira stabilnost fiksnog kundaka s prilagodljivo\u0161\u0107u podesivog karabinskog kundaka.<\/p>\n<ul>\n<li>Izdr\u017eljiva crna konstrukcija od oja\u010danog polimera<\/li>\n<li>Kompatibilan s Mil-Spec cijevima karabinske du\u017eine<\/li>\n<li>Unutarnji zateza\u010di eliminiraju zveckanje<\/li>\n<li>Podesivi jastu\u010di\u0107 za rame i obrazina za optimalnu udobnost<\/li>\n<li>Dvostruki utori za QD remen s ograni\u010denom rotacijom i fiksne petlje za remen<\/li>\n<li>M-LOK utori za pri\u010dvr\u0161\u0107ivanje dodatne opreme<\/li>\n<\/ul>\n<p>Ovaj kundak dizajniran je za ozbiljne konfiguracije pu\u0161ke i nudi funkcionalnost i pouzdanost. B5 Systems proizvodi komponente koje prioritiziraju performanse.<\/p>\n<\/div>\n","protected":false},"excerpt":{"rendered":"<p>Podesivi, stabilni kundak za AR-15 s osloncem za obraz i vi\u0161estrukim priklju\u010dcima za remen.<\/p>\n","protected":false},"featured_media":497064,"template":"","meta":{"_acf_changed":false},"product_brand":[],"product_cat":[13565,13530],"product_tag":[],"class_list":{"0":"post-538180","1":"product","2":"type-product","3":"status-publish","4":"has-post-thumbnail","6":"product_cat-kundaci-za-puske","7":"product_cat-tuning-puske","9":"first","10":"outofstock","11":"taxable","12":"shipping-taxable","13":"purchasable","14":"product-type-simple"},"acf":[],"_links":{"self":[{"href":"https:\/\/nbg.eu\/hr\/wp-json\/wp\/v2\/product\/538180","targetHints":{"allow":["GET"]}}],"collection":[{"href":"https:\/\/nbg.eu\/hr\/wp-json\/wp\/v2\/product"}],"about":[{"href":"https:\/\/nbg.eu\/hr\/wp-json\/wp\/v2\/types\/product"}],"wp:featuredmedia":[{"embeddable":true,"href":"https:\/\/nbg.eu\/hr\/wp-json\/wp\/v2\/media\/497064"}],"wp:attachment":[{"href":"https:\/\/nbg.eu\/hr\/wp-json\/wp\/v2\/media?parent=538180"}],"wp:term":[{"taxonomy":"product_brand","embeddable":true,"href":"https:\/\/nbg.eu\/hr\/wp-json\/wp\/v2\/product_brand?post=538180"},{"taxonomy":"product_cat","embeddable":true,"href":"https:\/\/nbg.eu\/hr\/wp-json\/wp\/v2\/product_cat?post=538180"},{"taxonomy":"product_tag","embeddable":true,"href":"https:\/\/nbg.eu\/hr\/wp-json\/wp\/v2\/product_tag?post=538180"}],"curies":[{"name":"wp","href":"https:\/\/api.w.org\/{rel}","templated":true}]}}