{"id":538413,"date":"2025-09-05T17:36:50","date_gmt":"2025-09-05T14:36:50","guid":{"rendered":"https:\/\/nbg.eu\/product\/ar-15-m16-quick-detach-receiver-end-plate\/"},"modified":"2026-01-21T12:35:08","modified_gmt":"2026-01-21T09:35:08","slug":"ar-15-m16-quick-detach-receiver-end-plate","status":"publish","type":"product","link":"https:\/\/nbg.eu\/hr\/proizvod\/ar-15-m16-quick-detach-receiver-end-plate\/","title":{"rendered":"AR-15\/M16 QUICK DETACH RECEIVER END PLATE"},"content":{"rendered":"<div class=\"product-description\">\n<h2>AR-15\/M16 BCMGUNFIGHTER QD ZAVR\u0160NA PLO\u010cA<\/h2>\n<p>BCMGUNFIGHTER Brzo odvojiva (QD) zavr\u0161na plo\u010da za AR-15 ili M16. Ovaj dodatak pru\u017ea svestranost i izdr\u017eljivost va\u0161em vatrenom oru\u017eju.<\/p>\n<ul>\n<li>Izra\u0111ena od \u010delika za dugotrajnu upotrebu<\/li>\n<li>Ima ugra\u0111enu to\u010dku za brzo odvajanje (QD) okretnog dr\u017ea\u010da<\/li>\n<li>Kompatibilna s AR-15 i AR-308 platformama<\/li>\n<li>Omogu\u0107uje u\u010dvr\u0161\u0107ivanje za sigurnu instalaciju<\/li>\n<li>Proizvedeno u SAD-u<\/li>\n<li>Dostupno u crnoj boji<\/li>\n<\/ul>\n<p>BCMGUNFIGHTER QD zavr\u0161na plo\u010da omogu\u0107uje brzo pri\u010dvr\u0161\u0107ivanje i odvajanje remena, pobolj\u0161avaju\u0107i rukovanje pu\u0161kom u razli\u010ditim situacijama. Nadogradite svoj AR-15 ili M16 ovom komponentom.<\/p>\n<\/div>\n","protected":false},"excerpt":{"rendered":"<p>\u010celi\u010dna QD zavr\u0161na plo\u010da za AR-15\/M16. Proizvedeno u SAD-u, dizajn koji se mo\u017ee slagati.<\/p>\n","protected":false},"featured_media":497150,"template":"","meta":{"_acf_changed":false},"product_brand":[],"product_cat":[13530],"product_tag":[],"class_list":{"0":"post-538413","1":"product","2":"type-product","3":"status-publish","4":"has-post-thumbnail","6":"product_cat-tuning-puske","8":"first","9":"instock","10":"taxable","11":"shipping-taxable","12":"purchasable","13":"product-type-simple"},"acf":[],"_links":{"self":[{"href":"https:\/\/nbg.eu\/hr\/wp-json\/wp\/v2\/product\/538413","targetHints":{"allow":["GET"]}}],"collection":[{"href":"https:\/\/nbg.eu\/hr\/wp-json\/wp\/v2\/product"}],"about":[{"href":"https:\/\/nbg.eu\/hr\/wp-json\/wp\/v2\/types\/product"}],"wp:featuredmedia":[{"embeddable":true,"href":"https:\/\/nbg.eu\/hr\/wp-json\/wp\/v2\/media\/497150"}],"wp:attachment":[{"href":"https:\/\/nbg.eu\/hr\/wp-json\/wp\/v2\/media?parent=538413"}],"wp:term":[{"taxonomy":"product_brand","embeddable":true,"href":"https:\/\/nbg.eu\/hr\/wp-json\/wp\/v2\/product_brand?post=538413"},{"taxonomy":"product_cat","embeddable":true,"href":"https:\/\/nbg.eu\/hr\/wp-json\/wp\/v2\/product_cat?post=538413"},{"taxonomy":"product_tag","embeddable":true,"href":"https:\/\/nbg.eu\/hr\/wp-json\/wp\/v2\/product_tag?post=538413"}],"curies":[{"name":"wp","href":"https:\/\/api.w.org\/{rel}","templated":true}]}}