{"id":539237,"date":"2025-09-05T17:38:16","date_gmt":"2025-09-05T14:38:16","guid":{"rendered":"https:\/\/nbg.eu\/product\/zero-compromise-optic-zc527-10mil-mpct2x\/"},"modified":"2026-01-21T11:29:43","modified_gmt":"2026-01-21T08:29:43","slug":"zero-compromise-optic-zc527-10mil-mpct2x","status":"publish","type":"product","link":"https:\/\/nbg.eu\/hr\/proizvod\/zero-compromise-optic-zc527-10mil-mpct2x\/","title":{"rendered":"Zero Compromise Optic ZC527 10MIL MPCT2X"},"content":{"rendered":"<h1>Zero Compromise Optic ZC527 10MIL MPCT2X<\/h1>\n<p>ZC527 je opti\u010dki ciljnik sljede\u0107ih karakteristika. Duljina je 387mm, a te\u017eina 1122g. Nudi:<\/p>\n<ul>\n<li>35 mil pode\u0161avanje elevacije<\/li>\n<li>20 mil pode\u0161avanje vjetra<\/li>\n<li>Vidno polje 7m\/100m<\/li>\n<li>Prijenos svjetlosti<\/li>\n<li>Rezolucija<\/li>\n<\/ul>\n<p>ZC527 je izra\u0111en od kvalitetnih materijala. Dostupan je u standardnoj zavr\u0161noj obradi ili FDE (flat dark earth) boji.<\/p>\n<p>Zero Compromise Optic ZC527 je opti\u010dki ciljnik visoke kvalitete.<\/p>\n","protected":false},"excerpt":{"rendered":"<p>Vrhunski opti\u010dki ciljnik: Nenadma\u0161na jasno\u0107a, \u0161iroko vidno polje, precizna pode\u0161avanja.<\/p>\n","protected":false},"featured_media":497380,"template":"","meta":{"_acf_changed":false},"product_brand":[15188],"product_cat":[13520,13533],"product_tag":[],"class_list":{"0":"post-539237","1":"product","2":"type-product","3":"status-publish","4":"has-post-thumbnail","6":"product_brand-zero-compromise-optics","7":"product_cat-nisanjenje","8":"product_cat-optika-s-povecanjem","10":"first","11":"outofstock","12":"taxable","13":"shipping-taxable","14":"purchasable","15":"product-type-simple"},"acf":[],"_links":{"self":[{"href":"https:\/\/nbg.eu\/hr\/wp-json\/wp\/v2\/product\/539237","targetHints":{"allow":["GET"]}}],"collection":[{"href":"https:\/\/nbg.eu\/hr\/wp-json\/wp\/v2\/product"}],"about":[{"href":"https:\/\/nbg.eu\/hr\/wp-json\/wp\/v2\/types\/product"}],"wp:featuredmedia":[{"embeddable":true,"href":"https:\/\/nbg.eu\/hr\/wp-json\/wp\/v2\/media\/497380"}],"wp:attachment":[{"href":"https:\/\/nbg.eu\/hr\/wp-json\/wp\/v2\/media?parent=539237"}],"wp:term":[{"taxonomy":"product_brand","embeddable":true,"href":"https:\/\/nbg.eu\/hr\/wp-json\/wp\/v2\/product_brand?post=539237"},{"taxonomy":"product_cat","embeddable":true,"href":"https:\/\/nbg.eu\/hr\/wp-json\/wp\/v2\/product_cat?post=539237"},{"taxonomy":"product_tag","embeddable":true,"href":"https:\/\/nbg.eu\/hr\/wp-json\/wp\/v2\/product_tag?post=539237"}],"curies":[{"name":"wp","href":"https:\/\/api.w.org\/{rel}","templated":true}]}}