{"id":539371,"date":"2025-09-05T17:38:17","date_gmt":"2025-09-05T14:38:17","guid":{"rendered":"https:\/\/nbg.eu\/product\/zco-mount\/"},"modified":"2026-01-21T11:38:41","modified_gmt":"2026-01-21T08:38:41","slug":"zco-mount","status":"publish","type":"product","link":"https:\/\/nbg.eu\/hr\/proizvod\/zco-mount\/","title":{"rendered":"ZCO Mount"},"content":{"rendered":"<div class=\"product-description\">\n<h1>ZCO blok-nosa\u010d: Izra\u0111en za profesionalne opti\u010dke ciljnike<\/h1>\n<p>ZCO blok-nosa\u010d dostupan je s opcijama nagiba od 0Mil \/ 6Mil. Proizveden je u Austriji koriste\u0107i CNC tehnologiju glodanja, ovaj nosa\u010d nudi preciznost i izdr\u017eljivost za ZCO opti\u010dke ciljnike.<\/p>\n<ul>\n<li>Izra\u0111en od EN AW-7075 aluminija s anodiziranom prevlakom<\/li>\n<li>Sklopiva libela (monta\u017ea lijevo ili desno)<\/li>\n<li>Integrirano le\u017ei\u0161te za traku protiv treperenja<\/li>\n<li>Uklju\u010duje klin za niveliranje za pravilno poravnanje ciljnika<\/li>\n<li>Dolazi sa svim potrebnim Torx nastavcima<\/li>\n<\/ul>\n<p>Profesionalno rje\u0161enje za monta\u017eu dizajnirano za maksimiziranje potencijala va\u0161e pu\u0161ke. ZCO blok-nosa\u010d kombinira \u010dvrsto\u0107u, preciznost i prilagodljivost za optimalne performanse u razli\u010ditim situacijama pucanja.<\/p>\n<\/div>\n","protected":false},"excerpt":{"rendered":"<p>Precizni ZCO nosa\u010d: Profesionalne kvalitete, CNC-glodani, s ugra\u0111enom libelom.<\/p>\n","protected":false},"featured_media":497518,"template":"","meta":{"_acf_changed":false},"product_brand":[15188],"product_cat":[14905,13520],"product_tag":[],"class_list":{"0":"post-539371","1":"product","2":"type-product","3":"status-publish","4":"has-post-thumbnail","6":"product_brand-zero-compromise-optics","7":"product_cat-mounts-hr","8":"product_cat-nisanjenje","10":"first","11":"outofstock","12":"taxable","13":"shipping-taxable","14":"purchasable","15":"product-type-simple"},"acf":[],"_links":{"self":[{"href":"https:\/\/nbg.eu\/hr\/wp-json\/wp\/v2\/product\/539371","targetHints":{"allow":["GET"]}}],"collection":[{"href":"https:\/\/nbg.eu\/hr\/wp-json\/wp\/v2\/product"}],"about":[{"href":"https:\/\/nbg.eu\/hr\/wp-json\/wp\/v2\/types\/product"}],"wp:featuredmedia":[{"embeddable":true,"href":"https:\/\/nbg.eu\/hr\/wp-json\/wp\/v2\/media\/497518"}],"wp:attachment":[{"href":"https:\/\/nbg.eu\/hr\/wp-json\/wp\/v2\/media?parent=539371"}],"wp:term":[{"taxonomy":"product_brand","embeddable":true,"href":"https:\/\/nbg.eu\/hr\/wp-json\/wp\/v2\/product_brand?post=539371"},{"taxonomy":"product_cat","embeddable":true,"href":"https:\/\/nbg.eu\/hr\/wp-json\/wp\/v2\/product_cat?post=539371"},{"taxonomy":"product_tag","embeddable":true,"href":"https:\/\/nbg.eu\/hr\/wp-json\/wp\/v2\/product_tag?post=539371"}],"curies":[{"name":"wp","href":"https:\/\/api.w.org\/{rel}","templated":true}]}}