{"id":540246,"date":"2025-09-05T17:42:22","date_gmt":"2025-09-05T14:42:22","guid":{"rendered":"https:\/\/nbg.eu\/product\/ameriglo-range-fo-sight-set-for-glock\/"},"modified":"2026-01-21T12:29:16","modified_gmt":"2026-01-21T09:29:16","slug":"ameriglo-range-fo-sight-set-for-glock","status":"publish","type":"product","link":"https:\/\/nbg.eu\/hr\/proizvod\/ameriglo-range-fo-sight-set-for-glock\/","title":{"rendered":"AMERIGLO RANGE FO SIGHT SET FOR GLOCK"},"content":{"rendered":"<div class=\"product-description\">\n<h2>AMERIGLO RANGE FO SET CILJNIKA ZA GLOCK<\/h2>\n<p>Nadogradite svoj Glock G5 9mm\/.40 kalibra s AMERIGLO Range setom ciljnika sa zupcima. Ovaj set ciljnika dizajniran je za pobolj\u0161anje preciznosti pucanja i akvizicije mete.<\/p>\n<ul>\n<li>Kompatibilan s Glock 19 Gen 5 i Glock 23 Gen 5<\/li>\n<li>\u010celi\u010dna konstrukcija<\/li>\n<li>Crna zavr\u0161na obrada<\/li>\n<li>Kvadratni urez za bolju sliku ciljnika<\/li>\n<li>Nazubljena povr\u0161ina smanjuje odsjaj<\/li>\n<li>Lagana konstrukcija, te\u017eine 0,313 lbs<\/li>\n<\/ul>\n<p>Ovi ciljnici pru\u017eaju pouzdanost i performanse na streljani ili u takti\u010dkim situacijama. Lako se instaliraju i izdr\u017eljivi su, AMERIGLO Range set ciljnika je nadogradnja za va\u0161 Glock.<\/p>\n<\/div>\n","protected":false},"excerpt":{"rendered":"<p>Crni nazubljeni set ciljnika za Glock G5 9mm\/.40, \u010deli\u010dna konstrukcija.<\/p>\n","protected":false},"featured_media":497796,"template":"","meta":{"_acf_changed":false},"product_brand":[],"product_cat":[13515,13545,13520,13539],"product_tag":[],"class_list":{"0":"post-540246","1":"product","2":"type-product","3":"status-publish","4":"has-post-thumbnail","6":"product_cat-dijelovi-za-pistolje","7":"product_cat-dodaci-za-nisanjenje","8":"product_cat-nisanjenje","9":"product_cat-pistolj","11":"first","12":"outofstock","13":"taxable","14":"shipping-taxable","15":"purchasable","16":"product-type-simple"},"acf":[],"_links":{"self":[{"href":"https:\/\/nbg.eu\/hr\/wp-json\/wp\/v2\/product\/540246","targetHints":{"allow":["GET"]}}],"collection":[{"href":"https:\/\/nbg.eu\/hr\/wp-json\/wp\/v2\/product"}],"about":[{"href":"https:\/\/nbg.eu\/hr\/wp-json\/wp\/v2\/types\/product"}],"wp:featuredmedia":[{"embeddable":true,"href":"https:\/\/nbg.eu\/hr\/wp-json\/wp\/v2\/media\/497796"}],"wp:attachment":[{"href":"https:\/\/nbg.eu\/hr\/wp-json\/wp\/v2\/media?parent=540246"}],"wp:term":[{"taxonomy":"product_brand","embeddable":true,"href":"https:\/\/nbg.eu\/hr\/wp-json\/wp\/v2\/product_brand?post=540246"},{"taxonomy":"product_cat","embeddable":true,"href":"https:\/\/nbg.eu\/hr\/wp-json\/wp\/v2\/product_cat?post=540246"},{"taxonomy":"product_tag","embeddable":true,"href":"https:\/\/nbg.eu\/hr\/wp-json\/wp\/v2\/product_tag?post=540246"}],"curies":[{"name":"wp","href":"https:\/\/api.w.org\/{rel}","templated":true}]}}