{"id":540596,"date":"2025-09-05T17:42:22","date_gmt":"2025-09-05T14:42:22","guid":{"rendered":"https:\/\/nbg.eu\/product\/lyman-pro-trim-die\/"},"modified":"2026-01-21T11:45:39","modified_gmt":"2026-01-21T08:45:39","slug":"lyman-pro-trim-die","status":"publish","type":"product","link":"https:\/\/nbg.eu\/hr\/proizvod\/lyman-pro-trim-die\/","title":{"rendered":"Lyman Pro Trim Die"},"content":{"rendered":"<div class=\"product-description\">\n<h2>Lyman Pro Trim matrice<\/h2>\n<p>Lyman Pro Trim matrice, proizvedene u SAD-u, imaju sljede\u0107e zna\u010dajke:<\/p>\n<ul>\n<li>Izra\u0111ene od nehr\u0111aju\u0107eg \u010delika za dugotrajnost<\/li>\n<li>Donji navoj 7\/8-14, kompatibilan sa svim Lyman, Mark 7 i drugim popularnim pre\u0161ama za ponovno punjenje<\/li>\n<li>Gornji navoj 13\/16-20, dizajniran za Lymanov trimer montiran na pre\u0161u i druge vode\u0107e opcije na tr\u017ei\u0161tu<\/li>\n<li>Jamstvo do\u017eivotne uporabe, zahvaljuju\u0107i kvalitetnim materijalima i izradi<\/li>\n<\/ul>\n<p>Lyman Pro Trim matrice namijenjene su za ponovno punjenje streljiva. Kompatibilne su s razli\u010ditom opremom i dizajnirane za precizne rezultate.<\/p>\n<\/div>\n","protected":false},"excerpt":{"rendered":"<p>Precizno izra\u0111eni ameri\u010dki kalup od nehr\u0111aju\u0107eg \u010delika za obrezivanje \u010dahura. Kompatibilan s pre\u0161om.<\/p>\n","protected":false},"featured_media":497820,"template":"","meta":{"_acf_changed":false},"product_brand":[11260],"product_cat":[13544,13555],"product_tag":[],"class_list":{"0":"post-540596","1":"product","2":"type-product","3":"status-publish","4":"has-post-thumbnail","6":"product_brand-doublealpha","7":"product_cat-dodaci-za-punjenje","8":"product_cat-punjenje-streljiva","10":"first","11":"outofstock","12":"taxable","13":"shipping-taxable","14":"purchasable","15":"product-type-simple"},"acf":[],"_links":{"self":[{"href":"https:\/\/nbg.eu\/hr\/wp-json\/wp\/v2\/product\/540596","targetHints":{"allow":["GET"]}}],"collection":[{"href":"https:\/\/nbg.eu\/hr\/wp-json\/wp\/v2\/product"}],"about":[{"href":"https:\/\/nbg.eu\/hr\/wp-json\/wp\/v2\/types\/product"}],"wp:featuredmedia":[{"embeddable":true,"href":"https:\/\/nbg.eu\/hr\/wp-json\/wp\/v2\/media\/497820"}],"wp:attachment":[{"href":"https:\/\/nbg.eu\/hr\/wp-json\/wp\/v2\/media?parent=540596"}],"wp:term":[{"taxonomy":"product_brand","embeddable":true,"href":"https:\/\/nbg.eu\/hr\/wp-json\/wp\/v2\/product_brand?post=540596"},{"taxonomy":"product_cat","embeddable":true,"href":"https:\/\/nbg.eu\/hr\/wp-json\/wp\/v2\/product_cat?post=540596"},{"taxonomy":"product_tag","embeddable":true,"href":"https:\/\/nbg.eu\/hr\/wp-json\/wp\/v2\/product_tag?post=540596"}],"curies":[{"name":"wp","href":"https:\/\/api.w.org\/{rel}","templated":true}]}}