{"id":575531,"date":"2025-10-10T12:34:58","date_gmt":"2025-10-10T09:34:58","guid":{"rendered":"https:\/\/nbg.eu\/product\/grips-kmr-l-dotmatrix-ergo-brass\/"},"modified":"2026-04-16T16:01:32","modified_gmt":"2026-04-16T13:01:32","slug":"rucke-kmr-l-dotmatrix-ergo-brass","status":"publish","type":"product","link":"https:\/\/nbg.eu\/hr\/proizvod\/rucke-kmr-l-dotmatrix-ergo-brass\/","title":{"rendered":"KMR Rukohvati L DotMatrix Ergo Mjed"},"content":{"rendered":"<h2>GRIPS KMR L DOTMATRIX ERGO BRASS<\/h2>\n<p>Messingne rukohvati iz KMR Precision Arms daju va\u0161em oru\u017eju moderan, prepoznatljiv izgled i dodaju uravnote\u017eenu te\u017einu za bolju kontrolu. Ergonomski oblikovana DotMatrix Ergo tekstura osigurava siguran i udoban hvat, pobolj\u0161avaju\u0107i stabilnost \u010dak i tijekom produljene upotrebe ili u zahtjevnim uvjetima. S preciznom obradom, visokom izdr\u017eljivo\u0161\u0107u i otmjenim dizajnom, ovi rukohvati odli\u010dan su izbor za strijelce koji tra\u017ee kombinaciju funkcionalnosti, pouzdanosti i stila.<\/p>\n<p>Marka: KMR Precision Arms<br \/>\nZa oru\u017eje: KMR<br \/>\nKompatibilnost: KMR L-02 UMBRA OD 2024.<br \/>\nDuljina rukohvata: Puna veli\u010dina &#8211; bez dr\u017ea\u010da okvira<br \/>\nTekstura: Dotmatrix Ergo<br \/>\nMaterijal: Mjed<\/p>\n","protected":false},"excerpt":{"rendered":"<p>Messingovi rukohvati KMR \u2013 DotMatrix Ergo uzorak. Ergonomska tekstura za siguran i udoban hvat, uravnote\u017eena te\u017eina za bolju kontrolu.<\/p>\n","protected":false},"featured_media":575556,"template":"","meta":{"_acf_changed":false},"product_brand":[11491],"product_cat":[13519,14869],"product_tag":[],"class_list":{"0":"post-575531","1":"product","2":"type-product","3":"status-publish","4":"has-post-thumbnail","6":"product_brand-kmr-precision","7":"product_cat-kmr-dijelovi","8":"product_cat-pistol-grips-hr","10":"first","11":"instock","12":"taxable","13":"shipping-taxable","14":"purchasable","15":"product-type-simple"},"acf":[],"_links":{"self":[{"href":"https:\/\/nbg.eu\/hr\/wp-json\/wp\/v2\/product\/575531","targetHints":{"allow":["GET"]}}],"collection":[{"href":"https:\/\/nbg.eu\/hr\/wp-json\/wp\/v2\/product"}],"about":[{"href":"https:\/\/nbg.eu\/hr\/wp-json\/wp\/v2\/types\/product"}],"wp:featuredmedia":[{"embeddable":true,"href":"https:\/\/nbg.eu\/hr\/wp-json\/wp\/v2\/media\/575556"}],"wp:attachment":[{"href":"https:\/\/nbg.eu\/hr\/wp-json\/wp\/v2\/media?parent=575531"}],"wp:term":[{"taxonomy":"product_brand","embeddable":true,"href":"https:\/\/nbg.eu\/hr\/wp-json\/wp\/v2\/product_brand?post=575531"},{"taxonomy":"product_cat","embeddable":true,"href":"https:\/\/nbg.eu\/hr\/wp-json\/wp\/v2\/product_cat?post=575531"},{"taxonomy":"product_tag","embeddable":true,"href":"https:\/\/nbg.eu\/hr\/wp-json\/wp\/v2\/product_tag?post=575531"}],"curies":[{"name":"wp","href":"https:\/\/api.w.org\/{rel}","templated":true}]}}