{"id":575935,"date":"2025-10-10T12:35:14","date_gmt":"2025-10-10T09:35:14","guid":{"rendered":"https:\/\/nbg.eu\/product\/safety-set-kmr-lw-rf\/"},"modified":"2026-04-16T16:01:27","modified_gmt":"2026-04-16T13:01:27","slug":"safety-set-kmr-lw-rf","status":"publish","type":"product","link":"https:\/\/nbg.eu\/hr\/proizvod\/safety-set-kmr-lw-rf\/","title":{"rendered":"KMR Komplet Osigura\u010da LW-RF"},"content":{"rendered":"<h2>SIGURNOSNI KOMPLET KMR LW-RF<\/h2>\n<p><strong>Referenca:<\/strong> 0671-03002-0000<\/p>\n<p>Pobolj\u0161ajte sigurnost svog KMR oru\u017eja s na\u0161im sveobuhvatnim SIGURNOSNIM KOMPLETOM KMR LW-RF. Ovaj klju\u010dni komplet dizajniran je kako bi osigurao optimalnu za\u0161titu i funkcionalnost za \u0161iroki raspon KMR modela, uklju\u010duju\u0107i:<\/p>\n<ul>\n<li>KMR L-02 ORCA (2024 i noviji)<\/li>\n<li>KMR L-02 ORCA (2023 i stariji)<\/li>\n<li>KMR L-02 SPECTRA (2023 i stariji)<\/li>\n<li>KMR W-02 CUDA (2024 i noviji)<\/li>\n<li>KMR W-02 CUDA (2023 i stariji)<\/li>\n<li>KMR W-02 UMBRA<\/li>\n<li>KMR W-02 UMBRA (OR)<\/li>\n<\/ul>\n<p>Na\u0161 SIGURNOSNI KOMPLET KMR LW-RF izra\u0111en je kako bi zadovoljio najvi\u0161e standarde pouzdanosti i u\u010dinkovitosti. Bilo da koristite najnoviji ORCA model ili klasi\u010dni UMBRA, ovaj svestrani sigurnosni komplet osigurava da va\u0161e oru\u017eje radi sigurno i u\u010dinkovito. Nadogradite svoje KMR oru\u017eje danas s ovim nezaobilaznim sigurnosnim priborom.<\/p>\n","protected":false},"excerpt":{"rendered":"<p>Osnovni sigurnosni set za KMR oru\u017eje, kompatibilan s vi\u0161e modela<\/p>\n","protected":false},"featured_media":575998,"template":"","meta":{"_acf_changed":false},"product_brand":[],"product_cat":[13519],"product_tag":[],"class_list":{"0":"post-575935","1":"product","2":"type-product","3":"status-publish","4":"has-post-thumbnail","6":"product_cat-kmr-dijelovi","8":"first","9":"outofstock","10":"taxable","11":"shipping-taxable","12":"purchasable","13":"product-type-simple"},"acf":[],"_links":{"self":[{"href":"https:\/\/nbg.eu\/hr\/wp-json\/wp\/v2\/product\/575935","targetHints":{"allow":["GET"]}}],"collection":[{"href":"https:\/\/nbg.eu\/hr\/wp-json\/wp\/v2\/product"}],"about":[{"href":"https:\/\/nbg.eu\/hr\/wp-json\/wp\/v2\/types\/product"}],"wp:featuredmedia":[{"embeddable":true,"href":"https:\/\/nbg.eu\/hr\/wp-json\/wp\/v2\/media\/575998"}],"wp:attachment":[{"href":"https:\/\/nbg.eu\/hr\/wp-json\/wp\/v2\/media?parent=575935"}],"wp:term":[{"taxonomy":"product_brand","embeddable":true,"href":"https:\/\/nbg.eu\/hr\/wp-json\/wp\/v2\/product_brand?post=575935"},{"taxonomy":"product_cat","embeddable":true,"href":"https:\/\/nbg.eu\/hr\/wp-json\/wp\/v2\/product_cat?post=575935"},{"taxonomy":"product_tag","embeddable":true,"href":"https:\/\/nbg.eu\/hr\/wp-json\/wp\/v2\/product_tag?post=575935"}],"curies":[{"name":"wp","href":"https:\/\/api.w.org\/{rel}","templated":true}]}}