{"id":58075,"date":"2024-02-20T22:21:46","date_gmt":"2024-02-20T19:21:46","guid":{"rendered":"https:\/\/nbg.eu\/product\/geissele-super-precision-compm5s-series-optic-mounts-black-absolute-co-witness\/"},"modified":"2026-04-22T11:35:21","modified_gmt":"2026-04-22T08:35:21","slug":"geissele-super-precision-compm5s-serija-nosaca-za-optiku-crni-absolute-co-witness","status":"publish","type":"product","link":"https:\/\/nbg.eu\/hr\/proizvod\/geissele-super-precision-compm5s-serija-nosaca-za-optiku-crni-absolute-co-witness\/","title":{"rendered":"Geissele Monta\u017ea za Red Dot Super Precision CompM5s Absolute Co-Witness &#8211; Black"},"content":{"rendered":"<h2>Geissele Super Precision\u00ae &#8211; Nosa\u010di optike za seriju CompM5s<\/h2>\n<h3>Crna boja (Apsolutno poklapanje)<\/h3>\n<p>Geissele Super Precision\u00ae nosa\u010d optike za CompM5s seriju. Dizajniran za Aimpoint CompM5s i sli\u010dne crvene to\u010dkaste optike, ovaj nosa\u010d nudi preciznost i izdr\u017eljivost.<\/p>\n<ul>\n<li>Precizno izra\u0111en iz jednog komada 7075-T6 aluminija visoke \u010dvrsto\u0107e<\/li>\n<li>Opcija visine za apsolutno poklapanje<\/li>\n<li>Metoda pri\u010dvr\u0161\u0107ivanja s maticom i vijkom sa 1.400 funti sile stezanja<\/li>\n<li>3 smi\u010dna utora za maksimalnu krutost i povratak na nulu<\/li>\n<li>Tip 3 tvrdo anodizirane zavr\u0161ne obrade u crnoj boji<\/li>\n<\/ul>\n<p>Geissele nudi rje\u0161enja za montiranje optike koja pobolj\u0161avaju performanse i pouzdanost va\u0161eg vatrenog oru\u017eja.<\/p>\n","protected":false},"excerpt":{"rendered":"<p>Precizno izra\u0111en nosa\u010d za Aimpoint CompM5s. Robustan, \u010dvrst i pouzdan.<\/p>\n","protected":false},"featured_media":58076,"template":"","meta":{"_acf_changed":false},"product_brand":[11375],"product_cat":[13515,13519,13551,14918],"product_tag":[],"class_list":{"0":"post-58075","1":"product","2":"type-product","3":"status-publish","4":"has-post-thumbnail","6":"product_brand-geissele","7":"product_cat-dijelovi-za-pistolje","8":"product_cat-kmr-dijelovi","9":"product_cat-opticki-nisani-za-pistolje","10":"product_cat-red-dot-sights-mounts-hr","12":"first","13":"instock","14":"taxable","15":"shipping-taxable","16":"product-type-simple"},"acf":[],"_links":{"self":[{"href":"https:\/\/nbg.eu\/hr\/wp-json\/wp\/v2\/product\/58075","targetHints":{"allow":["GET"]}}],"collection":[{"href":"https:\/\/nbg.eu\/hr\/wp-json\/wp\/v2\/product"}],"about":[{"href":"https:\/\/nbg.eu\/hr\/wp-json\/wp\/v2\/types\/product"}],"wp:featuredmedia":[{"embeddable":true,"href":"https:\/\/nbg.eu\/hr\/wp-json\/wp\/v2\/media\/58076"}],"wp:attachment":[{"href":"https:\/\/nbg.eu\/hr\/wp-json\/wp\/v2\/media?parent=58075"}],"wp:term":[{"taxonomy":"product_brand","embeddable":true,"href":"https:\/\/nbg.eu\/hr\/wp-json\/wp\/v2\/product_brand?post=58075"},{"taxonomy":"product_cat","embeddable":true,"href":"https:\/\/nbg.eu\/hr\/wp-json\/wp\/v2\/product_cat?post=58075"},{"taxonomy":"product_tag","embeddable":true,"href":"https:\/\/nbg.eu\/hr\/wp-json\/wp\/v2\/product_tag?post=58075"}],"curies":[{"name":"wp","href":"https:\/\/api.w.org\/{rel}","templated":true}]}}