{"id":582557,"date":"2025-10-10T18:10:11","date_gmt":"2025-10-10T15:10:11","guid":{"rendered":"https:\/\/nbg.eu\/product\/daa-gripz-grip-enhancer-75-ml\/"},"modified":"2026-01-21T11:48:14","modified_gmt":"2026-01-21T08:48:14","slug":"daa-gripz-pojacivac-hvata-75-ml","status":"publish","type":"product","link":"https:\/\/nbg.eu\/hr\/proizvod\/daa-gripz-pojacivac-hvata-75-ml\/","title":{"rendered":"DAA GRIPZ &#8211; poja\u010diva\u010d hvata 75 ml"},"content":{"rendered":"<div class=\"product-description\">\n<h2>DAA GRIPZ &#8211; Poja\u010diva\u010d hvata 75 ml<\/h2>\n<p>DAA GRIPZ je losion za pobolj\u0161anje hvata namijenjen IPSC i USPSA pucanju iz pi\u0161tolja. Ova bo\u010dica od 75ml osigurava siguran hvat u vla\u017enim uvjetima i ekstremnoj vru\u0107ini.<\/p>\n<ul>\n<li>Formula na bazi silicija s alkoholom i stabilizatorima za optimalnu u\u010dinkovitost i trajnost<\/li>\n<li>Zatvara\u010d s poklopcem za jednostavan pristup jednom rukom<\/li>\n<li>Ne su\u0161i se u bijelo niti se lako skida na odje\u0107u i rukohvat pi\u0161tolja<\/li>\n<li>Odr\u017eava suhe dlanove i siguran hvat tijekom brzog i preciznog pucanja<\/li>\n<\/ul>\n<p>DAA GRIPZ mo\u017ee pobolj\u0161ati va\u0161e pucanje.<\/p>\n<\/div>\n","protected":false},"excerpt":{"rendered":"<p>DAA GRIPZ: Pobolj\u0161ajte hvat za precizno pucanje. Bo\u010dica od 75 ml.<\/p>\n","protected":false},"featured_media":582614,"template":"","meta":{"_acf_changed":false},"product_brand":[11260],"product_cat":[13577],"product_tag":[],"class_list":{"0":"post-582557","1":"product","2":"type-product","3":"status-publish","4":"has-post-thumbnail","6":"product_brand-doublealpha","7":"product_cat-oprema","9":"first","10":"instock","11":"taxable","12":"shipping-taxable","13":"purchasable","14":"product-type-simple"},"acf":[],"_links":{"self":[{"href":"https:\/\/nbg.eu\/hr\/wp-json\/wp\/v2\/product\/582557","targetHints":{"allow":["GET"]}}],"collection":[{"href":"https:\/\/nbg.eu\/hr\/wp-json\/wp\/v2\/product"}],"about":[{"href":"https:\/\/nbg.eu\/hr\/wp-json\/wp\/v2\/types\/product"}],"wp:featuredmedia":[{"embeddable":true,"href":"https:\/\/nbg.eu\/hr\/wp-json\/wp\/v2\/media\/582614"}],"wp:attachment":[{"href":"https:\/\/nbg.eu\/hr\/wp-json\/wp\/v2\/media?parent=582557"}],"wp:term":[{"taxonomy":"product_brand","embeddable":true,"href":"https:\/\/nbg.eu\/hr\/wp-json\/wp\/v2\/product_brand?post=582557"},{"taxonomy":"product_cat","embeddable":true,"href":"https:\/\/nbg.eu\/hr\/wp-json\/wp\/v2\/product_cat?post=582557"},{"taxonomy":"product_tag","embeddable":true,"href":"https:\/\/nbg.eu\/hr\/wp-json\/wp\/v2\/product_tag?post=582557"}],"curies":[{"name":"wp","href":"https:\/\/api.w.org\/{rel}","templated":true}]}}