{"id":583694,"date":"2025-10-10T23:40:13","date_gmt":"2025-10-10T20:40:13","guid":{"rendered":"https:\/\/nbg.eu\/product\/dillon-4-pack-primer-pickup-tubes-small-primer\/"},"modified":"2026-01-21T11:39:15","modified_gmt":"2026-01-21T08:39:15","slug":"dillon-4-pack-cijevi-za-paljbene-kapisle-mali-paljbeni-kapsli","status":"publish","type":"product","link":"https:\/\/nbg.eu\/hr\/proizvod\/dillon-4-pack-cijevi-za-paljbene-kapisle-mali-paljbeni-kapsli\/","title":{"rendered":"Dillon 4-pack cijevi za paljbene kapisle &#8211; mali paljbeni kapsli"},"content":{"rendered":"<div class=\"product-description\">\n<h2>Dillon set od 4 cjev\u010dice za podizanje malih inicijatora<\/h2>\n<p>Ove cjev\u010dice za podizanje malih inicijatora dizajnirane su za ubrzanje procesa ponovnog punjenja streljiva.<\/p>\n<ul>\n<li>Set od 4 cjev\u010dice za male inicijatore<\/li>\n<li>Cjev\u010dice se mogu unaprijed napuniti za br\u017ee punjenje<\/li>\n<li>Kompatibilne s Dillon pre\u0161ama za punjenje<\/li>\n<li>Pove\u0107ava produktivnost i \u0161tedi vrijeme<\/li>\n<\/ul>\n<p>Dr\u017eite ove cjev\u010dice napunjene i spremne za kontinuirano punjenje. Pogodne za natjecatelje i osobe koje pune velike koli\u010dine streljiva.<\/p>\n<\/div>\n","protected":false},"excerpt":{"rendered":"<p>4 male cjev\u010dice za hvatanje inicijalne kapsule za brzo i u\u010dinkovito punjenje metaka.<\/p>\n","protected":false},"featured_media":583724,"template":"","meta":{"_acf_changed":false},"product_brand":[14328],"product_cat":[13544,13555],"product_tag":[],"class_list":{"0":"post-583694","1":"product","2":"type-product","3":"status-publish","4":"has-post-thumbnail","6":"product_brand-dillon-precision","7":"product_cat-dodaci-za-punjenje","8":"product_cat-punjenje-streljiva","10":"first","11":"outofstock","12":"taxable","13":"shipping-taxable","14":"purchasable","15":"product-type-simple"},"acf":[],"_links":{"self":[{"href":"https:\/\/nbg.eu\/hr\/wp-json\/wp\/v2\/product\/583694","targetHints":{"allow":["GET"]}}],"collection":[{"href":"https:\/\/nbg.eu\/hr\/wp-json\/wp\/v2\/product"}],"about":[{"href":"https:\/\/nbg.eu\/hr\/wp-json\/wp\/v2\/types\/product"}],"wp:featuredmedia":[{"embeddable":true,"href":"https:\/\/nbg.eu\/hr\/wp-json\/wp\/v2\/media\/583724"}],"wp:attachment":[{"href":"https:\/\/nbg.eu\/hr\/wp-json\/wp\/v2\/media?parent=583694"}],"wp:term":[{"taxonomy":"product_brand","embeddable":true,"href":"https:\/\/nbg.eu\/hr\/wp-json\/wp\/v2\/product_brand?post=583694"},{"taxonomy":"product_cat","embeddable":true,"href":"https:\/\/nbg.eu\/hr\/wp-json\/wp\/v2\/product_cat?post=583694"},{"taxonomy":"product_tag","embeddable":true,"href":"https:\/\/nbg.eu\/hr\/wp-json\/wp\/v2\/product_tag?post=583694"}],"curies":[{"name":"wp","href":"https:\/\/api.w.org\/{rel}","templated":true}]}}