{"id":60786,"date":"2024-02-14T20:38:31","date_gmt":"2024-09-16T10:31:55","guid":{"rendered":"https:\/\/nbg.eu\/product\/alg-defense-emr-v3x-15-handguard-black\/"},"modified":"2026-01-21T11:46:38","modified_gmt":"2026-01-21T08:46:38","slug":"alg-defense-emr-v3x-15-rukohvat-crni","status":"publish","type":"product","link":"https:\/\/nbg.eu\/hr\/proizvod\/alg-defense-emr-v3x-15-rukohvat-crni\/","title":{"rendered":"ALG Defense EMR V3X 15&#8243; Rukohvat &#8211; Crni"},"content":{"rendered":"<p>ALG Defense EMR V3X 15&#8243; rukohvat u crnoj boji nudi prilagodbu pomo\u0107u M-LOK sustava. Omogu\u0107uje montiranje dodataka na pozicijama 2, 4, 6, 8 i 10 sati. Ima M1913 picatinny \u0161inu pune duljine na poziciji 12 sati za postavljanje ciljnika, lasera, svjetala i druge optike. Prikladan za prilagodbu oru\u017eja specifi\u010dnim potrebama.<\/p>\n","protected":false},"excerpt":{"rendered":"<p>Svestrani 15&#8243; M-LOK rukohvat s Picatinny \u0161inom pune du\u017eine.<\/p>\n","protected":false},"featured_media":60787,"template":"","meta":{"_acf_changed":false},"product_brand":[11375],"product_cat":[14856,13569,14791,13583,13530],"product_tag":[],"class_list":{"0":"post-60786","1":"product","2":"type-product","3":"status-publish","4":"has-post-thumbnail","6":"product_brand-geissele","7":"product_cat-ar-15-rukohvati","8":"product_cat-puska","9":"product_cat-stitnici-za-ruke","10":"product_cat-tracnice","11":"product_cat-tuning-puske","13":"first","14":"instock","15":"taxable","16":"shipping-taxable","17":"product-type-simple"},"acf":[],"_links":{"self":[{"href":"https:\/\/nbg.eu\/hr\/wp-json\/wp\/v2\/product\/60786","targetHints":{"allow":["GET"]}}],"collection":[{"href":"https:\/\/nbg.eu\/hr\/wp-json\/wp\/v2\/product"}],"about":[{"href":"https:\/\/nbg.eu\/hr\/wp-json\/wp\/v2\/types\/product"}],"wp:featuredmedia":[{"embeddable":true,"href":"https:\/\/nbg.eu\/hr\/wp-json\/wp\/v2\/media\/60787"}],"wp:attachment":[{"href":"https:\/\/nbg.eu\/hr\/wp-json\/wp\/v2\/media?parent=60786"}],"wp:term":[{"taxonomy":"product_brand","embeddable":true,"href":"https:\/\/nbg.eu\/hr\/wp-json\/wp\/v2\/product_brand?post=60786"},{"taxonomy":"product_cat","embeddable":true,"href":"https:\/\/nbg.eu\/hr\/wp-json\/wp\/v2\/product_cat?post=60786"},{"taxonomy":"product_tag","embeddable":true,"href":"https:\/\/nbg.eu\/hr\/wp-json\/wp\/v2\/product_tag?post=60786"}],"curies":[{"name":"wp","href":"https:\/\/api.w.org\/{rel}","templated":true}]}}