{"id":61685,"date":"2024-02-14T19:58:42","date_gmt":"2024-02-14T19:58:42","guid":{"rendered":"https:\/\/nbg.eu\/product\/geissele-10-5-super-modular-rail-mk16-m-lok\/"},"modified":"2026-04-22T11:58:28","modified_gmt":"2026-04-22T08:58:28","slug":"geissele-105-super-modularni-nosac-mk16-m-lok","status":"publish","type":"product","link":"https:\/\/nbg.eu\/hr\/proizvod\/geissele-105-super-modularni-nosac-mk16-m-lok\/","title":{"rendered":"Geissele Rukohvat MK16 10.5&#8243; Super Modular Rail M-LOK"},"content":{"rendered":"<h2 style=\"text-align: center\"><b>10.5\u2033 Super modularni sustav \u0161ina MK16 M-LOK\u00ae<\/b><\/h2>\n<p>Geissele Super modularni sustav \u0161ina MK16 montira se na gornji dio AR-15 pu\u0161ke koriste\u0107i a\u017euriranu verziju Geissele matice za cijev. MK16 je jednostavan za instalaciju i odr\u017eavanje te nudi pobolj\u0161anu krutost. Jezi\u010dci protiv rotacije i vijci osiguravaju da se \u0161ina ne\u0107e okretati. M<b>1913 picatinny \u0161ina na vrhu i M-LOK\u2122<\/b> utori na svim stranama omogu\u0107uju prilagodbu za dodatke. Geissele SMR MK16 izra\u0111en je od <b>aluminija serije 7000<\/b> i zavr\u0161no obra\u0111en anodizacijom tipa 3.<\/p>\n<p>Super modularni sustav \u0161ina 13.5&#8243; (SMR) MK16 M-LOK\u00ae, NSN# 1005-01-672-4794 (13.5&#8243;), <b>usvojen je od strane USASOC-a za URG-I program (Pobolj\u0161ana grupa gornjeg prijemnika)<\/b>.<\/p>\n<p>&nbsp;<\/p>\n<h2 style=\"text-align: center\"><strong>SPECIFIKACIJE<\/strong><\/h2>\n<hr \/>\n<table border=\"1\">\n<tbody>\n<tr>\n<td><strong>VISINA: <\/strong><\/td>\n<td> 2,39&#8243;<\/td>\n<\/tr>\n<tr>\n<td><strong>BOJA: <\/strong><\/td>\n<td> Crna, DDC, Siva, ODG<\/td>\n<\/tr>\n<tr>\n<td><strong>MATERIJAL: <\/strong><\/td>\n<td> Aluminij serije 7000<\/td>\n<\/tr>\n<tr>\n<td><strong>ZAVR\u0160NA OBRADA: <\/strong><\/td>\n<td> Anodizacija tipa 3<\/td>\n<\/tr>\n<tr>\n<td><strong>DOSTUPNE DU\u017dINE: <\/strong><\/td>\n<td> 9,3&#8243;, 10,5&#8243;, 13,5&#8243;, 15&#8243;<\/td>\n<\/tr>\n<tr>\n<td><strong>UNUTARNJI PROMJER: <\/strong><\/td>\n<td> 1,26&#8243;<\/td>\n<\/tr>\n<tr>\n<td><strong>VANJSKI PROMJER (DAQ*): <\/strong><\/td>\n<td> 1,59&#8243;<\/td>\n<\/tr>\n<tr>\n<td><strong>SMR MK16 9,3&#8243; TE\u017dINA: <\/strong><\/td>\n<td> 10,1 oz (11,74 oz s maticom za cijev)<\/td>\n<\/tr>\n<tr>\n<td><strong>SMR MK16 10,5&#8243; TE\u017dINA: <\/strong><\/td>\n<td> 11 oz (12,6 oz s maticom za cijev)<\/td>\n<\/tr>\n<tr>\n<td><strong>SMR MK16 13,5&#8243; TE\u017dINA: <\/strong><\/td>\n<td> 13,4 oz (14,9 oz s maticom za cijev)<\/td>\n<\/tr>\n<tr>\n<td><strong>SMR MK16 15&#8243; TE\u017dINA: <\/strong><\/td>\n<td> 14,2 oz (15,8 oz s maticom za cijev)<\/td>\n<\/tr>\n<\/tbody>\n<\/table>\n<p><em>*DAQ &#8211; Udaljenost preko kvadranata<\/em><\/p>\n","protected":false},"excerpt":{"rendered":"<p><strong>Nenadma\u0161ne performanse za najzahtjevnije strijelce<\/strong><\/p>\n","protected":false},"featured_media":61686,"template":"","meta":{"_acf_changed":false},"product_brand":[11375],"product_cat":[14948,13569,13505,13583,13530],"product_tag":[],"class_list":{"0":"post-61685","1":"product","2":"type-product","3":"status-publish","4":"has-post-thumbnail","6":"product_brand-geissele","7":"product_cat-m-lok-rail-systems-hr","8":"product_cat-puska","9":"product_cat-remeni","10":"product_cat-tracnice","11":"product_cat-tuning-puske","13":"first","14":"instock","15":"taxable","16":"shipping-taxable","17":"product-type-variable","18":"wvs-archive-product-wrapper"},"acf":[],"_links":{"self":[{"href":"https:\/\/nbg.eu\/hr\/wp-json\/wp\/v2\/product\/61685","targetHints":{"allow":["GET"]}}],"collection":[{"href":"https:\/\/nbg.eu\/hr\/wp-json\/wp\/v2\/product"}],"about":[{"href":"https:\/\/nbg.eu\/hr\/wp-json\/wp\/v2\/types\/product"}],"wp:featuredmedia":[{"embeddable":true,"href":"https:\/\/nbg.eu\/hr\/wp-json\/wp\/v2\/media\/61686"}],"wp:attachment":[{"href":"https:\/\/nbg.eu\/hr\/wp-json\/wp\/v2\/media?parent=61685"}],"wp:term":[{"taxonomy":"product_brand","embeddable":true,"href":"https:\/\/nbg.eu\/hr\/wp-json\/wp\/v2\/product_brand?post=61685"},{"taxonomy":"product_cat","embeddable":true,"href":"https:\/\/nbg.eu\/hr\/wp-json\/wp\/v2\/product_cat?post=61685"},{"taxonomy":"product_tag","embeddable":true,"href":"https:\/\/nbg.eu\/hr\/wp-json\/wp\/v2\/product_tag?post=61685"}],"curies":[{"name":"wp","href":"https:\/\/api.w.org\/{rel}","templated":true}]}}