{"id":673419,"date":"2025-11-17T17:24:54","date_gmt":"2025-11-17T14:24:54","guid":{"rendered":"https:\/\/nbg.eu\/product\/termalna-kamera-nocpix-vista-h50r-s-lrf-50-mm-12-%ce%bcm-640x512-15-mk-netd\/"},"modified":"2026-04-14T15:45:36","modified_gmt":"2026-04-14T12:45:36","slug":"termalna-kamera-nocpix-vista-h50r-s-lrf-50-mm-12-%ce%bcm-640x512-15-mk-netd","status":"publish","type":"product","link":"https:\/\/nbg.eu\/hr\/proizvod\/termalna-kamera-nocpix-vista-h50r-s-lrf-50-mm-12-%ce%bcm-640x512-15-mk-netd\/","title":{"rendered":"Nocpix Termalna Kamera VISTA H50R LRF"},"content":{"rendered":"<h2>Nocpix VISTA H50R &#8211; Termalna kamera s laserom za mjerenje udaljenosti<\/h2>\n<p>Nocpix VISTA H50R je termalna kamera s ugra\u0111enim laserom za mjerenje udaljenosti (LRF) dizajnirana za upotrebu danju i no\u0107u. Pru\u017ea izvrsnu kvalitetu slike \u010dak i u te\u0161kim vremenskim uvjetima poput magle, smoga i ki\u0161e, te mo\u017ee otkriti ciljeve kroz prepreke poput grana, visoke trave i gustog raslinja koji ina\u010de ometaju vidljivost.<\/p>\n<p>VISTA H50R je vrlo svestrana i pogodna za \u0161irok raspon primjena, uklju\u010duju\u0107i lov, sigurnost, nadzor, navigaciju terena te potragu i spa\u0161avanje. Napredna termalna tehnologija osigurava pouzdane performanse, pru\u017eaju\u0107i jasne slike i to\u010dna mjerenja u izazovnim okru\u017eenjima.<\/p>\n<h2>Specifikacije:<\/h2>\n<p>Rezolucija: 640 x 512<br \/>\nVeli\u010dina piksela: 12<br \/>\nNETD, mK: \u226415<br \/>\nBrzina sli\u010dica: 50<br \/>\nObjektiv: 50mm F0.9<br \/>\nVidno polje: 8.8 x 7.0<br \/>\nVidno polje (linearno): 15 x 12<br \/>\nPove\u0107anje: 4~40<br \/>\nDomet otkrivanja: 2600<br \/>\nUdaljenost od o\u010diju: 25<br \/>\nPromjer izlazne pupile: 8<br \/>\nDioptrija: -4 ~ +6<br \/>\nTip zaslona: AMOLED<br \/>\nRezolucija zaslona: 2560 x 2560<br \/>\nBaterija: Zamjenjiva litij-ionska baterija IBP-7 \/ 4400mAh<br \/>\nMaks. vrijeme rada: 5.5<br \/>\nDomet mjerenja: 1200<br \/>\nLaser: Klasa 1<br \/>\nWi-Fi\/Aplikacija: DA<br \/>\nMikrofon: DA<br \/>\nMemorijski kapacitet: 64GB<br \/>\nIP ocjena: IP67<br \/>\nMaks. radna temperatura: -20 ~ +50<br \/>\nTe\u017eina (unci): 22.93<br \/>\nTe\u017eina (g): 650<br \/>\nDimenzije (in\u010di): 7.64 x 2.76 x 3.23<br \/>\nDimenzije (mm): 194 x 70 x 82<\/p>\n<p>Detektor 640\u00d7512 12\u03bcm<br \/>\nNETD\u226415mK<br \/>\nBrzina sli\u010dica 60Hz<br \/>\nObjektiv F0.9<br \/>\nAMOLED zaslon 2560\u00d72560 kru\u017eni<br \/>\nZamjenjiva punjiva baterija IBP-7<br \/>\nGlatko digitalno zumiranje: 1\u00d7~8\u00d7<br \/>\nMod ultra \u010disto\u0107e<br \/>\nZa\u0161tita o\u010diju s niskom svjetlinom, paletom boja i toplim nijansama<br \/>\nElektroni\u010dka stabilizacija slike<\/p>\n","protected":false},"excerpt":{"rendered":"<p>Nocpix VISTA H50R je 640&#215;512 12um termalna kamera s \u226415mK NETD, 50mm F0.9 objektivom i ugra\u0111enim laserskim daljinomjerom, za lov, sigurnost i vi\u0161e.<\/p>\n<p>Ako artikl nije dostupan, molimo vas da nas kontaktirate: shop@nbg.eu ili +359896147790<\/p>\n","protected":false},"featured_media":673613,"template":"","meta":{"_acf_changed":false},"product_brand":[14446],"product_cat":[13540,16062],"product_tag":[],"class_list":{"0":"post-673419","1":"product","2":"type-product","3":"status-publish","4":"has-post-thumbnail","6":"product_brand-nocpix","7":"product_cat-termovizija","8":"product_cat-thermal-cameras-hr","10":"first","11":"instock","12":"taxable","13":"shipping-taxable","14":"purchasable","15":"product-type-simple"},"acf":[],"_links":{"self":[{"href":"https:\/\/nbg.eu\/hr\/wp-json\/wp\/v2\/product\/673419","targetHints":{"allow":["GET"]}}],"collection":[{"href":"https:\/\/nbg.eu\/hr\/wp-json\/wp\/v2\/product"}],"about":[{"href":"https:\/\/nbg.eu\/hr\/wp-json\/wp\/v2\/types\/product"}],"wp:featuredmedia":[{"embeddable":true,"href":"https:\/\/nbg.eu\/hr\/wp-json\/wp\/v2\/media\/673613"}],"wp:attachment":[{"href":"https:\/\/nbg.eu\/hr\/wp-json\/wp\/v2\/media?parent=673419"}],"wp:term":[{"taxonomy":"product_brand","embeddable":true,"href":"https:\/\/nbg.eu\/hr\/wp-json\/wp\/v2\/product_brand?post=673419"},{"taxonomy":"product_cat","embeddable":true,"href":"https:\/\/nbg.eu\/hr\/wp-json\/wp\/v2\/product_cat?post=673419"},{"taxonomy":"product_tag","embeddable":true,"href":"https:\/\/nbg.eu\/hr\/wp-json\/wp\/v2\/product_tag?post=673419"}],"curies":[{"name":"wp","href":"https:\/\/api.w.org\/{rel}","templated":true}]}}