{"id":673803,"date":"2025-11-17T17:24:57","date_gmt":"2025-11-17T14:24:57","guid":{"rendered":"https:\/\/nbg.eu\/product\/termalna-kamera-nocpix-vista-h35r-s-lrf-35mm-12um-640x512-15mk-net\/"},"modified":"2026-04-14T15:45:32","modified_gmt":"2026-04-14T12:45:32","slug":"termalna-kamera-nocpix-vista-h35r-s-lrf-35mm-12um-640x512-15mk-net","status":"publish","type":"product","link":"https:\/\/nbg.eu\/hr\/proizvod\/termalna-kamera-nocpix-vista-h35r-s-lrf-35mm-12um-640x512-15mk-net\/","title":{"rendered":"Nocpix Termalna Kamera VISTA H35R LRF"},"content":{"rendered":"<h2>Nocpix VISTA H35R termalni monokulni s laserom za mjerenje udaljenosti<\/h2>\n<p>Nocpix VISTA H35R je vi\u0161enamjenski termalni monokulni opremljen ugra\u0111enim laserom za mjerenje udaljenosti, dizajniran za pouzdanu upotrebu danju i no\u0107u. Ovaj napredni ure\u0111aj nudi iznimne performanse termalne slike, pru\u017eaju\u0107i jasne i detaljne vizuale \u010dak i u izazovnim vremenskim uvjetima poput magle, smoga i ki\u0161e. U stanju je otkriti mete kroz prepreke poput grana, visokih trava i gu\u0161tika, osiguravaju\u0107i u\u010dinkovit rad u okru\u017eenjima gdje tradicionalna optika nije dovoljna.<\/p>\n<p>Idealan za \u0161irok raspon primjena, VISTA H35R je savr\u0161en za lov, nadzor, sigurnost, navigaciju terena i misije potrage i spa\u0161avanja. Zahvaljuju\u0107i najsuvremenijoj tehnologiji i izdr\u017eljivoj konstrukciji, VISTA H35R jam\u010di precizno otkrivanje i mjerenje u najte\u017eim uvjetima.<\/p>\n<h2>Specifikacije<\/h2>\n<p>Rezolucija: 640 x 512<br \/>\nVeli\u010dina piksela: 12<br \/>\nNETD, mK: \u226415<br \/>\nBrzina sli\u010dica: 50<br \/>\nObjektiv: 35mm F0.9<br \/>\nVidno polje: 12,5 x 10,0<br \/>\nVidno polje (linearno): 22 x 18<br \/>\nPove\u0107anje: 3~28<br \/>\nDomet detekcije: 1800<br \/>\nUdaljenost od o\u010diju: 25<br \/>\nPromjer izlazne pupile: 8<br \/>\nDioptrija: -4 ~ +6<br \/>\nVrsta zaslona: AMOLED<br \/>\nRezolucija zaslona: 2560 x 2560<br \/>\nBaterija: Zamjenjiva litij-ionska baterija IBP-7 \/ 4400mAh<br \/>\nMaks. vrijeme rada: 5,5<br \/>\nDomet mjerenja: 1200<br \/>\nLaser: Klasa 1<br \/>\nWi-Fi\/App: DA<br \/>\nMIC: DA<br \/>\nKapacitet memorije: 64GB<br \/>\nIP ocjena: IP67<br \/>\nMaks. radna temperatura: -20 ~ +50<br \/>\nTe\u017eina (unce): 22,58<br \/>\nTe\u017eina (g): 640<br \/>\nDimenzije (in): 7,48 x 2,64 x 3,11<br \/>\nDimenzije (mm): 190 x 67 x 79<\/p>\n<h2>Zna\u010dajke<\/h2>\n<p>640\u00d7512 detektor od 12\u03bcm<br \/>\nNETD\u226415mK<br \/>\nBrzina sli\u010dica od 60Hz<br \/>\nF0.9 objektiv<br \/>\nAMOLED 2560\u00d72560 kru\u017eni zaslon<br \/>\nIBP-7 baterija koja se lako mijenja<br \/>\nGlatko digitalno zumiranje: 1\u00d7~8\u00d7<br \/>\nUltra \u010dist na\u010din rada<br \/>\nZa\u0161tita o\u010diju s niskim sjajem, paletom boja i toplom bojom<br \/>\nElektroni\u010dka stabilizacija slike<\/p>\n","protected":false},"excerpt":{"rendered":"<p>Termalna kamera Nocpix VISTA H35R s 35 mm 12\u03bcm 640&#215;512 &lt;15mk NET-om i LRF-om, za pouzdanu upotrebu danju\/no\u0107u u te\u0161kim uvjetima.<\/p>\n","protected":false},"featured_media":673870,"template":"","meta":{"_acf_changed":false},"product_brand":[14446],"product_cat":[13540,16062],"product_tag":[],"class_list":{"0":"post-673803","1":"product","2":"type-product","3":"status-publish","4":"has-post-thumbnail","6":"product_brand-nocpix","7":"product_cat-termovizija","8":"product_cat-thermal-cameras-hr","10":"first","11":"instock","12":"taxable","13":"shipping-taxable","14":"purchasable","15":"product-type-simple"},"acf":[],"_links":{"self":[{"href":"https:\/\/nbg.eu\/hr\/wp-json\/wp\/v2\/product\/673803","targetHints":{"allow":["GET"]}}],"collection":[{"href":"https:\/\/nbg.eu\/hr\/wp-json\/wp\/v2\/product"}],"about":[{"href":"https:\/\/nbg.eu\/hr\/wp-json\/wp\/v2\/types\/product"}],"wp:featuredmedia":[{"embeddable":true,"href":"https:\/\/nbg.eu\/hr\/wp-json\/wp\/v2\/media\/673870"}],"wp:attachment":[{"href":"https:\/\/nbg.eu\/hr\/wp-json\/wp\/v2\/media?parent=673803"}],"wp:term":[{"taxonomy":"product_brand","embeddable":true,"href":"https:\/\/nbg.eu\/hr\/wp-json\/wp\/v2\/product_brand?post=673803"},{"taxonomy":"product_cat","embeddable":true,"href":"https:\/\/nbg.eu\/hr\/wp-json\/wp\/v2\/product_cat?post=673803"},{"taxonomy":"product_tag","embeddable":true,"href":"https:\/\/nbg.eu\/hr\/wp-json\/wp\/v2\/product_tag?post=673803"}],"curies":[{"name":"wp","href":"https:\/\/api.w.org\/{rel}","templated":true}]}}