{"id":673984,"date":"2025-11-17T17:25:01","date_gmt":"2025-11-17T14:25:01","guid":{"rendered":"https:\/\/nbg.eu\/product\/toplinska-vizija-nocpix-slim-l35\/"},"modified":"2026-04-14T15:45:29","modified_gmt":"2026-04-14T12:45:29","slug":"toplinska-vizija-nocpix-slim-l35","status":"publish","type":"product","link":"https:\/\/nbg.eu\/hr\/proizvod\/toplinska-vizija-nocpix-slim-l35\/","title":{"rendered":"Nocpix Termalni Ni\u0161an Slim L35"},"content":{"rendered":"<h2>Termovizijska naprava Nocpix Slim L35: Neprema\u0161ene lova\u010dke performanse<\/h2>\n<p>Predstavljamo SLIM seriju dvogledu: 2-u-1 ru\u010dni MONOCULAR ili 3,5x (L35) dvogled. Odaberite izme\u0111u dvaju jezgara visokih performansi, u\u017eivajte u OLED zaslonu razlu\u010divosti 1024&#215;768 i koristite zamjenjivu bateriju 18650 za 10 sati napajanja. Snimajte svaki trenutak uz snimanje udaraca kako biste bili sigurni da ne propu\u0161tate nijedan kadar.<\/p>\n<p>Neometano se prebacujte s ru\u010dnog na opti\u010dko ciljanje bez potrebe za ponovnim nuliranjem zahvaljuju\u0107i 2-u-1 dizajnu s QD monta\u017eom. U\u017eivajte u ugodnom gledanju s 1024&#215;768 AMOLED zaslonom, novim dizajnom okular i udobnim promjerom izlazne pupile od 10 mm. Te\u017eine samo 500 g, ovaj ultra lagani dizajn \u010dini produ\u017eenu uporabu bezbri\u017enom, zadr\u017eavaju\u0107i vas agilnima na terenu.<\/p>\n<p>Glavne opcije visokih performansi &#8211; 384&#215;288@12\u03bcm ili 640&#215;512@12\u03bcm, NETD\u226418 mK pru\u017eaju neprekostivu kvalitetu slike, osiguravaju\u0107i da svaki detalj bude snimljen uz nevjerojatnu jasno\u0107u, bez obzira na uvjete lova. Uz dodatnu snagu Reality+ tehnologije, Slim posti\u017ee kvalitetu slike koja nadma\u0161uje druge marke s senzorima u istoj klasi.<\/p>\n<p>Nikada ne propustite pogodak zahvaljuju\u0107i RAV zna\u010dajci koja vam omogu\u0107uje ponovno pregled i dijeljenje va\u0161ih najuzbudljivijih lova\u010dkih trenutaka. Nastavite s lovom uz odvojivu, otpornu na niske temperature bateriju 18650 koja pru\u017ea do 8 sati pripravnosti, \u010dak i u ekstremnim uvjetima. S glavnim pove\u0107anjem od 3,5x, SLIM L35 je va\u0161 izbor za duga-doma\u0161na lovi\u0161ta, \u010dine\u0107i lov na kojote preciznijim i u\u010dinkovitijim.<\/p>\n","protected":false},"excerpt":{"rendered":"<p>SLIM serija teleskopa: 2 u 1 prijenosni MONOKULARAN ili 3.5x (L35) optika s 1024&#215;768 OLED, 18650 baterija, snimanje udara, termalni senzor i fleksibilnost brzog mijenjanja.<\/p>\n","protected":false},"featured_media":674163,"template":"","meta":{"_acf_changed":false},"product_brand":[14446],"product_cat":[16062],"product_tag":[],"class_list":{"0":"post-673984","1":"product","2":"type-product","3":"status-publish","4":"has-post-thumbnail","6":"product_brand-nocpix","7":"product_cat-thermal-cameras-hr","9":"first","10":"instock","11":"taxable","12":"shipping-taxable","13":"purchasable","14":"product-type-simple"},"acf":[],"_links":{"self":[{"href":"https:\/\/nbg.eu\/hr\/wp-json\/wp\/v2\/product\/673984","targetHints":{"allow":["GET"]}}],"collection":[{"href":"https:\/\/nbg.eu\/hr\/wp-json\/wp\/v2\/product"}],"about":[{"href":"https:\/\/nbg.eu\/hr\/wp-json\/wp\/v2\/types\/product"}],"wp:featuredmedia":[{"embeddable":true,"href":"https:\/\/nbg.eu\/hr\/wp-json\/wp\/v2\/media\/674163"}],"wp:attachment":[{"href":"https:\/\/nbg.eu\/hr\/wp-json\/wp\/v2\/media?parent=673984"}],"wp:term":[{"taxonomy":"product_brand","embeddable":true,"href":"https:\/\/nbg.eu\/hr\/wp-json\/wp\/v2\/product_brand?post=673984"},{"taxonomy":"product_cat","embeddable":true,"href":"https:\/\/nbg.eu\/hr\/wp-json\/wp\/v2\/product_cat?post=673984"},{"taxonomy":"product_tag","embeddable":true,"href":"https:\/\/nbg.eu\/hr\/wp-json\/wp\/v2\/product_tag?post=673984"}],"curies":[{"name":"wp","href":"https:\/\/api.w.org\/{rel}","templated":true}]}}