{"id":674770,"date":"2025-11-17T17:25:02","date_gmt":"2025-11-17T14:25:02","guid":{"rendered":"https:\/\/nbg.eu\/product\/thermal-sight-nocpix-slim-h35\/"},"modified":"2026-04-14T15:45:25","modified_gmt":"2026-04-14T12:45:25","slug":"thermal-sight-nocpix-slim-h35","status":"publish","type":"product","link":"https:\/\/nbg.eu\/hr\/proizvod\/thermal-sight-nocpix-slim-h35\/","title":{"rendered":"Nocpix Termalni Ni\u0161an Slim H35"},"content":{"rendered":"<h2>Toplinska vizija Nocpix Slim H35 &#8211; Ultralagani toplinski snima\u010d s nevjerojatnom kvalitetom slike<\/h2>\n<p>Predstavljamo rifleskop serije SLIM: 2-u-1 prijenosna MONOCULAR ili 3.5x (L35) skopa. Odaberite izme\u0111u dva visokokvalitetna objektiva, u\u017eivajte u OLED zaslonu razlu\u010divosti 1024&#215;768 i koristite zamjenjivu 18650 bateriju s autonomijom do 10 sati.<\/p>\n<p>U\u017eivajte u besprijekornom gledanju zahvaljuju\u0107i AMOLED zaslonu razlu\u010divosti 1024&#215;768, novom dizajnu okular i udobnom izlaznom promjeru od 10 mm.<\/p>\n<p>Ova ultralagana konstrukcija od samo 500g omogu\u0107uje nenaporan produ\u017eeni rad, odr\u017eavaju\u0107i va\u0161u pokretljivost na terenu.<\/p>\n<p>Opcije glavnog objektiva visoke u\u010dinkovitosti &#8211; 384\u00d7288@12\u03bcm ili 640\u00d7512@12\u03bcm, NETD\u226418 mK osiguravaju neprikosnovenu kvalitetu slike, bilje\u017ee\u0107i svaki detalj kristalno jasno, bez obzira na uvjete lova. Uz dodatnu snagu Reality+ tehnologije, Slim posti\u017ee kvalitetu slike koja nadma\u0161uje druge marke s osjetnicima iste klase.<\/p>\n<p>Nikad ne propustite hitac zahvaljuju\u0107i RAV zna\u010dajki koja vam omogu\u0107uje pregledavanje i dijeljenje va\u0161ih najuzbudljivijih trenutaka lova.<\/p>\n<p>Nastavite loviti s uklonjivom, niskotemperaturno otpornom 18650 baterijom koja nudi do 8 sati pripravnosti, \u010dak i u ekstremnim uvjetima. Ima i magnetski priklju\u010dak za punjenje za jednostavno punjenje, \u010dak i u potpunom mraku.<\/p>\n","protected":false},"excerpt":{"rendered":"<p>Termalni vizir Nocpix Slim H35: 2-u-1 monokularna\/3.5x optika s 1024&#215;768 OLED, baterija 18650, snimanje udara.<\/p>\n<p>Ako artikl nije dostupan, molimo Vas da nas kontaktirate: shop@nbg.eu ili +359896147790<\/p>\n","protected":false},"featured_media":675700,"template":"","meta":{"_acf_changed":false},"product_brand":[14446],"product_cat":[16062],"product_tag":[],"class_list":{"0":"post-674770","1":"product","2":"type-product","3":"status-publish","4":"has-post-thumbnail","6":"product_brand-nocpix","7":"product_cat-thermal-cameras-hr","9":"first","10":"instock","11":"taxable","12":"shipping-taxable","13":"purchasable","14":"product-type-simple"},"acf":[],"_links":{"self":[{"href":"https:\/\/nbg.eu\/hr\/wp-json\/wp\/v2\/product\/674770","targetHints":{"allow":["GET"]}}],"collection":[{"href":"https:\/\/nbg.eu\/hr\/wp-json\/wp\/v2\/product"}],"about":[{"href":"https:\/\/nbg.eu\/hr\/wp-json\/wp\/v2\/types\/product"}],"wp:featuredmedia":[{"embeddable":true,"href":"https:\/\/nbg.eu\/hr\/wp-json\/wp\/v2\/media\/675700"}],"wp:attachment":[{"href":"https:\/\/nbg.eu\/hr\/wp-json\/wp\/v2\/media?parent=674770"}],"wp:term":[{"taxonomy":"product_brand","embeddable":true,"href":"https:\/\/nbg.eu\/hr\/wp-json\/wp\/v2\/product_brand?post=674770"},{"taxonomy":"product_cat","embeddable":true,"href":"https:\/\/nbg.eu\/hr\/wp-json\/wp\/v2\/product_cat?post=674770"},{"taxonomy":"product_tag","embeddable":true,"href":"https:\/\/nbg.eu\/hr\/wp-json\/wp\/v2\/product_tag?post=674770"}],"curies":[{"name":"wp","href":"https:\/\/api.w.org\/{rel}","templated":true}]}}