{"id":676611,"date":"2025-11-17T17:25:14","date_gmt":"2025-11-17T14:25:14","guid":{"rendered":"https:\/\/nbg.eu\/product\/termalni-ciljnik-nocpix-rico-2-s75r\/"},"modified":"2026-04-14T15:45:21","modified_gmt":"2026-04-14T12:45:21","slug":"termalni-ciljnik-nocpix-rico-2-s75r","status":"publish","type":"product","link":"https:\/\/nbg.eu\/hr\/proizvod\/termalni-ciljnik-nocpix-rico-2-s75r\/","title":{"rendered":"Nocpix Termalni Ni\u0161an Rico 2 S75R"},"content":{"rendered":"<h2>Nocpix Rico 2 S75R: Savr\u0161enstvo dugog dometa snajperskog ga\u0111anja<\/h2>\n<p>Serija termovizijskih opti\u010dkih ni\u0161ana Nocpix RICO 2 S75R dizajnirana je za lovce koji tra\u017ee najbolju jasno\u0107u, domet i udobnost. Osmi\u0161ljena s vode\u0107im u industriji toplinskim senzorom i visokom frekvencijom slike, pru\u017ea iznimno kvalitetnu sliku koja olak\u0161ava identifikaciju i pra\u0107enje ciljeva. Njegov dugi \u017eari\u0161ni otvor i ugra\u0111eni LRF omogu\u0107uju precizno mjerenje udaljenih ciljeva, dok napredni opti\u010dki dizajn pru\u017ea neometano iskustvo gledanja bez izobli\u010denja. Zahvaljuju\u0107i beskona\u010dnoj ru\u010dici za pove\u0107anje i iznimnom odmaku oka, serija Nocpix RICO 2 S75R lovcima omogu\u0107uje bezbri\u017eno pode\u0161avanje pove\u0107anja i udobno kori\u0161tenje tijekom dugotrajnih lova. Inovativne tehnologije i dizajn usmjeren na korisnika \u010dine seriju Nocpix RICO 2 S75R zaista sposobnom za lov izvan granica mogu\u0107eg.<\/p>\n<h2>Vrhunske performanse<\/h2>\n<p>Koristite prednosti premium senzora druge generacije od 12\u03bcm@60Hz, s NETD \u226415mK, za slike o\u0161tre kao britva, visokog kontrasta i pobolj\u0161anu identifikaciju ciljeva. Nocpix RICO 2 S75R opremljen je objektivima ve\u0107eg promjera (75 mm\/F1,0, 50 mm\/F1,0, 42 mm\/F1,0) \u0161to pobolj\u0161ava sposobnost prikupljanja svjetla za izvanrednu jasno\u0107u slike i produ\u017eeni domet otkrivanja. Serija RICO 2 omogu\u0107uje vam fine prilagodbe pove\u0107anja bez stupnjeva pomo\u0107u ru\u010dice za kontinuirano pove\u0107anje u stilu LPVO, omogu\u0107uju\u0107i brze i bezbri\u017ene prilagodbe za sigurno anga\u017eiranje ciljeva na bilo kojoj udaljenosti s precizno\u0161\u0107u. Serija RICO 2 hvali se impresivnim doma\u0161ajem otkrivanja do 3896 m, pru\u017eaju\u0107i vam zna\u010dajnu prednost u duga dometa lovne i precizne ciljane aktivnosti.<\/p>\n<h2>Fleksibilno i precizno ciljanje<\/h2>\n<p>Nocpix RICO 2 S75R opremljen je integriranim LRF-om, koji nudi lasersko otkrivanje na udaljenostima do 1200 m s pravim opti\u010dkim poravnanjem osi, osiguravaju\u0107i precizna mjerenja udaljenosti uz zadr\u017eavanje elegantan dizajn. Pojednostavnite postavljanje cilja uz automatske balistike prora\u010dune, koriste\u0107i integrirani LRF za bezbri\u017eno postizanje preciznih pogodaka na velikim udaljenostima.<\/p>\n<h2>Izuzetno jasno i ugodno gledanje<\/h2>\n<p>1,03&#8243; OLED zaslon razlu\u010divosti 2560\u00d72560 (S75R), li\u0161en izobli\u010denja okular, odmak oka od 70 mm i izlazna pupila od 23 mm osiguravaju o\u0161tar i udoban pogled tijekom dugih sesija. Model S75R opremljen je nezapam\u0107enim odmakom oka od 70 mm, \u0161to pru\u017ea maksimalnu udobnost za dugotrajnu upotrebu bez naprezanja o\u010diju i osigurava sigurnost oka.<\/p>\n","protected":false},"excerpt":{"rendered":"<p>Vrhunski senzor druge generacije 1280\u00d71024, fleksibilna i precizna integrirana laserska mjerna jedinica, izuzetno jasno i ugodno gledanje, sigurnost i ugodno olak\u0161anje za o\u010di. Nocpix Rico 2 S75R &#8211; Stru\u010dnjak za daljinsko pucanje.<\/p>\n","protected":false},"featured_media":676818,"template":"","meta":{"_acf_changed":false},"product_brand":[14446],"product_cat":[16062],"product_tag":[],"class_list":{"0":"post-676611","1":"product","2":"type-product","3":"status-publish","4":"has-post-thumbnail","6":"product_brand-nocpix","7":"product_cat-thermal-cameras-hr","9":"first","10":"instock","11":"taxable","12":"shipping-taxable","13":"purchasable","14":"product-type-simple"},"acf":[],"_links":{"self":[{"href":"https:\/\/nbg.eu\/hr\/wp-json\/wp\/v2\/product\/676611","targetHints":{"allow":["GET"]}}],"collection":[{"href":"https:\/\/nbg.eu\/hr\/wp-json\/wp\/v2\/product"}],"about":[{"href":"https:\/\/nbg.eu\/hr\/wp-json\/wp\/v2\/types\/product"}],"wp:featuredmedia":[{"embeddable":true,"href":"https:\/\/nbg.eu\/hr\/wp-json\/wp\/v2\/media\/676818"}],"wp:attachment":[{"href":"https:\/\/nbg.eu\/hr\/wp-json\/wp\/v2\/media?parent=676611"}],"wp:term":[{"taxonomy":"product_brand","embeddable":true,"href":"https:\/\/nbg.eu\/hr\/wp-json\/wp\/v2\/product_brand?post=676611"},{"taxonomy":"product_cat","embeddable":true,"href":"https:\/\/nbg.eu\/hr\/wp-json\/wp\/v2\/product_cat?post=676611"},{"taxonomy":"product_tag","embeddable":true,"href":"https:\/\/nbg.eu\/hr\/wp-json\/wp\/v2\/product_tag?post=676611"}],"curies":[{"name":"wp","href":"https:\/\/api.w.org\/{rel}","templated":true}]}}