{"id":676846,"date":"2025-11-17T17:25:15","date_gmt":"2025-11-17T14:25:15","guid":{"rendered":"https:\/\/nbg.eu\/product\/termovizijski-nisan-nocpix-rico-2-h75r\/"},"modified":"2026-04-14T15:45:17","modified_gmt":"2026-04-14T12:45:17","slug":"termovizijski-nisan-nocpix-rico-2-h75r","status":"publish","type":"product","link":"https:\/\/nbg.eu\/hr\/proizvod\/termovizijski-nisan-nocpix-rico-2-h75r\/","title":{"rendered":"Nocpix Termalni Ni\u0161an Rico 2 H75R"},"content":{"rendered":"<h2>Nocpix Rico 2 H75R: Savr\u0161enstvo u daljinskom ciljanju<\/h2>\n<p>Serija termovizijskih ciljnika Nocpix RICO 2 H75R osmi\u0161ljena je za lovce koji tra\u017ee najbolju jasno\u0107u, domet i udobnost. S vode\u0107im termalnim senzorom u industriji i visokom frekvencijom sli\u010dica, pru\u017ea izuzetno kvalitetnu sliku koja olak\u0161ava identifikaciju i pra\u0107enje ciljeva. Njegov duga\u010dka \u017eari\u0161na duljina i ugra\u0111eni LRF omogu\u0107uju precizno mjerenje udaljenih ciljeva, dok napredni opti\u010dki dizajn pru\u017ea ugodno iskustvo gledanja bez izobli\u010denja. S beskona\u010dnim zumom i izvrsnim odmakom oka, serija Nocpix RICO 2 H75R omogu\u0107uje lovcima da jednostavno prilagode pove\u0107anje i osje\u0107aju se ugodno tijekom dugotrajnog lova. Inovativne tehnologije i dizajn usmjeren na korisnika \u010dine seriju Nocpix RICO 2 H75R vrhuncem performansi u daljinskom lovu.<\/p>\n<h2>Vrhunska termalna slika<\/h2>\n<p>Iskoristite premium senzor druge generacije od 640@12\u03bcm@60Hz, s NETD \u226415mK, za o\u0161tre, visokokontrastne slike i pobolj\u0161anu identifikaciju ciljeva.<\/p>\n<h2>Pobolj\u0161ana jasno\u0107a s ve\u0107im le\u0107ama<\/h2>\n<p>Nocpix RICO 2 H75R opremljen je ve\u0107im prednjim le\u0107ama (75 mm\/F1.0, 50 mm\/F1.0, 42 mm\/F1.0), pru\u017eaju\u0107i bolje prikupljanje svjetla za iznimnu jasno\u0107u slike i produ\u017eeni domet detekcije.<\/p>\n<h2>Jednostavno prilago\u0111avanje pove\u0107anja<\/h2>\n<p>RICO 2 serija vam omogu\u0107uje da finu prilagodite pove\u0107anje besprijekorno s beskona\u010dnim LPVO-stilskim polugom za zumiranje, pru\u017eaju\u0107i brze i jednostavne prilagodbe za precizno anga\u017eiranje ciljeva na svakoj udaljenosti.<\/p>\n<h2>Stvoreno za daljinski lov<\/h2>\n<p>RICO 2 serija ima impresivan domet detekcije do 3896 m, \u0161to vam daje zna\u010dajnu prednost u daljinskom lovu i preciznom ga\u0111anju.<\/p>\n<h2>Fleksibilni i precizni integrirani LRF<\/h2>\n<p>Nocpix RICO 2 H75R opremljen je integriranim LRF-om, koji nudi lasersku detekciju na udaljenosti do 1200 m s pravim poravnanjem opti\u010dke osi, osiguravaju\u0107i precizna mjerenja udaljenosti uz zadr\u017eavanje skladnog i elegantnog dizajna.<\/p>\n<h2>Pojednostavljena balisti\u010dka izra\u010dunavanja<\/h2>\n<p>Pojednostavite smje\u0161taj svojeg pogotka s automatskim balisti\u010dkim prora\u010dunima, koriste\u0107i integrirani LRF za jednostavno postizanje preciznih pogodaka na velikim udaljenostima.<\/p>\n<h2>Iznimno jasno i ugodno gledanje<\/h2>\n<p>OLED zaslon od 1,03&#8243; 2560\u00d72560 (S75R), o\u010dnica bez izobli\u010denja, odmak oka od 70 mm i izlazna pupila od 23 mm pru\u017eaju o\u0161tar i ugodan prikaz za dugotrajnu upotrebu.<\/p>\n<h2>Sigurnost i udobnost<\/h2>\n<p>Model H75R opremljen je bez presedana odmakom oka od 70 mm, \u0161to pru\u017ea maksimalnu udobnost za dugotrajnu upotrebu bez naprezanja oka i osigurava sigurnost oka.<\/p>\n","protected":false},"excerpt":{"rendered":"<p>Nocpix Rico 2 H75R &#8211; Stru\u010dnjak za daljinsko ga\u0111anje s osjetilom od 640&#215;512, 60Hz, integriranim LRF-om i kontinuiranim zumom.<\/p>\n<p>Ako artikl nije dostupan, molimo kontaktirajte nas: shop@nbg.eu ili +359896147790<\/p>\n","protected":false},"featured_media":676872,"template":"","meta":{"_acf_changed":false},"product_brand":[14446],"product_cat":[16062],"product_tag":[],"class_list":{"0":"post-676846","1":"product","2":"type-product","3":"status-publish","4":"has-post-thumbnail","6":"product_brand-nocpix","7":"product_cat-thermal-cameras-hr","9":"first","10":"instock","11":"taxable","12":"shipping-taxable","13":"purchasable","14":"product-type-simple"},"acf":[],"_links":{"self":[{"href":"https:\/\/nbg.eu\/hr\/wp-json\/wp\/v2\/product\/676846","targetHints":{"allow":["GET"]}}],"collection":[{"href":"https:\/\/nbg.eu\/hr\/wp-json\/wp\/v2\/product"}],"about":[{"href":"https:\/\/nbg.eu\/hr\/wp-json\/wp\/v2\/types\/product"}],"wp:featuredmedia":[{"embeddable":true,"href":"https:\/\/nbg.eu\/hr\/wp-json\/wp\/v2\/media\/676872"}],"wp:attachment":[{"href":"https:\/\/nbg.eu\/hr\/wp-json\/wp\/v2\/media?parent=676846"}],"wp:term":[{"taxonomy":"product_brand","embeddable":true,"href":"https:\/\/nbg.eu\/hr\/wp-json\/wp\/v2\/product_brand?post=676846"},{"taxonomy":"product_cat","embeddable":true,"href":"https:\/\/nbg.eu\/hr\/wp-json\/wp\/v2\/product_cat?post=676846"},{"taxonomy":"product_tag","embeddable":true,"href":"https:\/\/nbg.eu\/hr\/wp-json\/wp\/v2\/product_tag?post=676846"}],"curies":[{"name":"wp","href":"https:\/\/api.w.org\/{rel}","templated":true}]}}